{"id":998,"date":"2014-07-02T09:30:16","date_gmt":"2014-07-02T13:30:16","guid":{"rendered":"http:\/\/cleo-onca.fantomdesign.net\/?page_id=998"},"modified":"2020-05-06T22:44:31","modified_gmt":"2020-05-07T02:44:31","slug":"contactez-nous","status":"publish","type":"page","link":"https:\/\/nonprofitlaw.cleo.on.ca\/fr\/a-propos\/contactez-nous\/","title":{"rendered":"Contactez-nous"},"content":{"rendered":"<p><span style=\"color: #4a4a4a;\">Faites-nous part de vos observations concernant notre site web ou nos publications ou ressources.<\/span><\/p>\n<p><span class=\"asterix\">*<\/span>\u00a0indique un champ obligatoire<\/p>\n\n<div class=\"wpcf7 no-js\" id=\"wpcf7-f997-o1\" lang=\"en-US\" dir=\"ltr\">\n<div class=\"screen-reader-response\"><p role=\"status\" aria-live=\"polite\" aria-atomic=\"true\"><\/p> <ul><\/ul><\/div>\n<form action=\"\/fr\/wp-json\/wp\/v2\/pages\/998#wpcf7-f997-o1\" method=\"post\" class=\"wpcf7-form init\" aria-label=\"Contact form\" novalidate=\"novalidate\" data-status=\"init\">\n<div style=\"display: none;\">\n<input type=\"hidden\" name=\"_wpcf7\" value=\"997\" \/>\n<input type=\"hidden\" name=\"_wpcf7_version\" value=\"5.8\" \/>\n<input type=\"hidden\" name=\"_wpcf7_locale\" value=\"en_US\" \/>\n<input type=\"hidden\" name=\"_wpcf7_unit_tag\" value=\"wpcf7-f997-o1\" \/>\n<input type=\"hidden\" name=\"_wpcf7_container_post\" value=\"0\" \/>\n<input type=\"hidden\" name=\"_wpcf7_posted_data_hash\" value=\"\" \/>\n<input type=\"hidden\" name=\"_wpcf7_recaptcha_response\" value=\"\" \/>\n<\/div>\n<div class=\"field-wrap\">\n\t<p>Nom<br \/>\n<span class=\"wpcf7-form-control-wrap\" data-name=\"your-name\"><input size=\"40\" class=\"wpcf7-form-control wpcf7-text\" aria-invalid=\"false\" value=\"\" type=\"text\" name=\"your-name\" \/><\/span>\n\t<\/p>\n<\/div>\n<div class=\"field-wrap\">\n\t<p><label>Organisation<br \/>\n<span class=\"wpcf7-form-control-wrap\" data-name=\"organization\"><input size=\"40\" class=\"wpcf7-form-control wpcf7-text\" aria-invalid=\"false\" value=\"\" type=\"text\" name=\"organization\" \/><\/span> <\/label>\n\t<\/p>\n<\/div>\n<div class=\"field-wrap\">\n\t<p><label>Courriel<span class=\"asterix\">*<\/span><br \/>\n<span class=\"wpcf7-form-control-wrap\" data-name=\"your-email\"><input size=\"40\" class=\"wpcf7-form-control wpcf7-email wpcf7-validates-as-required wpcf7-text wpcf7-validates-as-email\" aria-required=\"true\" aria-invalid=\"false\" value=\"\" type=\"email\" name=\"your-email\" \/><\/span> <\/label>\n\t<\/p>\n<\/div>\n<div class=\"field-wrap\">\n\t<p><label>T\u00e9l\u00e9phone<br \/>\n<span class=\"wpcf7-form-control-wrap\" data-name=\"telephone\"><input size=\"40\" class=\"wpcf7-form-control wpcf7-text\" aria-invalid=\"false\" value=\"\" type=\"text\" name=\"telephone\" \/><\/span> <\/label>\n\t<\/p>\n<\/div>\n<div class=\"field-wrap\">\n\t<p><label>T\u00e9l\u00e9copieur<br \/>\n<span class=\"wpcf7-form-control-wrap\" data-name=\"fax\"><input size=\"40\" class=\"wpcf7-form-control wpcf7-text\" aria-invalid=\"false\" value=\"\" type=\"text\" name=\"fax\" \/><\/span> <\/label>\n\t<\/p>\n<\/div>\n<div class=\"field-wrap\">\n\t<p><label>Veuillez inscrire votre message dans l\u2019espace ci-dessous<span class=\"asterix\">*<\/span><br \/>\n<span class=\"wpcf7-form-control-wrap\" data-name=\"your-message\"><textarea cols=\"40\" rows=\"10\" class=\"wpcf7-form-control wpcf7-textarea wpcf7-validates-as-required\" aria-required=\"true\" aria-invalid=\"false\" name=\"your-message\"><\/textarea><\/span> <\/label>\n\t<\/p>\n<\/div>\n<p><input class=\"wpcf7-form-control wpcf7-submit has-spinner btn\" type=\"submit\" value=\"Envoyer votre message\" \/>\n<\/p><div class=\"wpcf7-response-output\" aria-hidden=\"true\"><\/div>\n<\/form>\n<\/div>\n\n<h2><strong>D\u2019autres fa\u00e7ons de rester en contact avec CLEO<\/strong><\/h2>\n<p>Voici d\u2019autres possibilit\u00e9s de nous suivre\u00a0:<\/p>\n<ul>\n<li>Les mises \u00e0 jour de CLEO vous donnent des nouvelles sur les ressources de CLEO en mati\u00e8re d\u2019information juridique, sur les nouveaux contenus des sites web Justice pas-\u00e0-pas et <em>Steps to Justice<\/em>, ainsi que sur le bulletin juridique mensuel <em>On the Radar<\/em>.<\/li>\n<li>Les mises \u00e0 jour de <em>CLEO Connect<\/em> comprennent de l\u2019information, des outils et des ressources que les travailleuses et travailleurs communautaires peuvent utiliser pour aider leur client\u00e8le aux prises avec des probl\u00e8mes juridiques. Elles comprennent notamment l\u2019acc\u00e8s aux ressources d\u2019information juridique les plus r\u00e9centes et aux webinaires de formation ajout\u00e9s au site\u00a0<em>Your Legal Rights<\/em>.<\/li>\n<\/ul>\n<p>Pour voir les derni\u00e8res mises \u00e0 jour, consultez <a href=\"https:\/\/us4.campaign-archive.com\/home\/?u=acaece29df8d07c95ef84a763&amp;id=d3ebfd2663\">CLEO updates archive<\/a>.<\/p>\n<p>Pour vous abonner, rendez-vous \u00e0 <a href=\"https:\/\/www.cleo.on.ca\/fr\/abonnez-vous-aux-courriels-de-cleo\">Abonnez-vous aux courriels de CLEO<\/a>.<\/p>\n<p>Les bulletins \u00e9lectroniques sont r\u00e9dig\u00e9s uniquement en anglais.<\/p>\n","protected":false},"excerpt":{"rendered":"<p>Faites-nous part de vos observations concernant notre site web ou nos publications ou ressources.<br \/>\n*\u00a0indique un champ obligatoire<br \/>\nD\u2019autres fa\u00e7ons de rester en contact avec CLEO<br \/>\nVoici d\u2019autres possibilit\u00e9s de nous suivre\u00a0:<\/p>\n<p>Les mises \u00e0 jour de CLEO vous donnent des nouvelles sur les ressources de CLEO en mati\u00e8re d\u2019information juridique,<\/p>\n","protected":false},"author":12,"featured_media":2204,"parent":1036,"menu_order":0,"comment_status":"closed","ping_status":"closed","template":"template-subscribe.php","meta":{"_cbd_carousel_blocks":"[]","footnotes":""},"yoast_head":"<!-- This site is optimized with the Yoast SEO plugin v21.0 - https:\/\/yoast.com\/wordpress\/plugins\/seo\/ -->\n<title>Contactez-nous - Nonprofit Law Ontario<\/title>\n<meta name=\"robots\" content=\"index, follow, max-snippet:-1, max-image-preview:large, max-video-preview:-1\" \/>\n<link rel=\"canonical\" href=\"https:\/\/nonprofitlaw.cleo.on.ca\/fr\/a-propos\/contactez-nous\/\" \/>\n<meta property=\"og:locale\" content=\"fr_FR\" \/>\n<meta property=\"og:type\" content=\"article\" \/>\n<meta property=\"og:title\" content=\"Contactez-nous - Nonprofit Law Ontario\" \/>\n<meta property=\"og:description\" content=\"Faites-nous part de vos observations concernant notre site web ou nos publications ou ressources. *\u00a0indique un champ obligatoire D\u2019autres fa\u00e7ons de rester en contact avec CLEO Voici d\u2019autres possibilit\u00e9s de nous suivre\u00a0: Les mises \u00e0 jour de CLEO vous donnent des nouvelles sur les ressources de CLEO en mati\u00e8re d\u2019information juridique,\" \/>\n<meta property=\"og:url\" content=\"https:\/\/nonprofitlaw.cleo.on.ca\/fr\/a-propos\/contactez-nous\/\" \/>\n<meta property=\"og:site_name\" content=\"Nonprofit Law Ontario\" \/>\n<meta property=\"article:modified_time\" content=\"2020-05-07T02:44:31+00:00\" \/>\n<meta property=\"og:image\" content=\"https:\/\/nonprofitlaw.cleo.on.ca\/wp-content\/uploads\/2014\/07\/footer-logo-fr.png\" \/>\n\t<meta property=\"og:image:width\" content=\"82\" \/>\n\t<meta property=\"og:image:height\" content=\"83\" \/>\n\t<meta property=\"og:image:type\" content=\"image\/png\" \/>\n<meta name=\"twitter:label1\" content=\"Dur\u00e9e de lecture estim\u00e9e\" \/>\n\t<meta name=\"twitter:data1\" content=\"1 minute\" \/>\n<script type=\"application\/ld+json\" class=\"yoast-schema-graph\">{\"@context\":\"https:\/\/schema.org\",\"@graph\":[{\"@type\":\"WebPage\",\"@id\":\"https:\/\/nonprofitlaw.cleo.on.ca\/fr\/a-propos\/contactez-nous\/\",\"url\":\"https:\/\/nonprofitlaw.cleo.on.ca\/fr\/a-propos\/contactez-nous\/\",\"name\":\"Contactez-nous - Nonprofit Law Ontario\",\"isPartOf\":{\"@id\":\"https:\/\/nonprofitlaw.cleo.on.ca\/#website\"},\"datePublished\":\"2014-07-02T13:30:16+00:00\",\"dateModified\":\"2020-05-07T02:44:31+00:00\",\"breadcrumb\":{\"@id\":\"https:\/\/nonprofitlaw.cleo.on.ca\/fr\/a-propos\/contactez-nous\/#breadcrumb\"},\"inLanguage\":\"fr-FR\",\"potentialAction\":[{\"@type\":\"ReadAction\",\"target\":[\"https:\/\/nonprofitlaw.cleo.on.ca\/fr\/a-propos\/contactez-nous\/\"]}]},{\"@type\":\"BreadcrumbList\",\"@id\":\"https:\/\/nonprofitlaw.cleo.on.ca\/fr\/a-propos\/contactez-nous\/#breadcrumb\",\"itemListElement\":[{\"@type\":\"ListItem\",\"position\":1,\"name\":\"Home\",\"item\":\"https:\/\/nonprofitlaw.cleo.on.ca\/fr\/\"},{\"@type\":\"ListItem\",\"position\":2,\"name\":\"\u00c0 Propos\",\"item\":\"https:\/\/nonprofitlaw.cleo.on.ca\/fr\/a-propos\/\"},{\"@type\":\"ListItem\",\"position\":3,\"name\":\"Contactez-nous\"}]},{\"@type\":\"WebSite\",\"@id\":\"https:\/\/nonprofitlaw.cleo.on.ca\/#website\",\"url\":\"https:\/\/nonprofitlaw.cleo.on.ca\/\",\"name\":\"Nonprofit Law Ontario\",\"description\":\"Rules and tools for organizations\",\"potentialAction\":[{\"@type\":\"SearchAction\",\"target\":{\"@type\":\"EntryPoint\",\"urlTemplate\":\"https:\/\/nonprofitlaw.cleo.on.ca\/?s={search_term_string}\"},\"query-input\":\"required name=search_term_string\"}],\"inLanguage\":\"fr-FR\"}]}<\/script>\n<!-- \/ Yoast SEO plugin. -->","yoast_head_json":{"title":"Contactez-nous - Nonprofit Law Ontario","robots":{"index":"index","follow":"follow","max-snippet":"max-snippet:-1","max-image-preview":"max-image-preview:large","max-video-preview":"max-video-preview:-1"},"canonical":"https:\/\/nonprofitlaw.cleo.on.ca\/fr\/a-propos\/contactez-nous\/","og_locale":"fr_FR","og_type":"article","og_title":"Contactez-nous - Nonprofit Law Ontario","og_description":"Faites-nous part de vos observations concernant notre site web ou nos publications ou ressources. *\u00a0indique un champ obligatoire D\u2019autres fa\u00e7ons de rester en contact avec CLEO Voici d\u2019autres possibilit\u00e9s de nous suivre\u00a0: Les mises \u00e0 jour de CLEO vous donnent des nouvelles sur les ressources de CLEO en mati\u00e8re d\u2019information juridique,","og_url":"https:\/\/nonprofitlaw.cleo.on.ca\/fr\/a-propos\/contactez-nous\/","og_site_name":"Nonprofit Law Ontario","article_modified_time":"2020-05-07T02:44:31+00:00","og_image":[{"width":82,"height":83,"url":"https:\/\/nonprofitlaw.cleo.on.ca\/wp-content\/uploads\/2014\/07\/footer-logo-fr.png","type":"image\/png"}],"twitter_misc":{"Dur\u00e9e de lecture estim\u00e9e":"1 minute"},"schema":{"@context":"https:\/\/schema.org","@graph":[{"@type":"WebPage","@id":"https:\/\/nonprofitlaw.cleo.on.ca\/fr\/a-propos\/contactez-nous\/","url":"https:\/\/nonprofitlaw.cleo.on.ca\/fr\/a-propos\/contactez-nous\/","name":"Contactez-nous - Nonprofit Law Ontario","isPartOf":{"@id":"https:\/\/nonprofitlaw.cleo.on.ca\/#website"},"datePublished":"2014-07-02T13:30:16+00:00","dateModified":"2020-05-07T02:44:31+00:00","breadcrumb":{"@id":"https:\/\/nonprofitlaw.cleo.on.ca\/fr\/a-propos\/contactez-nous\/#breadcrumb"},"inLanguage":"fr-FR","potentialAction":[{"@type":"ReadAction","target":["https:\/\/nonprofitlaw.cleo.on.ca\/fr\/a-propos\/contactez-nous\/"]}]},{"@type":"BreadcrumbList","@id":"https:\/\/nonprofitlaw.cleo.on.ca\/fr\/a-propos\/contactez-nous\/#breadcrumb","itemListElement":[{"@type":"ListItem","position":1,"name":"Home","item":"https:\/\/nonprofitlaw.cleo.on.ca\/fr\/"},{"@type":"ListItem","position":2,"name":"\u00c0 Propos","item":"https:\/\/nonprofitlaw.cleo.on.ca\/fr\/a-propos\/"},{"@type":"ListItem","position":3,"name":"Contactez-nous"}]},{"@type":"WebSite","@id":"https:\/\/nonprofitlaw.cleo.on.ca\/#website","url":"https:\/\/nonprofitlaw.cleo.on.ca\/","name":"Nonprofit Law Ontario","description":"Rules and tools for organizations","potentialAction":[{"@type":"SearchAction","target":{"@type":"EntryPoint","urlTemplate":"https:\/\/nonprofitlaw.cleo.on.ca\/?s={search_term_string}"},"query-input":"required name=search_term_string"}],"inLanguage":"fr-FR"}]}},"meta_box":{"page_show_banner":"0","page_banner_type":"banner","page_banner_title":"","page_banner_title_color":"","page_banner_description":"","page_banner_image":[],"research_exclude_taxonomies":"","research_filter_form":"","research_results_style":"","research_posts_per_page":"","contact_page_template_layout":"","contact_shortcode":"","contact_address":"","contact_address_details":"","contact_map":{"latitude":"","longitude":"","zoom":""},"remove_map":"","contact_company_name":"","contact_company_phones":[],"contact_company_email":"","contact_textarea":"","contact_other_text_block":"","contact_other_locations_show":"","contact_other_locations_title":"","contact_other_locations_type":"","contact_other_locations":[],"contact_gmaps_zoom_control":"","contact_gmaps_map_type_control":"","contact_gmaps_scaleControl":"","contact_gmaps_streetViewControl":"","contact_gmaps_rotateControl":"","contact_gmaps_fullscreenControl":"","location_gmaps_zoom_control":"","location_gmaps_map_type_control":"","location_gmaps_scaleControl":"","location_gmaps_streetViewControl":"","location_gmaps_rotateControl":"","location_gmaps_fullscreenControl":"","menu_page_links_type":"","menu_page_links":[],"menu_page_links_bottom_content":"","external_links_type":"","external_links":[],"external_sublinks":[],"private_staff_information_blocks":[],"private_staff_links_title":"","private_staff_links":[],"legal_topic_menu":[],"sb_display_type":"","sb_people_block":[]},"_links":{"self":[{"href":"https:\/\/nonprofitlaw.cleo.on.ca\/fr\/wp-json\/wp\/v2\/pages\/998"}],"collection":[{"href":"https:\/\/nonprofitlaw.cleo.on.ca\/fr\/wp-json\/wp\/v2\/pages"}],"about":[{"href":"https:\/\/nonprofitlaw.cleo.on.ca\/fr\/wp-json\/wp\/v2\/types\/page"}],"author":[{"embeddable":true,"href":"https:\/\/nonprofitlaw.cleo.on.ca\/fr\/wp-json\/wp\/v2\/users\/12"}],"replies":[{"embeddable":true,"href":"https:\/\/nonprofitlaw.cleo.on.ca\/fr\/wp-json\/wp\/v2\/comments?post=998"}],"version-history":[{"count":3,"href":"https:\/\/nonprofitlaw.cleo.on.ca\/fr\/wp-json\/wp\/v2\/pages\/998\/revisions"}],"predecessor-version":[{"id":4002,"href":"https:\/\/nonprofitlaw.cleo.on.ca\/fr\/wp-json\/wp\/v2\/pages\/998\/revisions\/4002"}],"up":[{"embeddable":true,"href":"https:\/\/nonprofitlaw.cleo.on.ca\/fr\/wp-json\/wp\/v2\/pages\/1036"}],"wp:featuredmedia":[{"embeddable":true,"href":"https:\/\/nonprofitlaw.cleo.on.ca\/fr\/wp-json\/wp\/v2\/media\/2204"}],"wp:attachment":[{"href":"https:\/\/nonprofitlaw.cleo.on.ca\/fr\/wp-json\/wp\/v2\/media?parent=998"}],"curies":[{"name":"wp","href":"https:\/\/api.w.org\/{rel}","templated":true}]}}