{"id":6497,"date":"2024-07-22T13:11:06","date_gmt":"2024-07-22T17:11:06","guid":{"rendered":"https:\/\/nonprofitlaw.cleo.on.ca\/?page_id=6497"},"modified":"2024-07-22T13:16:59","modified_gmt":"2024-07-22T17:16:59","slug":"conseils-dadministration-a-renouvellement-autonome","status":"publish","type":"page","link":"https:\/\/nonprofitlaw.cleo.on.ca\/fr\/garder-votre-statut\/membres\/structures-dadhesion\/conseils-dadministration-a-renouvellement-autonome\/","title":{"rendered":"Conseils d\u2019administration \u00e0 renouvellement autonome"},"content":{"rendered":"\n<p>La pr\u00e9sente page vous indique ce que la Loi de 2010 sur les organisations sans but lucratif (LOSBL) de l\u2019Ontario pr\u00e9voit au sujet des conseils d\u2019administration \u00e0 renouvellement autonome.<\/p>\n\n\n\n<p>Si votre organisation a \u00e9t\u00e9 constitu\u00e9e en personne morale avant la proclamation de la LOSBL le 19 octobre 2021, il se peut que vos statuts ou vos r\u00e8glements administratifs ne soient pas conformes aux r\u00e8gles expos\u00e9es ci-dessous. Vous avez jusqu\u2019au <strong>18 octobre 2024<\/strong> pour r\u00e9viser et mettre \u00e0 jour vos documents constitutifs et les d\u00e9poser aupr\u00e8s du gouvernement de l\u2019Ontario. D\u2019ici l\u00e0, les r\u00e8gles pr\u00e9vues dans vos statuts et vos r\u00e8glements administratifs demeurent valides, dans la mesure o\u00f9 elles sont conformes \u00e0 la Loi sur les personnes morales.<\/p>\n\n\n\n<h3 class=\"wp-block-heading\"><strong>Lorsque tous les administrateurs d\u2019une organisation sans but lucratif (OSBL) sont aussi ses membres et qu\u2019aucun membre n\u2019est pas un administrateur, l\u2019organisation a ce qu\u2019on appelle un conseil d\u2019administration \u00e0 renouvellement autonome.<\/strong><\/h3>\n\n\n\n<p>Les administrateurs et les membres ont diff\u00e9rentes obligations juridiques.<\/p>\n\n\n\n<p>Si les m\u00eames personnes sont les administrateurs et les membres de votre OSBL, vous devez quand m\u00eame :<\/p>\n\n\n\n<ul>\n<li><strong>tenir des assembl\u00e9es des membres distinctes<\/strong>;<\/li>\n\n\n\n<li><strong>donner d\u00fbment avis<\/strong> des assembl\u00e9es des membres;<\/li>\n\n\n\n<li><strong>suivre ce que pr\u00e9voient la LOSBL, vos statuts et vos r\u00e8glements administratifs<\/strong> au sujet des r\u00e9unions du <a href=\"https:\/\/nonprofitlaw.cleo.on.ca\/fr\/garder-votre-statut\/reunions-et-assemblees\/reunions-du-conseil-dadministration\/\">conseil d\u2019administratio<\/a>n et des <a href=\"https:\/\/nonprofitlaw.cleo.on.ca\/fr\/garder-votre-statut\/reunions-et-assemblees\/assemblees-des-membres\/\">assembl\u00e9es des membres<\/a>;<\/li>\n\n\n\n<li>veiller \u00e0 ce que <strong>les ordres du jour et proc\u00e8s-verbaux des assembl\u00e9es des membres soient clairement distincts<\/strong> de ceux des r\u00e9unions du conseil.<\/li>\n<\/ul>\n\n\n\n<p>Si vous tenez une r\u00e9union du conseil et que tous les membres y assistent, ils peuvent alors renoncer \u00e0 recevoir l\u2019avis de convocation \u00e0 l\u2019assembl\u00e9e des membres.<\/p>\n\n\n\n<p><div class=\"wc-shortcodes-accordion wc-shortcodes-item wc-shortcodes-accordion-collapse wc-shortcodes-accordion-layout-box\" data-behavior=\"autoclose\" data-start-state=\"collapse\"><br><div class=\"wc-shortcodes-accordion-trigger \"><a href=\"#\">Si nous avons un conseil d\u2019administration \u00e0 renouvellement autonome, pouvons-nous tenir une assembl\u00e9e des membres directement apr\u00e8s une r\u00e9union du conseil?<\/a><\/div><div class=\"wc-shortcodes-accordion-content-wrapper\"><div class=\"wc-shortcodes-accordion-content wc-shortcodes-content\"><\/p>\n\n\n\n<p>Vous pouvez tenir les deux r\u00e9unions l\u2019une apr\u00e8s l\u2019autre, mais vous devrez clore officiellement la r\u00e9union du conseil d\u2019administration et commencer une \u00ab diff\u00e9rente \u00bb assembl\u00e9e des membres. De plus, vous devrez quand m\u00eame consigner deux r\u00e9unions distinctes dans des proc\u00e8s verbaux distincts. Tout vote en vue d\u2019approuver officiellement un changement important doit avoir lieu lors de l\u2019assembl\u00e9e des membres. Vous devez suivre les diff\u00e9rentes proc\u00e9dures qui s\u2019appliquent aux r\u00e9unions et aux assembl\u00e9es.<\/p>\n\n\n\n<p>Pour en savoir plus sur les assembl\u00e9es des membres, visitez <a href=\"https:\/\/nonprofitlaw.cleo.on.ca\/fr\/garder-votre-statut\/reunions-et-assemblees\/assemblees-des-membres\/\">cette page<\/a>.<br>Pour en savoir plus sur les r\u00e9unions des administrateurs, visitez <a href=\"https:\/\/nonprofitlaw.cleo.on.ca\/fr\/garder-votre-statut\/reunions-et-assemblees\/reunions-du-conseil-dadministration\/\">cette page<\/a>.<\/p>\n\n\n\n<p><\/div><\/div><\/p>\n\n\n\n<p><div class=\"wc-shortcodes-accordion-trigger \"><a href=\"#\">Comment r\u00e9voquer un administrateur qui si\u00e8ge au conseil d\u2019administration \u00e0 renouvellement autonome?<\/a><\/div><div class=\"wc-shortcodes-accordion-content-wrapper\"><div class=\"wc-shortcodes-accordion-content wc-shortcodes-content\"><\/p>\n\n\n\n<p>Lorsque les membres et les administrateurs sont les m\u00eames personnes, la personne qui cesse d\u2019\u00eatre membre cesse automatiquement d\u2019\u00eatre administrateur.<\/p>\n\n\n\n<p>Sauf indication contraire de vos statuts ou de vos r\u00e8glements administratifs, l\u2019administrateur qui cesse d\u2019avoir les qualit\u00e9s n\u00e9cessaires pour \u00eatre membre cesse automatiquement d\u2019\u00eatre membre.<\/p>\n\n\n\n<p>Si un membre doit \u00eatre r\u00e9voqu\u00e9 pour avoir viol\u00e9 des r\u00e8gles de conduite, les membres doivent tenir une assembl\u00e9e pour voter en faveur de sa r\u00e9vocation. Il doit ressortir clairement de l\u2019ordre du jour et du proc\u00e8s-verbal de l\u2019assembl\u00e9e qu\u2019il s\u2019agit d\u2019une assembl\u00e9e des membres et non d\u2019une r\u00e9union du conseil d\u2019administration.<\/p>\n\n\n\n<p><\/div><\/div><\/p>\n\n\n\n<p><\/div><\/p>\n","protected":false},"excerpt":{"rendered":"<p>La pr\u00e9sente page vous indique ce que la Loi de 2010 sur les organisations sans but lucratif (LOSBL) de l\u2019Ontario pr\u00e9voit au sujet des conseils d\u2019administration \u00e0 renouvellement autonome.<\/p>\n<p>Si votre organisation a \u00e9t\u00e9 constitu\u00e9e en personne morale avant la proclamation de la LOSBL le 19 octobre 2021, il se peut que vos statuts ou vos r\u00e8glements administratifs ne soient pas conformes aux r\u00e8gles expos\u00e9es ci-dessous.<\/p>\n","protected":false},"author":19,"featured_media":0,"parent":1097,"menu_order":0,"comment_status":"closed","ping_status":"closed","template":"","meta":{"_cbd_carousel_blocks":"[]","footnotes":""},"yoast_head":"<!-- This site is optimized with the Yoast SEO plugin v21.0 - https:\/\/yoast.com\/wordpress\/plugins\/seo\/ -->\n<title>Conseils d\u2019administration \u00e0 renouvellement autonome - Nonprofit Law Ontario<\/title>\n<meta name=\"robots\" content=\"index, follow, max-snippet:-1, max-image-preview:large, max-video-preview:-1\" \/>\n<link rel=\"canonical\" href=\"https:\/\/nonprofitlaw.cleo.on.ca\/fr\/garder-votre-statut\/membres\/structures-dadhesion\/conseils-dadministration-a-renouvellement-autonome\/\" \/>\n<meta property=\"og:locale\" content=\"fr_FR\" \/>\n<meta property=\"og:type\" content=\"article\" \/>\n<meta property=\"og:title\" content=\"Conseils d\u2019administration \u00e0 renouvellement autonome - Nonprofit Law Ontario\" \/>\n<meta property=\"og:description\" content=\"La pr\u00e9sente page vous indique ce que la Loi de 2010 sur les organisations sans but lucratif (LOSBL) de l\u2019Ontario pr\u00e9voit au sujet des conseils d\u2019administration \u00e0 renouvellement autonome.  Si votre organisation a \u00e9t\u00e9 constitu\u00e9e en personne morale avant la proclamation de la LOSBL le 19 octobre 2021, il se peut que vos statuts ou vos r\u00e8glements administratifs ne soient pas conformes aux r\u00e8gles expos\u00e9es ci-dessous.\" \/>\n<meta property=\"og:url\" content=\"https:\/\/nonprofitlaw.cleo.on.ca\/fr\/garder-votre-statut\/membres\/structures-dadhesion\/conseils-dadministration-a-renouvellement-autonome\/\" \/>\n<meta property=\"og:site_name\" content=\"Nonprofit Law Ontario\" \/>\n<meta property=\"article:modified_time\" content=\"2024-07-22T17:16:59+00:00\" \/>\n<meta name=\"twitter:label1\" content=\"Dur\u00e9e de lecture estim\u00e9e\" \/>\n\t<meta name=\"twitter:data1\" content=\"3 minutes\" \/>\n<script type=\"application\/ld+json\" class=\"yoast-schema-graph\">{\"@context\":\"https:\/\/schema.org\",\"@graph\":[{\"@type\":\"WebPage\",\"@id\":\"https:\/\/nonprofitlaw.cleo.on.ca\/fr\/garder-votre-statut\/membres\/structures-dadhesion\/conseils-dadministration-a-renouvellement-autonome\/\",\"url\":\"https:\/\/nonprofitlaw.cleo.on.ca\/fr\/garder-votre-statut\/membres\/structures-dadhesion\/conseils-dadministration-a-renouvellement-autonome\/\",\"name\":\"Conseils d\u2019administration \u00e0 renouvellement autonome - Nonprofit Law Ontario\",\"isPartOf\":{\"@id\":\"https:\/\/nonprofitlaw.cleo.on.ca\/#website\"},\"datePublished\":\"2024-07-22T17:11:06+00:00\",\"dateModified\":\"2024-07-22T17:16:59+00:00\",\"breadcrumb\":{\"@id\":\"https:\/\/nonprofitlaw.cleo.on.ca\/fr\/garder-votre-statut\/membres\/structures-dadhesion\/conseils-dadministration-a-renouvellement-autonome\/#breadcrumb\"},\"inLanguage\":\"fr-FR\",\"potentialAction\":[{\"@type\":\"ReadAction\",\"target\":[\"https:\/\/nonprofitlaw.cleo.on.ca\/fr\/garder-votre-statut\/membres\/structures-dadhesion\/conseils-dadministration-a-renouvellement-autonome\/\"]}]},{\"@type\":\"BreadcrumbList\",\"@id\":\"https:\/\/nonprofitlaw.cleo.on.ca\/fr\/garder-votre-statut\/membres\/structures-dadhesion\/conseils-dadministration-a-renouvellement-autonome\/#breadcrumb\",\"itemListElement\":[{\"@type\":\"ListItem\",\"position\":1,\"name\":\"Home\",\"item\":\"https:\/\/nonprofitlaw.cleo.on.ca\/fr\/\"},{\"@type\":\"ListItem\",\"position\":2,\"name\":\"Garder votre statut\",\"item\":\"https:\/\/nonprofitlaw.cleo.on.ca\/fr\/garder-votre-statut\/\"},{\"@type\":\"ListItem\",\"position\":3,\"name\":\"Membres\",\"item\":\"https:\/\/nonprofitlaw.cleo.on.ca\/fr\/garder-votre-statut\/membres\/\"},{\"@type\":\"ListItem\",\"position\":4,\"name\":\"Structures d\u2019adh\u00e9sion\",\"item\":\"https:\/\/nonprofitlaw.cleo.on.ca\/fr\/garder-votre-statut\/membres\/structures-dadhesion\/\"},{\"@type\":\"ListItem\",\"position\":5,\"name\":\"Conseils d\u2019administration \u00e0 renouvellement autonome\"}]},{\"@type\":\"WebSite\",\"@id\":\"https:\/\/nonprofitlaw.cleo.on.ca\/#website\",\"url\":\"https:\/\/nonprofitlaw.cleo.on.ca\/\",\"name\":\"Nonprofit Law Ontario\",\"description\":\"Rules and tools for organizations\",\"potentialAction\":[{\"@type\":\"SearchAction\",\"target\":{\"@type\":\"EntryPoint\",\"urlTemplate\":\"https:\/\/nonprofitlaw.cleo.on.ca\/?s={search_term_string}\"},\"query-input\":\"required name=search_term_string\"}],\"inLanguage\":\"fr-FR\"}]}<\/script>\n<!-- \/ Yoast SEO plugin. -->","yoast_head_json":{"title":"Conseils d\u2019administration \u00e0 renouvellement autonome - Nonprofit Law Ontario","robots":{"index":"index","follow":"follow","max-snippet":"max-snippet:-1","max-image-preview":"max-image-preview:large","max-video-preview":"max-video-preview:-1"},"canonical":"https:\/\/nonprofitlaw.cleo.on.ca\/fr\/garder-votre-statut\/membres\/structures-dadhesion\/conseils-dadministration-a-renouvellement-autonome\/","og_locale":"fr_FR","og_type":"article","og_title":"Conseils d\u2019administration \u00e0 renouvellement autonome - Nonprofit Law Ontario","og_description":"La pr\u00e9sente page vous indique ce que la Loi de 2010 sur les organisations sans but lucratif (LOSBL) de l\u2019Ontario pr\u00e9voit au sujet des conseils d\u2019administration \u00e0 renouvellement autonome.  Si votre organisation a \u00e9t\u00e9 constitu\u00e9e en personne morale avant la proclamation de la LOSBL le 19 octobre 2021, il se peut que vos statuts ou vos r\u00e8glements administratifs ne soient pas conformes aux r\u00e8gles expos\u00e9es ci-dessous.","og_url":"https:\/\/nonprofitlaw.cleo.on.ca\/fr\/garder-votre-statut\/membres\/structures-dadhesion\/conseils-dadministration-a-renouvellement-autonome\/","og_site_name":"Nonprofit Law Ontario","article_modified_time":"2024-07-22T17:16:59+00:00","twitter_misc":{"Dur\u00e9e de lecture estim\u00e9e":"3 minutes"},"schema":{"@context":"https:\/\/schema.org","@graph":[{"@type":"WebPage","@id":"https:\/\/nonprofitlaw.cleo.on.ca\/fr\/garder-votre-statut\/membres\/structures-dadhesion\/conseils-dadministration-a-renouvellement-autonome\/","url":"https:\/\/nonprofitlaw.cleo.on.ca\/fr\/garder-votre-statut\/membres\/structures-dadhesion\/conseils-dadministration-a-renouvellement-autonome\/","name":"Conseils d\u2019administration \u00e0 renouvellement autonome - Nonprofit Law Ontario","isPartOf":{"@id":"https:\/\/nonprofitlaw.cleo.on.ca\/#website"},"datePublished":"2024-07-22T17:11:06+00:00","dateModified":"2024-07-22T17:16:59+00:00","breadcrumb":{"@id":"https:\/\/nonprofitlaw.cleo.on.ca\/fr\/garder-votre-statut\/membres\/structures-dadhesion\/conseils-dadministration-a-renouvellement-autonome\/#breadcrumb"},"inLanguage":"fr-FR","potentialAction":[{"@type":"ReadAction","target":["https:\/\/nonprofitlaw.cleo.on.ca\/fr\/garder-votre-statut\/membres\/structures-dadhesion\/conseils-dadministration-a-renouvellement-autonome\/"]}]},{"@type":"BreadcrumbList","@id":"https:\/\/nonprofitlaw.cleo.on.ca\/fr\/garder-votre-statut\/membres\/structures-dadhesion\/conseils-dadministration-a-renouvellement-autonome\/#breadcrumb","itemListElement":[{"@type":"ListItem","position":1,"name":"Home","item":"https:\/\/nonprofitlaw.cleo.on.ca\/fr\/"},{"@type":"ListItem","position":2,"name":"Garder votre statut","item":"https:\/\/nonprofitlaw.cleo.on.ca\/fr\/garder-votre-statut\/"},{"@type":"ListItem","position":3,"name":"Membres","item":"https:\/\/nonprofitlaw.cleo.on.ca\/fr\/garder-votre-statut\/membres\/"},{"@type":"ListItem","position":4,"name":"Structures d\u2019adh\u00e9sion","item":"https:\/\/nonprofitlaw.cleo.on.ca\/fr\/garder-votre-statut\/membres\/structures-dadhesion\/"},{"@type":"ListItem","position":5,"name":"Conseils d\u2019administration \u00e0 renouvellement autonome"}]},{"@type":"WebSite","@id":"https:\/\/nonprofitlaw.cleo.on.ca\/#website","url":"https:\/\/nonprofitlaw.cleo.on.ca\/","name":"Nonprofit Law Ontario","description":"Rules and tools for organizations","potentialAction":[{"@type":"SearchAction","target":{"@type":"EntryPoint","urlTemplate":"https:\/\/nonprofitlaw.cleo.on.ca\/?s={search_term_string}"},"query-input":"required name=search_term_string"}],"inLanguage":"fr-FR"}]}},"meta_box":{"page_show_banner":"0","page_banner_type":"banner","page_banner_title":"","page_banner_title_color":"","page_banner_description":"","page_banner_image":[],"research_exclude_taxonomies":"","research_filter_form":"","research_results_style":"","research_posts_per_page":"","contact_page_template_layout":"","contact_shortcode":"","contact_address":"","contact_address_details":"","contact_map":{"latitude":"","longitude":"","zoom":""},"remove_map":"","contact_company_name":"","contact_company_phones":[],"contact_company_email":"","contact_textarea":"","contact_other_text_block":"","contact_other_locations_show":"","contact_other_locations_title":"","contact_other_locations_type":"","contact_other_locations":[],"contact_gmaps_zoom_control":"","contact_gmaps_map_type_control":"","contact_gmaps_scaleControl":"","contact_gmaps_streetViewControl":"","contact_gmaps_rotateControl":"","contact_gmaps_fullscreenControl":"","location_gmaps_zoom_control":"","location_gmaps_map_type_control":"","location_gmaps_scaleControl":"","location_gmaps_streetViewControl":"","location_gmaps_rotateControl":"","location_gmaps_fullscreenControl":"","menu_page_links_type":"","menu_page_links":[],"menu_page_links_bottom_content":"","external_links_type":"","external_links":[],"external_sublinks":[],"private_staff_information_blocks":[],"private_staff_links_title":"","private_staff_links":[],"legal_topic_menu":[],"sb_display_type":"","sb_people_block":[]},"_links":{"self":[{"href":"https:\/\/nonprofitlaw.cleo.on.ca\/fr\/wp-json\/wp\/v2\/pages\/6497"}],"collection":[{"href":"https:\/\/nonprofitlaw.cleo.on.ca\/fr\/wp-json\/wp\/v2\/pages"}],"about":[{"href":"https:\/\/nonprofitlaw.cleo.on.ca\/fr\/wp-json\/wp\/v2\/types\/page"}],"author":[{"embeddable":true,"href":"https:\/\/nonprofitlaw.cleo.on.ca\/fr\/wp-json\/wp\/v2\/users\/19"}],"replies":[{"embeddable":true,"href":"https:\/\/nonprofitlaw.cleo.on.ca\/fr\/wp-json\/wp\/v2\/comments?post=6497"}],"version-history":[{"count":4,"href":"https:\/\/nonprofitlaw.cleo.on.ca\/fr\/wp-json\/wp\/v2\/pages\/6497\/revisions"}],"predecessor-version":[{"id":6501,"href":"https:\/\/nonprofitlaw.cleo.on.ca\/fr\/wp-json\/wp\/v2\/pages\/6497\/revisions\/6501"}],"up":[{"embeddable":true,"href":"https:\/\/nonprofitlaw.cleo.on.ca\/fr\/wp-json\/wp\/v2\/pages\/1097"}],"wp:attachment":[{"href":"https:\/\/nonprofitlaw.cleo.on.ca\/fr\/wp-json\/wp\/v2\/media?parent=6497"}],"curies":[{"name":"wp","href":"https:\/\/api.w.org\/{rel}","templated":true}]}}