{"id":6460,"date":"2024-07-22T08:18:20","date_gmt":"2024-07-22T12:18:20","guid":{"rendered":"https:\/\/nonprofitlaw.cleo.on.ca\/?page_id=6460"},"modified":"2024-07-22T08:18:21","modified_gmt":"2024-07-22T12:18:21","slug":"consentement-de-ladministrateur-2","status":"publish","type":"page","link":"https:\/\/nonprofitlaw.cleo.on.ca\/fr\/garder-votre-statut\/administrateurs\/consentement-de-ladministrateur-2\/","title":{"rendered":"Consentement de l\u2019administrateur"},"content":{"rendered":"\n<p>En vertu de la Loi de 2010 sur les organisations sans but lucratif (la LOSBL), tous les particuliers qui sont \u00e9lus ou nomm\u00e9s administrateurs d\u2019une organisation sans but lucratif doivent signer un consentement \u00e9crit \u00e0 <a href=\"https:\/\/nonprofitlaw.cleo.on.ca\/fr\/garder-votre-statut\/administrateurs\/\">agir comme administrateur<\/a>. La pr\u00e9sente page vous indique ce qu\u2019est le consentement de l\u2019administrateur, quels renseignements il doit contenir et quand vous devez l\u2019obtenir.<\/p>\n\n\n\n<p>Si votre organisation a \u00e9t\u00e9 constitu\u00e9e en personne morale avant la proclamation de la LOSBL le 19 octobre 2021, vous avez jusqu\u2019au <strong>18 octobre 2024<\/strong> pour r\u00e9viser et mettre \u00e0 jour vos documents constitutifs et les d\u00e9poser aupr\u00e8s du gouvernement de l\u2019Ontario. D\u2019ici l\u00e0, les r\u00e8gles pr\u00e9vues dans vos statuts et vos r\u00e8glements administratifs demeurent valides, dans la mesure o\u00f9 elles \u00e9taient valides avant l\u2019entr\u00e9e en vigueur de la LOSBL.<\/p>\n\n\n\n<p>Les organisations sans but lucratif <strong>doivent <\/strong>obtenir et conserver les consentements des administrateurs. Cette r\u00e8gle de la LOSBL est entr\u00e9e en vigueur le 19 octobre 2021.<\/p>\n\n\n\n<p><div class=\"wc-shortcodes-accordion wc-shortcodes-item wc-shortcodes-accordion-collapse wc-shortcodes-accordion-layout-box\" data-behavior=\"autoclose\" data-start-state=\"collapse\"><\/p>\n\n\n\n<p><div class=\"wc-shortcodes-accordion-trigger \"><a href=\"#\">Qu\u2019est-ce que le consentement d\u2019un administrateur?<\/a><\/div><div class=\"wc-shortcodes-accordion-content-wrapper\"><div class=\"wc-shortcodes-accordion-content wc-shortcodes-content\"><\/p>\n\n\n\n<p>Dans le consentement de l\u2019administrateur, le particulier consent par \u00e9crit \u00e0 \u00eatre administrateur d\u2019une organisation sans but lucratif. Chaque administrateur \u00e9lu ou nomm\u00e9 doit signer un consentement, et ce, dans les 10 jours de son \u00e9lection ou de sa nomination. Cependant, m\u00eame si le consentement est sign\u00e9 apr\u00e8s le d\u00e9lai de 10 jours, l\u2019\u00e9lection ou la nomination \u00e0 titre d\u2019administrateur demeure valide.<\/p>\n\n\n\n<p><\/div><\/div><\/p>\n\n\n\n<p><div class=\"wc-shortcodes-accordion-trigger \"><a href=\"#\">Quels renseignements le consentement de l\u2019administrateur doit-il contenir?<\/a><\/div><div class=\"wc-shortcodes-accordion-content-wrapper\"><div class=\"wc-shortcodes-accordion-content wc-shortcodes-content\"><\/p>\n\n\n\n<p>Le consentement de l\u2019administrateur <strong>doit <\/strong>contenir les renseignements suivants :<\/p>\n\n\n\n<ul>\n<li>le nom de l\u2019administrateur;<\/li>\n\n\n\n<li>le nom de l\u2019organisation sans but lucratif;<\/li>\n\n\n\n<li>une d\u00e9claration indiquant que le particulier accepte d\u2019agir comme administrateur de l\u2019organisation sans but lucratif;<\/li>\n\n\n\n<li>la date \u00e0 laquelle il commencera \u00e0 assumer les fonctions d\u2019administrateur;<\/li>\n\n\n\n<li>l\u2019adresse o\u00f9 il convient de recevoir les documents de l\u2019organisation sans but lucratif;<\/li>\n\n\n\n<li>sa signature et la date.<\/li>\n<\/ul>\n\n\n\n<p>Le consentement peut aussi contenir d\u2019autres \u00e9l\u00e9ments. Par exemple, on peut demander \u00e0 l\u2019administrateur :<\/p>\n\n\n\n<ul>\n<li>de confirmer qu\u2019il a les qualit\u00e9s requises en vertu de la LOSBL pour \u00eatre administrateur, ou encore, qu\u2019il a plus de 18 ans et n\u2019est pas en faillite;<\/li>\n\n\n\n<li>de convenir de tenir les r\u00e9unions du conseil d\u2019administration virtuellement ou par t\u00e9l\u00e9phone;<\/li>\n\n\n\n<li>de convenir de se conformer aux politiques de l\u2019organisation sans but lucratif en mati\u00e8re de conduite ou de confidentialit\u00e9.<\/li>\n<\/ul>\n\n\n\n<p><\/div><\/div><\/p>\n\n\n\n<p><div class=\"wc-shortcodes-accordion-trigger \"><a href=\"#\">Quand une personne doit-elle signer un consentement \u00e0 agir comme administrateur?<\/a><\/div><div class=\"wc-shortcodes-accordion-content-wrapper\"><div class=\"wc-shortcodes-accordion-content wc-shortcodes-content\"><\/p>\n\n\n\n<p>Lorsqu\u2019elle est :<\/p>\n\n\n\n<ul>\n<li>\u00e9lue ou nomm\u00e9e pour la premi\u00e8re fois;<\/li>\n\n\n\n<li>\u00e9lue ou nomm\u00e9e de nouveau apr\u00e8s avoir cess\u00e9 d\u2019\u00eatre administrateur.<\/li>\n<\/ul>\n\n\n\n<p>Par exemple : un particulier est \u00e9lu pour la premi\u00e8re fois pour un mandat de trois ans comme administrateur d\u2019une organisation sans but lucratif. Il d\u00e9cide ensuite de cesser d\u2019\u00eatre administrateur et ne se pr\u00e9sente pas pour un autre mandat. Apr\u00e8s deux ans, il se pr\u00e9sente de nouveau et est \u00e9lu administrateur de la m\u00eame organisation. Dans cet exemple, l\u2019administrateur doit signer deux consentements : le premier, lorsqu\u2019il est \u00e9lu pour la premi\u00e8re fois et le deuxi\u00e8me, lorsqu\u2019il est \u00e9lu pour la deuxi\u00e8me fois, apr\u00e8s la pause entre les deux mandats.<\/p>\n\n\n\n<p><\/div><\/div><\/p>\n\n\n\n<p><div class=\"wc-shortcodes-accordion-trigger \"><a href=\"#\">Qu\u2019arrive-t-il si un administrateur n\u2019a pas sign\u00e9 de consentement lorsqu\u2019il a \u00e9t\u00e9 \u00e9lu ou nomm\u00e9 pour la premi\u00e8re fois?<\/a><\/div><div class=\"wc-shortcodes-accordion-content-wrapper\"><div class=\"wc-shortcodes-accordion-content wc-shortcodes-content\"><\/p>\n\n\n\n<p>Selon la LOSBL, si une organisation sans but lucratif n\u2019a pas demand\u00e9 \u00e0 ses administrateurs de signer un consentement lorsqu\u2019ils ont \u00e9t\u00e9 \u00e9lus pour la premi\u00e8re fois, elle peut rem\u00e9dier \u00e0 l\u2019omission en faisant alors signer un consentement aux administrateurs.<\/p>\n\n\n\n<table style=\"background-color: #ffffff; width: 100%;\" border=\"0\">\n<tbody>\n<tr>\n<td style=\"vertical-align: top; width: 55px;\"><img decoding=\"async\" loading=\"lazy\" class=\"alignleft\" src=\"https:\/\/nonprofitlaw.cleo.on.ca\/\nwp-content\/uploads\/2013\/11\/star.jpg\" alt=\"\" width=\"30\" height=\"31\" \/><\/td>\n<td style=\"vertical-align: top; padding-bottom: 20px;\">\n<strong>\u00c0 retenir.<\/strong> En r\u00e9alit\u00e9, lorsqu\u2019une personne agit comme administrateur \u00e0 tous les autres \u00e9gards, elle peut \u00eatre l\u00e9galement consid\u00e9r\u00e9e comme un administrateur m\u00eame si elle n\u2019a pas sign\u00e9 de consentement \u00e0 agir \u00e0 ce titre.<\/td>\n<\/tr>\n<\/tbody>\n<\/table>\n\n\n\n<p><\/div><\/div><\/p>\n\n\n\n<p><\/div><\/p>\n\n\n\n<h1 class=\"wp-block-heading\">Mod\u00e8le simple de consentement de l\u2019administrateur :<\/h1>\n\n\n\n<p>Je, soussign\u00e9(e), <strong>(nom au complet<\/strong>), consens par la pr\u00e9sente \u00e0 :<\/p>\n\n\n\n<p>a) \u00eatre \u00e9lu(e) ou nomm\u00e9(e) administrateur\/administratrice de (<strong>nom de l\u2019organisation sans but lucratif<\/strong>) le (date de prise d\u2019effet);<br>b) recevoir les avis et les ordres du jour des r\u00e9unions du conseil d\u2019administration ainsi que d\u2019autres communications de la part de l\u2019organisation soit par courriel \u00e0 (<strong>adresse de courriel<\/strong>), soit par la poste au (<strong>adresse postale<\/strong>).<\/p>\n\n\n\n<p>En cas de d\u00e9m\u00e9nagement ou de changement d\u2019adresse de courriel, j\u2019en informerai l\u2019organisation dans les plus brefs d\u00e9lais.<\/p>\n\n\n\n<p>Le pr\u00e9sent consentement prend effet imm\u00e9diatement et demeure valide aussi longtemps que je serai r\u00e9\u00e9lu(e) administrateur\/administratrice de l\u2019organisation. Je comprends que, si je cesse d\u2019\u00eatre administrateur\/administratrice pendant un certain temps et que je suis ensuite \u00e9lu(e) ou nomm\u00e9(e) administrateur\/administratrice une nouvelle fois, on me demandera de signer un nouveau consentement \u00e0 agir comme administrateur\/administratrice.<\/p>\n\n\n\n<hr class=\"wp-block-separator has-alpha-channel-opacity\"\/>\n\n\n\n<p>(<strong>Signature <\/strong>de la personne qui consent \u00e0 \u00eatre administrateur\/administratrice et <strong>date<\/strong>)<\/p>\n","protected":false},"excerpt":{"rendered":"<p>En vertu de la Loi de 2010 sur les organisations sans but lucratif (la LOSBL), tous les particuliers qui sont \u00e9lus ou nomm\u00e9s administrateurs d\u2019une organisation sans but lucratif doivent signer un consentement \u00e9crit \u00e0 <a href=\"https:\/\/nonprofitlaw.cleo.on.ca\/fr\/garder-votre-statut\/administrateurs\/\">agir comme administrateur<\/a>. La pr\u00e9sente page vous indique ce qu\u2019est le consentement de l\u2019administrateur,<\/p>\n","protected":false},"author":19,"featured_media":0,"parent":6272,"menu_order":0,"comment_status":"closed","ping_status":"closed","template":"","meta":{"_cbd_carousel_blocks":"[]","footnotes":""},"yoast_head":"<!-- This site is optimized with the Yoast SEO plugin v21.0 - https:\/\/yoast.com\/wordpress\/plugins\/seo\/ -->\n<title>Consentement de l\u2019administrateur - Nonprofit Law Ontario<\/title>\n<meta name=\"robots\" content=\"index, follow, max-snippet:-1, max-image-preview:large, max-video-preview:-1\" \/>\n<link rel=\"canonical\" href=\"https:\/\/nonprofitlaw.cleo.on.ca\/fr\/garder-votre-statut\/administrateurs\/consentement-de-ladministrateur-2\/\" \/>\n<meta property=\"og:locale\" content=\"fr_FR\" \/>\n<meta property=\"og:type\" content=\"article\" \/>\n<meta property=\"og:title\" content=\"Consentement de l\u2019administrateur - Nonprofit Law Ontario\" \/>\n<meta property=\"og:description\" content=\"En vertu de la Loi de 2010 sur les organisations sans but lucratif (la LOSBL), tous les particuliers qui sont \u00e9lus ou nomm\u00e9s administrateurs d\u2019une organisation sans but lucratif doivent signer un consentement \u00e9crit \u00e0 agir comme administrateur. La pr\u00e9sente page vous indique ce qu\u2019est le consentement de l\u2019administrateur,\" \/>\n<meta property=\"og:url\" content=\"https:\/\/nonprofitlaw.cleo.on.ca\/fr\/garder-votre-statut\/administrateurs\/consentement-de-ladministrateur-2\/\" \/>\n<meta property=\"og:site_name\" content=\"Nonprofit Law Ontario\" \/>\n<meta property=\"article:modified_time\" content=\"2024-07-22T12:18:21+00:00\" \/>\n<meta name=\"twitter:label1\" content=\"Dur\u00e9e de lecture estim\u00e9e\" \/>\n\t<meta name=\"twitter:data1\" content=\"4 minutes\" \/>\n<script type=\"application\/ld+json\" class=\"yoast-schema-graph\">{\"@context\":\"https:\/\/schema.org\",\"@graph\":[{\"@type\":\"WebPage\",\"@id\":\"https:\/\/nonprofitlaw.cleo.on.ca\/fr\/garder-votre-statut\/administrateurs\/consentement-de-ladministrateur-2\/\",\"url\":\"https:\/\/nonprofitlaw.cleo.on.ca\/fr\/garder-votre-statut\/administrateurs\/consentement-de-ladministrateur-2\/\",\"name\":\"Consentement de l\u2019administrateur - Nonprofit Law Ontario\",\"isPartOf\":{\"@id\":\"https:\/\/nonprofitlaw.cleo.on.ca\/#website\"},\"datePublished\":\"2024-07-22T12:18:20+00:00\",\"dateModified\":\"2024-07-22T12:18:21+00:00\",\"breadcrumb\":{\"@id\":\"https:\/\/nonprofitlaw.cleo.on.ca\/fr\/garder-votre-statut\/administrateurs\/consentement-de-ladministrateur-2\/#breadcrumb\"},\"inLanguage\":\"fr-FR\",\"potentialAction\":[{\"@type\":\"ReadAction\",\"target\":[\"https:\/\/nonprofitlaw.cleo.on.ca\/fr\/garder-votre-statut\/administrateurs\/consentement-de-ladministrateur-2\/\"]}]},{\"@type\":\"BreadcrumbList\",\"@id\":\"https:\/\/nonprofitlaw.cleo.on.ca\/fr\/garder-votre-statut\/administrateurs\/consentement-de-ladministrateur-2\/#breadcrumb\",\"itemListElement\":[{\"@type\":\"ListItem\",\"position\":1,\"name\":\"Home\",\"item\":\"https:\/\/nonprofitlaw.cleo.on.ca\/fr\/\"},{\"@type\":\"ListItem\",\"position\":2,\"name\":\"Garder votre statut\",\"item\":\"https:\/\/nonprofitlaw.cleo.on.ca\/fr\/garder-votre-statut\/\"},{\"@type\":\"ListItem\",\"position\":3,\"name\":\"Administrateurs\",\"item\":\"https:\/\/nonprofitlaw.cleo.on.ca\/fr\/garder-votre-statut\/administrateurs\/\"},{\"@type\":\"ListItem\",\"position\":4,\"name\":\"Consentement de l\u2019administrateur\"}]},{\"@type\":\"WebSite\",\"@id\":\"https:\/\/nonprofitlaw.cleo.on.ca\/#website\",\"url\":\"https:\/\/nonprofitlaw.cleo.on.ca\/\",\"name\":\"Nonprofit Law Ontario\",\"description\":\"Rules and tools for organizations\",\"potentialAction\":[{\"@type\":\"SearchAction\",\"target\":{\"@type\":\"EntryPoint\",\"urlTemplate\":\"https:\/\/nonprofitlaw.cleo.on.ca\/?s={search_term_string}\"},\"query-input\":\"required name=search_term_string\"}],\"inLanguage\":\"fr-FR\"}]}<\/script>\n<!-- \/ Yoast SEO plugin. -->","yoast_head_json":{"title":"Consentement de l\u2019administrateur - Nonprofit Law Ontario","robots":{"index":"index","follow":"follow","max-snippet":"max-snippet:-1","max-image-preview":"max-image-preview:large","max-video-preview":"max-video-preview:-1"},"canonical":"https:\/\/nonprofitlaw.cleo.on.ca\/fr\/garder-votre-statut\/administrateurs\/consentement-de-ladministrateur-2\/","og_locale":"fr_FR","og_type":"article","og_title":"Consentement de l\u2019administrateur - Nonprofit Law Ontario","og_description":"En vertu de la Loi de 2010 sur les organisations sans but lucratif (la LOSBL), tous les particuliers qui sont \u00e9lus ou nomm\u00e9s administrateurs d\u2019une organisation sans but lucratif doivent signer un consentement \u00e9crit \u00e0 agir comme administrateur. La pr\u00e9sente page vous indique ce qu\u2019est le consentement de l\u2019administrateur,","og_url":"https:\/\/nonprofitlaw.cleo.on.ca\/fr\/garder-votre-statut\/administrateurs\/consentement-de-ladministrateur-2\/","og_site_name":"Nonprofit Law Ontario","article_modified_time":"2024-07-22T12:18:21+00:00","twitter_misc":{"Dur\u00e9e de lecture estim\u00e9e":"4 minutes"},"schema":{"@context":"https:\/\/schema.org","@graph":[{"@type":"WebPage","@id":"https:\/\/nonprofitlaw.cleo.on.ca\/fr\/garder-votre-statut\/administrateurs\/consentement-de-ladministrateur-2\/","url":"https:\/\/nonprofitlaw.cleo.on.ca\/fr\/garder-votre-statut\/administrateurs\/consentement-de-ladministrateur-2\/","name":"Consentement de l\u2019administrateur - Nonprofit Law Ontario","isPartOf":{"@id":"https:\/\/nonprofitlaw.cleo.on.ca\/#website"},"datePublished":"2024-07-22T12:18:20+00:00","dateModified":"2024-07-22T12:18:21+00:00","breadcrumb":{"@id":"https:\/\/nonprofitlaw.cleo.on.ca\/fr\/garder-votre-statut\/administrateurs\/consentement-de-ladministrateur-2\/#breadcrumb"},"inLanguage":"fr-FR","potentialAction":[{"@type":"ReadAction","target":["https:\/\/nonprofitlaw.cleo.on.ca\/fr\/garder-votre-statut\/administrateurs\/consentement-de-ladministrateur-2\/"]}]},{"@type":"BreadcrumbList","@id":"https:\/\/nonprofitlaw.cleo.on.ca\/fr\/garder-votre-statut\/administrateurs\/consentement-de-ladministrateur-2\/#breadcrumb","itemListElement":[{"@type":"ListItem","position":1,"name":"Home","item":"https:\/\/nonprofitlaw.cleo.on.ca\/fr\/"},{"@type":"ListItem","position":2,"name":"Garder votre statut","item":"https:\/\/nonprofitlaw.cleo.on.ca\/fr\/garder-votre-statut\/"},{"@type":"ListItem","position":3,"name":"Administrateurs","item":"https:\/\/nonprofitlaw.cleo.on.ca\/fr\/garder-votre-statut\/administrateurs\/"},{"@type":"ListItem","position":4,"name":"Consentement de l\u2019administrateur"}]},{"@type":"WebSite","@id":"https:\/\/nonprofitlaw.cleo.on.ca\/#website","url":"https:\/\/nonprofitlaw.cleo.on.ca\/","name":"Nonprofit Law Ontario","description":"Rules and tools for organizations","potentialAction":[{"@type":"SearchAction","target":{"@type":"EntryPoint","urlTemplate":"https:\/\/nonprofitlaw.cleo.on.ca\/?s={search_term_string}"},"query-input":"required name=search_term_string"}],"inLanguage":"fr-FR"}]}},"meta_box":{"page_show_banner":"0","page_banner_type":"banner","page_banner_title":"","page_banner_title_color":"","page_banner_description":"","page_banner_image":[],"research_exclude_taxonomies":"","research_filter_form":"","research_results_style":"","research_posts_per_page":"","contact_page_template_layout":"","contact_shortcode":"","contact_address":"","contact_address_details":"","contact_map":{"latitude":"","longitude":"","zoom":""},"remove_map":"","contact_company_name":"","contact_company_phones":[],"contact_company_email":"","contact_textarea":"","contact_other_text_block":"","contact_other_locations_show":"","contact_other_locations_title":"","contact_other_locations_type":"","contact_other_locations":[],"contact_gmaps_zoom_control":"","contact_gmaps_map_type_control":"","contact_gmaps_scaleControl":"","contact_gmaps_streetViewControl":"","contact_gmaps_rotateControl":"","contact_gmaps_fullscreenControl":"","location_gmaps_zoom_control":"","location_gmaps_map_type_control":"","location_gmaps_scaleControl":"","location_gmaps_streetViewControl":"","location_gmaps_rotateControl":"","location_gmaps_fullscreenControl":"","menu_page_links_type":"","menu_page_links":[],"menu_page_links_bottom_content":"","external_links_type":"","external_links":[],"external_sublinks":[],"private_staff_information_blocks":[],"private_staff_links_title":"","private_staff_links":[],"legal_topic_menu":[],"sb_display_type":"","sb_people_block":[]},"_links":{"self":[{"href":"https:\/\/nonprofitlaw.cleo.on.ca\/fr\/wp-json\/wp\/v2\/pages\/6460"}],"collection":[{"href":"https:\/\/nonprofitlaw.cleo.on.ca\/fr\/wp-json\/wp\/v2\/pages"}],"about":[{"href":"https:\/\/nonprofitlaw.cleo.on.ca\/fr\/wp-json\/wp\/v2\/types\/page"}],"author":[{"embeddable":true,"href":"https:\/\/nonprofitlaw.cleo.on.ca\/fr\/wp-json\/wp\/v2\/users\/19"}],"replies":[{"embeddable":true,"href":"https:\/\/nonprofitlaw.cleo.on.ca\/fr\/wp-json\/wp\/v2\/comments?post=6460"}],"version-history":[{"count":2,"href":"https:\/\/nonprofitlaw.cleo.on.ca\/fr\/wp-json\/wp\/v2\/pages\/6460\/revisions"}],"predecessor-version":[{"id":6463,"href":"https:\/\/nonprofitlaw.cleo.on.ca\/fr\/wp-json\/wp\/v2\/pages\/6460\/revisions\/6463"}],"up":[{"embeddable":true,"href":"https:\/\/nonprofitlaw.cleo.on.ca\/fr\/wp-json\/wp\/v2\/pages\/6272"}],"wp:attachment":[{"href":"https:\/\/nonprofitlaw.cleo.on.ca\/fr\/wp-json\/wp\/v2\/media?parent=6460"}],"curies":[{"name":"wp","href":"https:\/\/api.w.org\/{rel}","templated":true}]}}