{"id":6450,"date":"2024-07-22T05:45:04","date_gmt":"2024-07-22T09:45:04","guid":{"rendered":"https:\/\/nonprofitlaw.cleo.on.ca\/?page_id=6450"},"modified":"2024-07-22T11:36:30","modified_gmt":"2024-07-22T15:36:30","slug":"reunions-du-conseil-dadministration-et-assemblees-des-membres-tenues-par-voie-electronique","status":"publish","type":"page","link":"https:\/\/nonprofitlaw.cleo.on.ca\/fr\/garder-votre-statut\/reunions-et-assemblees\/reunions-du-conseil-dadministration-et-assemblees-des-membres-tenues-par-voie-electronique\/","title":{"rendered":"R\u00e9unions du conseil d\u2019administration et assembl\u00e9es des membres tenues par voie \u00e9lectronique"},"content":{"rendered":"\n<p>La pr\u00e9sente page vous indique ce que la Loi de 2010 sur les organisations sans but lucratif (LOSBL) de l\u2019Ontario pr\u00e9voit au sujet des r\u00e9unions du conseil d\u2019administration et des assembl\u00e9es des membres qui sont tenues par voie \u00e9lectronique. Les r\u00e9unions et assembl\u00e9es \u00e9lectroniques sont tenues en ligne ou par t\u00e9l\u00e9phone; elles peuvent aussi \u00eatre hybrides. Si la r\u00e9union ou l\u2019assembl\u00e9e est hybride, il est possible d\u2019y participer en personne ainsi que par un deuxi\u00e8me moyen, soit en ligne ou par t\u00e9l\u00e9phone.<\/p>\n\n\n\n<p>Si votre organisation a \u00e9t\u00e9 constitu\u00e9e en personne morale avant le 19 octobre 2021, il se peut que vos statuts ou vos r\u00e8glements administratifs ne soient pas conformes aux r\u00e8gles expos\u00e9es ci dessous. Vous avez jusqu\u2019au <strong>18 octobre 2024<\/strong> pour <a href=\"https:\/\/nonprofitlaw.cleo.on.ca\/fr\/future-loi\/etape-5-creer-vos-reglements-administratifs-ou-mettre-a-jour-vos-reglements-administratifs-existants\/vous-ne-mettez-pas-a-jour-les-documents-de-votre-organisation-sans-but-lucratif\/\">r\u00e9viser et mettre \u00e0 jour<\/a> vos statuts ou vos r\u00e8glements administratifs et les d\u00e9poser aupr\u00e8s du gouvernement de l\u2019Ontario. D\u2019ici l\u00e0, les r\u00e8gles pr\u00e9vues dans vos documents demeurent valides, dans la mesure o\u00f9 elles \u00e9taient valides avant l\u2019entr\u00e9e en vigueur de la LOSBL.<\/p>\n\n\n\n<h2 class=\"wp-block-heading\">R\u00e9unions et assembl\u00e9es par voie \u00e9lectronique<\/h2>\n\n\n\n<p>Vous pouvez d\u00e9sormais tenir des r\u00e9unions et des assembl\u00e9es en ligne ou par t\u00e9l\u00e9phone, ou encore, les tenir de fa\u00e7on hybride, sauf si vos statuts ou vos r\u00e8glements administratifs l\u2019interdisent.<\/p>\n\n\n\n<p>Pour qu\u2019une r\u00e9union ou une assembl\u00e9e \u00e9lectronique soit valide, toutes les personnes qui y assistent doivent disposer d\u2019un moyen de communiquer les unes avec les autres, par exemple, parler et entendre ce qui se dit ou clavarder en direct les unes avec les autres durant la r\u00e9union ou l\u2019assembl\u00e9e.<\/p>\n\n\n\n<p>Si vous comptez tenir une r\u00e9union ou une assembl\u00e9e par voie \u00e9lectronique, votre avis de convocation doit indiquer aux membres comment :<\/p>\n\n\n\n<ul>\n<li>se joindre \u00e0 la r\u00e9union ou \u00e0 l\u2019assembl\u00e9e et y participer;<\/li>\n\n\n\n<li>voter, si un vote aura lieu.<\/li>\n<\/ul>\n\n\n\n<p><div class=\"wc-shortcodes-accordion wc-shortcodes-item wc-shortcodes-accordion-collapse wc-shortcodes-accordion-layout-box\" data-behavior=\"autoclose\" data-start-state=\"collapse\"><br><div class=\"wc-shortcodes-accordion-trigger \"><a href=\"#\">Pouvons-nous tenir les r\u00e9unions du conseil d\u2019administration ou les assembl\u00e9es des membres en ligne ou par t\u00e9l\u00e9phone?<\/a><\/div><div class=\"wc-shortcodes-accordion-content-wrapper\"><div class=\"wc-shortcodes-accordion-content wc-shortcodes-content\"><\/p>\n\n\n\n<p>Oui, sauf si vos statuts ou vos r\u00e8glements administratifs vous interdisent de le faire (articles <a href=\"https:\/\/www.ontario.ca\/fr\/lois\/loi\/10n15#BK38\">34<\/a> et <a href=\"https:\/\/www.ontario.ca\/fr\/lois\/loi\/10n15#BK58\">53<\/a>).<\/p>\n\n\n\n<p>Si les membres doivent voter par voie \u00e9lectronique, vous devez vous assurer que seuls les membres habiles \u00e0 voter peuvent voter \u00e0 la r\u00e9union ou \u00e0 l\u2019assembl\u00e9e. Vous devez \u00e9galement vous assurer que leur vote est s\u00e9curis\u00e9 et secret, si vos statuts ou vos r\u00e8glements administratifs l\u2019exigent.<\/p>\n\n\n\n<p><\/div><\/div><\/p>\n\n\n\n<p><div class=\"wc-shortcodes-accordion-trigger \"><a href=\"#\">Pouvons-nous tenir les r\u00e9unions du conseil d\u2019administration par voie \u00e9lectronique?<\/a><\/div><div class=\"wc-shortcodes-accordion-content-wrapper\"><div class=\"wc-shortcodes-accordion-content wc-shortcodes-content\"><\/p>\n\n\n\n<p>Oui, sauf si vos statuts ou vos r\u00e8glements administratifs vous interdisent de le faire (<a href=\"https:\/\/www.ontario.ca\/fr\/lois\/loi\/10n15#BK38\">article 34<\/a>).<\/p>\n\n\n\n<p>La LOSBL pr\u00e9voit que, si vous tenez une r\u00e9union par voie \u00e9lectronique, la technologie que vous utilisez doit permettre \u00e0 toutes les personnes qui y assistent de communiquer les unes avec les autres durant la r\u00e9union.<\/p>\n\n\n\n<p><\/div><\/div><\/p>\n\n\n\n<p><div class=\"wc-shortcodes-accordion-trigger \"><a href=\"#\">Pouvons-nous tenir des r\u00e9unions ou des assembl\u00e9es \u00e9lectroniques par courriel?<\/a><\/div><div class=\"wc-shortcodes-accordion-content-wrapper\"><div class=\"wc-shortcodes-accordion-content wc-shortcodes-content\"><\/p>\n\n\n\n<p>Non. La LOSBL pr\u00e9cise que vous ne pouvez pas tenir de r\u00e9union ou d\u2019assembl\u00e9e par courriel.<\/p>\n\n\n\n<p>En vertu du paragraphe <a href=\"https:\/\/www.ontario.ca\/fr\/lois\/loi\/10n15#BK38\">(article 34)<\/a> de la LOSBL, toutes les personnes qui assistent \u00e0 une r\u00e9union ou une assembl\u00e9e doivent pouvoir communiquer les unes avec les autres de fa\u00e7on instantan\u00e9e.<br>Or, le courriel ne le permet pas.<\/p>\n\n\n\n<p><\/div><\/div><\/p>\n\n\n\n<p><div class=\"wc-shortcodes-accordion-trigger \"><a href=\"#\">Les membres ou le conseil d\u2019administration peuvent-ils voter par courriel?<\/a><\/div><div class=\"wc-shortcodes-accordion-content-wrapper\"><div class=\"wc-shortcodes-accordion-content wc-shortcodes-content\"><\/p>\n\n\n\n<p>Non. Les membres et les administrateurs ne peuvent voter que :<\/p>\n\n\n\n<ul>\n<li>soit par l\u2019adoption d\u2019une r\u00e9solution lors d\u2019une r\u00e9union ou d\u2019une assembl\u00e9e tenue en personne ou par voie \u00e9lectronique;<\/li>\n\n\n\n<li>soit par la signature d\u2019une r\u00e9solution \u00e9crite.<\/li>\n<\/ul>\n\n\n\n<p>Une r\u00e9solution \u00e9crite n\u2019est valide que si toutes les personnes habiles \u00e0 voter sur celle-ci la signent. Par cons\u00e9quent, une r\u00e9solution \u00e9crite n\u00e9cessiterait la signature de tous les administrateurs qui auraient pu voter \u00e0 une r\u00e9union du conseil d\u2019administration, dans le cas d\u2019une r\u00e9solution du conseil, ou de tous les membres qui auraient pu voter \u00e0 une assembl\u00e9e des membres, dans le cas d\u2019une r\u00e9solution des membres.<\/p>\n\n\n\n<p>En outre, si la r\u00e9solution est jointe \u00e0 un courriel, elle doit quand m\u00eame \u00eatre sign\u00e9e physiquement ou \u00e9lectroniquement par tous les administrateurs ou membres pour \u00eatre l\u00e9galement valide.<\/p>\n\n\n\n<p><\/div><\/div><\/p>\n\n\n\n<p><\/div><\/p>\n","protected":false},"excerpt":{"rendered":"<p>La pr\u00e9sente page vous indique ce que la Loi de 2010 sur les organisations sans but lucratif (LOSBL) de l\u2019Ontario pr\u00e9voit au sujet des r\u00e9unions du conseil d\u2019administration et des assembl\u00e9es des membres qui sont tenues par voie \u00e9lectronique. Les r\u00e9unions et assembl\u00e9es \u00e9lectroniques sont tenues en ligne ou par t\u00e9l\u00e9phone;<\/p>\n","protected":false},"author":19,"featured_media":0,"parent":1125,"menu_order":0,"comment_status":"closed","ping_status":"closed","template":"","meta":{"_cbd_carousel_blocks":"[]","footnotes":""},"yoast_head":"<!-- This site is optimized with the Yoast SEO plugin v21.0 - https:\/\/yoast.com\/wordpress\/plugins\/seo\/ -->\n<title>R\u00e9unions du conseil d\u2019administration et assembl\u00e9es des membres tenues par voie \u00e9lectronique - Nonprofit Law Ontario<\/title>\n<meta name=\"robots\" content=\"index, follow, max-snippet:-1, max-image-preview:large, max-video-preview:-1\" \/>\n<link rel=\"canonical\" href=\"https:\/\/nonprofitlaw.cleo.on.ca\/fr\/garder-votre-statut\/reunions-et-assemblees\/reunions-du-conseil-dadministration-et-assemblees-des-membres-tenues-par-voie-electronique\/\" \/>\n<meta property=\"og:locale\" content=\"fr_FR\" \/>\n<meta property=\"og:type\" content=\"article\" \/>\n<meta property=\"og:title\" content=\"R\u00e9unions du conseil d\u2019administration et assembl\u00e9es des membres tenues par voie \u00e9lectronique - Nonprofit Law Ontario\" \/>\n<meta property=\"og:description\" content=\"La pr\u00e9sente page vous indique ce que la Loi de 2010 sur les organisations sans but lucratif (LOSBL) de l\u2019Ontario pr\u00e9voit au sujet des r\u00e9unions du conseil d\u2019administration et des assembl\u00e9es des membres qui sont tenues par voie \u00e9lectronique. Les r\u00e9unions et assembl\u00e9es \u00e9lectroniques sont tenues en ligne ou par t\u00e9l\u00e9phone;\" \/>\n<meta property=\"og:url\" content=\"https:\/\/nonprofitlaw.cleo.on.ca\/fr\/garder-votre-statut\/reunions-et-assemblees\/reunions-du-conseil-dadministration-et-assemblees-des-membres-tenues-par-voie-electronique\/\" \/>\n<meta property=\"og:site_name\" content=\"Nonprofit Law Ontario\" \/>\n<meta property=\"article:modified_time\" content=\"2024-07-22T15:36:30+00:00\" \/>\n<meta name=\"twitter:label1\" content=\"Dur\u00e9e de lecture estim\u00e9e\" \/>\n\t<meta name=\"twitter:data1\" content=\"3 minutes\" \/>\n<script type=\"application\/ld+json\" class=\"yoast-schema-graph\">{\"@context\":\"https:\/\/schema.org\",\"@graph\":[{\"@type\":\"WebPage\",\"@id\":\"https:\/\/nonprofitlaw.cleo.on.ca\/fr\/garder-votre-statut\/reunions-et-assemblees\/reunions-du-conseil-dadministration-et-assemblees-des-membres-tenues-par-voie-electronique\/\",\"url\":\"https:\/\/nonprofitlaw.cleo.on.ca\/fr\/garder-votre-statut\/reunions-et-assemblees\/reunions-du-conseil-dadministration-et-assemblees-des-membres-tenues-par-voie-electronique\/\",\"name\":\"R\u00e9unions du conseil d\u2019administration et assembl\u00e9es des membres tenues par voie \u00e9lectronique - Nonprofit Law Ontario\",\"isPartOf\":{\"@id\":\"https:\/\/nonprofitlaw.cleo.on.ca\/#website\"},\"datePublished\":\"2024-07-22T09:45:04+00:00\",\"dateModified\":\"2024-07-22T15:36:30+00:00\",\"breadcrumb\":{\"@id\":\"https:\/\/nonprofitlaw.cleo.on.ca\/fr\/garder-votre-statut\/reunions-et-assemblees\/reunions-du-conseil-dadministration-et-assemblees-des-membres-tenues-par-voie-electronique\/#breadcrumb\"},\"inLanguage\":\"fr-FR\",\"potentialAction\":[{\"@type\":\"ReadAction\",\"target\":[\"https:\/\/nonprofitlaw.cleo.on.ca\/fr\/garder-votre-statut\/reunions-et-assemblees\/reunions-du-conseil-dadministration-et-assemblees-des-membres-tenues-par-voie-electronique\/\"]}]},{\"@type\":\"BreadcrumbList\",\"@id\":\"https:\/\/nonprofitlaw.cleo.on.ca\/fr\/garder-votre-statut\/reunions-et-assemblees\/reunions-du-conseil-dadministration-et-assemblees-des-membres-tenues-par-voie-electronique\/#breadcrumb\",\"itemListElement\":[{\"@type\":\"ListItem\",\"position\":1,\"name\":\"Home\",\"item\":\"https:\/\/nonprofitlaw.cleo.on.ca\/fr\/\"},{\"@type\":\"ListItem\",\"position\":2,\"name\":\"Garder votre statut\",\"item\":\"https:\/\/nonprofitlaw.cleo.on.ca\/fr\/garder-votre-statut\/\"},{\"@type\":\"ListItem\",\"position\":3,\"name\":\"R\u00e9unions et assembl\u00e9es\",\"item\":\"https:\/\/nonprofitlaw.cleo.on.ca\/fr\/garder-votre-statut\/reunions-et-assemblees\/\"},{\"@type\":\"ListItem\",\"position\":4,\"name\":\"R\u00e9unions du conseil d\u2019administration et assembl\u00e9es des membres tenues par voie \u00e9lectronique\"}]},{\"@type\":\"WebSite\",\"@id\":\"https:\/\/nonprofitlaw.cleo.on.ca\/#website\",\"url\":\"https:\/\/nonprofitlaw.cleo.on.ca\/\",\"name\":\"Nonprofit Law Ontario\",\"description\":\"Rules and tools for organizations\",\"potentialAction\":[{\"@type\":\"SearchAction\",\"target\":{\"@type\":\"EntryPoint\",\"urlTemplate\":\"https:\/\/nonprofitlaw.cleo.on.ca\/?s={search_term_string}\"},\"query-input\":\"required name=search_term_string\"}],\"inLanguage\":\"fr-FR\"}]}<\/script>\n<!-- \/ Yoast SEO plugin. -->","yoast_head_json":{"title":"R\u00e9unions du conseil d\u2019administration et assembl\u00e9es des membres tenues par voie \u00e9lectronique - Nonprofit Law Ontario","robots":{"index":"index","follow":"follow","max-snippet":"max-snippet:-1","max-image-preview":"max-image-preview:large","max-video-preview":"max-video-preview:-1"},"canonical":"https:\/\/nonprofitlaw.cleo.on.ca\/fr\/garder-votre-statut\/reunions-et-assemblees\/reunions-du-conseil-dadministration-et-assemblees-des-membres-tenues-par-voie-electronique\/","og_locale":"fr_FR","og_type":"article","og_title":"R\u00e9unions du conseil d\u2019administration et assembl\u00e9es des membres tenues par voie \u00e9lectronique - Nonprofit Law Ontario","og_description":"La pr\u00e9sente page vous indique ce que la Loi de 2010 sur les organisations sans but lucratif (LOSBL) de l\u2019Ontario pr\u00e9voit au sujet des r\u00e9unions du conseil d\u2019administration et des assembl\u00e9es des membres qui sont tenues par voie \u00e9lectronique. Les r\u00e9unions et assembl\u00e9es \u00e9lectroniques sont tenues en ligne ou par t\u00e9l\u00e9phone;","og_url":"https:\/\/nonprofitlaw.cleo.on.ca\/fr\/garder-votre-statut\/reunions-et-assemblees\/reunions-du-conseil-dadministration-et-assemblees-des-membres-tenues-par-voie-electronique\/","og_site_name":"Nonprofit Law Ontario","article_modified_time":"2024-07-22T15:36:30+00:00","twitter_misc":{"Dur\u00e9e de lecture estim\u00e9e":"3 minutes"},"schema":{"@context":"https:\/\/schema.org","@graph":[{"@type":"WebPage","@id":"https:\/\/nonprofitlaw.cleo.on.ca\/fr\/garder-votre-statut\/reunions-et-assemblees\/reunions-du-conseil-dadministration-et-assemblees-des-membres-tenues-par-voie-electronique\/","url":"https:\/\/nonprofitlaw.cleo.on.ca\/fr\/garder-votre-statut\/reunions-et-assemblees\/reunions-du-conseil-dadministration-et-assemblees-des-membres-tenues-par-voie-electronique\/","name":"R\u00e9unions du conseil d\u2019administration et assembl\u00e9es des membres tenues par voie \u00e9lectronique - Nonprofit Law Ontario","isPartOf":{"@id":"https:\/\/nonprofitlaw.cleo.on.ca\/#website"},"datePublished":"2024-07-22T09:45:04+00:00","dateModified":"2024-07-22T15:36:30+00:00","breadcrumb":{"@id":"https:\/\/nonprofitlaw.cleo.on.ca\/fr\/garder-votre-statut\/reunions-et-assemblees\/reunions-du-conseil-dadministration-et-assemblees-des-membres-tenues-par-voie-electronique\/#breadcrumb"},"inLanguage":"fr-FR","potentialAction":[{"@type":"ReadAction","target":["https:\/\/nonprofitlaw.cleo.on.ca\/fr\/garder-votre-statut\/reunions-et-assemblees\/reunions-du-conseil-dadministration-et-assemblees-des-membres-tenues-par-voie-electronique\/"]}]},{"@type":"BreadcrumbList","@id":"https:\/\/nonprofitlaw.cleo.on.ca\/fr\/garder-votre-statut\/reunions-et-assemblees\/reunions-du-conseil-dadministration-et-assemblees-des-membres-tenues-par-voie-electronique\/#breadcrumb","itemListElement":[{"@type":"ListItem","position":1,"name":"Home","item":"https:\/\/nonprofitlaw.cleo.on.ca\/fr\/"},{"@type":"ListItem","position":2,"name":"Garder votre statut","item":"https:\/\/nonprofitlaw.cleo.on.ca\/fr\/garder-votre-statut\/"},{"@type":"ListItem","position":3,"name":"R\u00e9unions et assembl\u00e9es","item":"https:\/\/nonprofitlaw.cleo.on.ca\/fr\/garder-votre-statut\/reunions-et-assemblees\/"},{"@type":"ListItem","position":4,"name":"R\u00e9unions du conseil d\u2019administration et assembl\u00e9es des membres tenues par voie \u00e9lectronique"}]},{"@type":"WebSite","@id":"https:\/\/nonprofitlaw.cleo.on.ca\/#website","url":"https:\/\/nonprofitlaw.cleo.on.ca\/","name":"Nonprofit Law Ontario","description":"Rules and tools for organizations","potentialAction":[{"@type":"SearchAction","target":{"@type":"EntryPoint","urlTemplate":"https:\/\/nonprofitlaw.cleo.on.ca\/?s={search_term_string}"},"query-input":"required name=search_term_string"}],"inLanguage":"fr-FR"}]}},"meta_box":{"page_show_banner":"0","page_banner_type":"banner","page_banner_title":"","page_banner_title_color":"","page_banner_description":"","page_banner_image":[],"research_exclude_taxonomies":"","research_filter_form":"","research_results_style":"","research_posts_per_page":"","contact_page_template_layout":"","contact_shortcode":"","contact_address":"","contact_address_details":"","contact_map":{"latitude":"","longitude":"","zoom":""},"remove_map":"","contact_company_name":"","contact_company_phones":[],"contact_company_email":"","contact_textarea":"","contact_other_text_block":"","contact_other_locations_show":"","contact_other_locations_title":"","contact_other_locations_type":"","contact_other_locations":[],"contact_gmaps_zoom_control":"","contact_gmaps_map_type_control":"","contact_gmaps_scaleControl":"","contact_gmaps_streetViewControl":"","contact_gmaps_rotateControl":"","contact_gmaps_fullscreenControl":"","location_gmaps_zoom_control":"","location_gmaps_map_type_control":"","location_gmaps_scaleControl":"","location_gmaps_streetViewControl":"","location_gmaps_rotateControl":"","location_gmaps_fullscreenControl":"","menu_page_links_type":"","menu_page_links":[],"menu_page_links_bottom_content":"","external_links_type":"","external_links":[],"external_sublinks":[],"private_staff_information_blocks":[],"private_staff_links_title":"","private_staff_links":[],"legal_topic_menu":[],"sb_display_type":"","sb_people_block":[]},"_links":{"self":[{"href":"https:\/\/nonprofitlaw.cleo.on.ca\/fr\/wp-json\/wp\/v2\/pages\/6450"}],"collection":[{"href":"https:\/\/nonprofitlaw.cleo.on.ca\/fr\/wp-json\/wp\/v2\/pages"}],"about":[{"href":"https:\/\/nonprofitlaw.cleo.on.ca\/fr\/wp-json\/wp\/v2\/types\/page"}],"author":[{"embeddable":true,"href":"https:\/\/nonprofitlaw.cleo.on.ca\/fr\/wp-json\/wp\/v2\/users\/19"}],"replies":[{"embeddable":true,"href":"https:\/\/nonprofitlaw.cleo.on.ca\/fr\/wp-json\/wp\/v2\/comments?post=6450"}],"version-history":[{"count":1,"href":"https:\/\/nonprofitlaw.cleo.on.ca\/fr\/wp-json\/wp\/v2\/pages\/6450\/revisions"}],"predecessor-version":[{"id":6451,"href":"https:\/\/nonprofitlaw.cleo.on.ca\/fr\/wp-json\/wp\/v2\/pages\/6450\/revisions\/6451"}],"up":[{"embeddable":true,"href":"https:\/\/nonprofitlaw.cleo.on.ca\/fr\/wp-json\/wp\/v2\/pages\/1125"}],"wp:attachment":[{"href":"https:\/\/nonprofitlaw.cleo.on.ca\/fr\/wp-json\/wp\/v2\/media?parent=6450"}],"curies":[{"name":"wp","href":"https:\/\/api.w.org\/{rel}","templated":true}]}}