{"id":6245,"date":"2024-07-04T00:13:05","date_gmt":"2024-07-04T04:13:05","guid":{"rendered":"https:\/\/nonprofitlaw.cleo.on.ca\/?page_id=6245"},"modified":"2024-07-11T12:37:49","modified_gmt":"2024-07-11T16:37:49","slug":"adresse-de-lorganisation","status":"publish","type":"page","link":"https:\/\/nonprofitlaw.cleo.on.ca\/fr\/constituer-en-personne-morale\/comment-se-constituer-en-personne-morale\/adresse-de-lorganisation\/","title":{"rendered":"Adresse de l\u2019organisation"},"content":{"rendered":"\n<p>Selon la LOSBL, l\u2019adresse de votre organisation doit \u00eatre une adresse r\u00e9elle en Ontario. De plus, elle doit \u00eatre enregistr\u00e9e dans le Registre des entreprises de l\u2019Ontario. Une case postale n\u2019est <strong>pas <\/strong>consid\u00e9r\u00e9e comme une adresse valide.<\/p>\n\n\n\n<p>La pr\u00e9sente page explique pourquoi vous avez besoin d\u2019une adresse r\u00e9elle et quels types d\u2019adresses sont valides.<\/p>\n\n\n\n<p>Si votre organisation a \u00e9t\u00e9 constitu\u00e9e en personne morale avant la proclamation de la LOSBL le 19 octobre 2021, il se peut que vos statuts ou vos r\u00e8glements administratifs ne soient pas conformes aux r\u00e8gles expos\u00e9es ci dessous. Vous avez jusqu\u2019au <strong>18 octobre 2024<\/strong> pour adapter vos documents aux nouvelles r\u00e8gles. D\u2019ici l\u00e0, les r\u00e8gles pr\u00e9vues dans vos statuts et vos r\u00e8glements administratifs demeurent valides, dans la mesure o\u00f9 elles \u00e9taient valides avant l\u2019entr\u00e9e en vigueur de la LOSBL.<\/p>\n\n\n\n<p><strong>L\u2019adresse de l\u2019organisation sans but lucratif est celle de son si\u00e8ge officiel que vous enregistrez aupr\u00e8s du gouvernement de l\u2019Ontario.<\/strong><\/p>\n\n\n\n<p>La LOSBL s\u2019attend \u00e0 ce que les organisations sans but lucratif (OSBL) conservent leurs registres \u00e0 cette adresse. Il s\u2019agit \u00e9galement de l\u2019adresse \u00e0 laquelle le gouvernement de l\u2019Ontario envoie des documents importants par la poste.<\/p>\n\n\n\n<p><strong>Vous pouvez avoir besoin d\u2019une adresse r\u00e9elle pour de nombreuses raisons.<\/strong><\/p>\n\n\n\n<p>Il en est ainsi parce que votre adresse r\u00e9elle est, par exemple :<\/p>\n\n\n\n<ul>\n<li>l\u2019emplacement par d\u00e9faut pour conserver les documents qui doivent \u00eatre accessibles aux administrateurs, membres, v\u00e9rificateurs ou autres personnes autoris\u00e9es, sauf si votre conseil d\u2019administration adopte une r\u00e9solution qui d\u00e9signe un autre emplacement;<\/li>\n\n\n\n<li>l\u2019adresse \u00e0 laquelle le gouvernement de l\u2019Ontario envoie par la pste des renseignements importants, comme votre cl\u00e9 d\u2019entreprise;<\/li>\n<\/ul>\n\n\n\n<ul>\n<li>l\u2019emplacement par d\u00e9faut o\u00f9 se tiennent les r\u00e9unions du conseil d\u2019administration et les assembl\u00e9es des membres, si vos documents constitutifs ne d\u00e9signent aucun autre emplacement.<\/li>\n<\/ul>\n\n\n\n<p><strong>Si vous n\u2019avez pas d\u2019adresse r\u00e9elle valide, vous pouvez utiliser, \u00e0 condition d\u2019en avoir re\u00e7u l\u2019autorisation<\/strong>: <\/p>\n\n\n\n<ul>\n<li>l\u2019adresse d\u2019un espace de travail partag\u00e9;<\/li>\n\n\n\n<li>l\u2019adresse d\u2019un cabinet d\u2019avocats ou de comptables;<\/li>\n\n\n\n<li>l\u2019adresse personnelle d\u2019un administrateur ou dirigeant.<\/li>\n<\/ul>\n\n\n\n<p>L\u2019adresse que vous utilisez para\u00eetra dans tous les dossiers publics de votre OSBL.<\/p>\n","protected":false},"excerpt":{"rendered":"<p>Selon la LOSBL, l\u2019adresse de votre organisation doit \u00eatre une adresse r\u00e9elle en Ontario. De plus, elle doit \u00eatre enregistr\u00e9e dans le Registre des entreprises de l\u2019Ontario. Une case postale n\u2019est pas consid\u00e9r\u00e9e comme une adresse valide.<\/p>\n<p>La pr\u00e9sente page explique pourquoi vous avez besoin d\u2019une adresse r\u00e9elle et quels types d\u2019adresses sont valides.<\/p>\n","protected":false},"author":19,"featured_media":0,"parent":2434,"menu_order":0,"comment_status":"closed","ping_status":"closed","template":"","meta":{"_cbd_carousel_blocks":"[]","footnotes":""},"yoast_head":"<!-- This site is optimized with the Yoast SEO plugin v21.0 - https:\/\/yoast.com\/wordpress\/plugins\/seo\/ -->\n<title>Adresse de l\u2019organisation - Nonprofit Law Ontario<\/title>\n<meta name=\"robots\" content=\"index, follow, max-snippet:-1, max-image-preview:large, max-video-preview:-1\" \/>\n<link rel=\"canonical\" href=\"https:\/\/nonprofitlaw.cleo.on.ca\/fr\/constituer-en-personne-morale\/comment-se-constituer-en-personne-morale\/adresse-de-lorganisation\/\" \/>\n<meta property=\"og:locale\" content=\"fr_FR\" \/>\n<meta property=\"og:type\" content=\"article\" \/>\n<meta property=\"og:title\" content=\"Adresse de l\u2019organisation - Nonprofit Law Ontario\" \/>\n<meta property=\"og:description\" content=\"Selon la LOSBL, l\u2019adresse de votre organisation doit \u00eatre une adresse r\u00e9elle en Ontario. De plus, elle doit \u00eatre enregistr\u00e9e dans le Registre des entreprises de l\u2019Ontario. Une case postale n\u2019est pas consid\u00e9r\u00e9e comme une adresse valide.  La pr\u00e9sente page explique pourquoi vous avez besoin d\u2019une adresse r\u00e9elle et quels types d\u2019adresses sont valides.\" \/>\n<meta property=\"og:url\" content=\"https:\/\/nonprofitlaw.cleo.on.ca\/fr\/constituer-en-personne-morale\/comment-se-constituer-en-personne-morale\/adresse-de-lorganisation\/\" \/>\n<meta property=\"og:site_name\" content=\"Nonprofit Law Ontario\" \/>\n<meta property=\"article:modified_time\" content=\"2024-07-11T16:37:49+00:00\" \/>\n<meta name=\"twitter:label1\" content=\"Dur\u00e9e de lecture estim\u00e9e\" \/>\n\t<meta name=\"twitter:data1\" content=\"2 minutes\" \/>\n<script type=\"application\/ld+json\" class=\"yoast-schema-graph\">{\"@context\":\"https:\/\/schema.org\",\"@graph\":[{\"@type\":\"WebPage\",\"@id\":\"https:\/\/nonprofitlaw.cleo.on.ca\/fr\/constituer-en-personne-morale\/comment-se-constituer-en-personne-morale\/adresse-de-lorganisation\/\",\"url\":\"https:\/\/nonprofitlaw.cleo.on.ca\/fr\/constituer-en-personne-morale\/comment-se-constituer-en-personne-morale\/adresse-de-lorganisation\/\",\"name\":\"Adresse de l\u2019organisation - Nonprofit Law Ontario\",\"isPartOf\":{\"@id\":\"https:\/\/nonprofitlaw.cleo.on.ca\/#website\"},\"datePublished\":\"2024-07-04T04:13:05+00:00\",\"dateModified\":\"2024-07-11T16:37:49+00:00\",\"breadcrumb\":{\"@id\":\"https:\/\/nonprofitlaw.cleo.on.ca\/fr\/constituer-en-personne-morale\/comment-se-constituer-en-personne-morale\/adresse-de-lorganisation\/#breadcrumb\"},\"inLanguage\":\"fr-FR\",\"potentialAction\":[{\"@type\":\"ReadAction\",\"target\":[\"https:\/\/nonprofitlaw.cleo.on.ca\/fr\/constituer-en-personne-morale\/comment-se-constituer-en-personne-morale\/adresse-de-lorganisation\/\"]}]},{\"@type\":\"BreadcrumbList\",\"@id\":\"https:\/\/nonprofitlaw.cleo.on.ca\/fr\/constituer-en-personne-morale\/comment-se-constituer-en-personne-morale\/adresse-de-lorganisation\/#breadcrumb\",\"itemListElement\":[{\"@type\":\"ListItem\",\"position\":1,\"name\":\"Home\",\"item\":\"https:\/\/nonprofitlaw.cleo.on.ca\/fr\/\"},{\"@type\":\"ListItem\",\"position\":2,\"name\":\"Se constituer en personne morale\",\"item\":\"https:\/\/nonprofitlaw.cleo.on.ca\/fr\/constituer-en-personne-morale\/\"},{\"@type\":\"ListItem\",\"position\":3,\"name\":\"Comment se constituer en personne morale ?\",\"item\":\"https:\/\/nonprofitlaw.cleo.on.ca\/fr\/constituer-en-personne-morale\/comment-se-constituer-en-personne-morale\/\"},{\"@type\":\"ListItem\",\"position\":4,\"name\":\"Adresse de l\u2019organisation\"}]},{\"@type\":\"WebSite\",\"@id\":\"https:\/\/nonprofitlaw.cleo.on.ca\/#website\",\"url\":\"https:\/\/nonprofitlaw.cleo.on.ca\/\",\"name\":\"Nonprofit Law Ontario\",\"description\":\"Rules and tools for organizations\",\"potentialAction\":[{\"@type\":\"SearchAction\",\"target\":{\"@type\":\"EntryPoint\",\"urlTemplate\":\"https:\/\/nonprofitlaw.cleo.on.ca\/?s={search_term_string}\"},\"query-input\":\"required name=search_term_string\"}],\"inLanguage\":\"fr-FR\"}]}<\/script>\n<!-- \/ Yoast SEO plugin. -->","yoast_head_json":{"title":"Adresse de l\u2019organisation - Nonprofit Law Ontario","robots":{"index":"index","follow":"follow","max-snippet":"max-snippet:-1","max-image-preview":"max-image-preview:large","max-video-preview":"max-video-preview:-1"},"canonical":"https:\/\/nonprofitlaw.cleo.on.ca\/fr\/constituer-en-personne-morale\/comment-se-constituer-en-personne-morale\/adresse-de-lorganisation\/","og_locale":"fr_FR","og_type":"article","og_title":"Adresse de l\u2019organisation - Nonprofit Law Ontario","og_description":"Selon la LOSBL, l\u2019adresse de votre organisation doit \u00eatre une adresse r\u00e9elle en Ontario. De plus, elle doit \u00eatre enregistr\u00e9e dans le Registre des entreprises de l\u2019Ontario. Une case postale n\u2019est pas consid\u00e9r\u00e9e comme une adresse valide.  La pr\u00e9sente page explique pourquoi vous avez besoin d\u2019une adresse r\u00e9elle et quels types d\u2019adresses sont valides.","og_url":"https:\/\/nonprofitlaw.cleo.on.ca\/fr\/constituer-en-personne-morale\/comment-se-constituer-en-personne-morale\/adresse-de-lorganisation\/","og_site_name":"Nonprofit Law Ontario","article_modified_time":"2024-07-11T16:37:49+00:00","twitter_misc":{"Dur\u00e9e de lecture estim\u00e9e":"2 minutes"},"schema":{"@context":"https:\/\/schema.org","@graph":[{"@type":"WebPage","@id":"https:\/\/nonprofitlaw.cleo.on.ca\/fr\/constituer-en-personne-morale\/comment-se-constituer-en-personne-morale\/adresse-de-lorganisation\/","url":"https:\/\/nonprofitlaw.cleo.on.ca\/fr\/constituer-en-personne-morale\/comment-se-constituer-en-personne-morale\/adresse-de-lorganisation\/","name":"Adresse de l\u2019organisation - Nonprofit Law Ontario","isPartOf":{"@id":"https:\/\/nonprofitlaw.cleo.on.ca\/#website"},"datePublished":"2024-07-04T04:13:05+00:00","dateModified":"2024-07-11T16:37:49+00:00","breadcrumb":{"@id":"https:\/\/nonprofitlaw.cleo.on.ca\/fr\/constituer-en-personne-morale\/comment-se-constituer-en-personne-morale\/adresse-de-lorganisation\/#breadcrumb"},"inLanguage":"fr-FR","potentialAction":[{"@type":"ReadAction","target":["https:\/\/nonprofitlaw.cleo.on.ca\/fr\/constituer-en-personne-morale\/comment-se-constituer-en-personne-morale\/adresse-de-lorganisation\/"]}]},{"@type":"BreadcrumbList","@id":"https:\/\/nonprofitlaw.cleo.on.ca\/fr\/constituer-en-personne-morale\/comment-se-constituer-en-personne-morale\/adresse-de-lorganisation\/#breadcrumb","itemListElement":[{"@type":"ListItem","position":1,"name":"Home","item":"https:\/\/nonprofitlaw.cleo.on.ca\/fr\/"},{"@type":"ListItem","position":2,"name":"Se constituer en personne morale","item":"https:\/\/nonprofitlaw.cleo.on.ca\/fr\/constituer-en-personne-morale\/"},{"@type":"ListItem","position":3,"name":"Comment se constituer en personne morale ?","item":"https:\/\/nonprofitlaw.cleo.on.ca\/fr\/constituer-en-personne-morale\/comment-se-constituer-en-personne-morale\/"},{"@type":"ListItem","position":4,"name":"Adresse de l\u2019organisation"}]},{"@type":"WebSite","@id":"https:\/\/nonprofitlaw.cleo.on.ca\/#website","url":"https:\/\/nonprofitlaw.cleo.on.ca\/","name":"Nonprofit Law Ontario","description":"Rules and tools for organizations","potentialAction":[{"@type":"SearchAction","target":{"@type":"EntryPoint","urlTemplate":"https:\/\/nonprofitlaw.cleo.on.ca\/?s={search_term_string}"},"query-input":"required name=search_term_string"}],"inLanguage":"fr-FR"}]}},"meta_box":{"page_show_banner":"0","page_banner_type":"banner","page_banner_title":"","page_banner_title_color":"","page_banner_description":"","page_banner_image":[],"research_exclude_taxonomies":"","research_filter_form":"","research_results_style":"","research_posts_per_page":"","contact_page_template_layout":"","contact_shortcode":"","contact_address":"","contact_address_details":"","contact_map":{"latitude":"","longitude":"","zoom":""},"remove_map":"","contact_company_name":"","contact_company_phones":[],"contact_company_email":"","contact_textarea":"","contact_other_text_block":"","contact_other_locations_show":"","contact_other_locations_title":"","contact_other_locations_type":"","contact_other_locations":[],"contact_gmaps_zoom_control":"","contact_gmaps_map_type_control":"","contact_gmaps_scaleControl":"","contact_gmaps_streetViewControl":"","contact_gmaps_rotateControl":"","contact_gmaps_fullscreenControl":"","location_gmaps_zoom_control":"","location_gmaps_map_type_control":"","location_gmaps_scaleControl":"","location_gmaps_streetViewControl":"","location_gmaps_rotateControl":"","location_gmaps_fullscreenControl":"","menu_page_links_type":"","menu_page_links":[],"menu_page_links_bottom_content":"","external_links_type":"","external_links":[],"external_sublinks":[],"private_staff_information_blocks":[],"private_staff_links_title":"","private_staff_links":[],"legal_topic_menu":[],"sb_display_type":"","sb_people_block":[]},"_links":{"self":[{"href":"https:\/\/nonprofitlaw.cleo.on.ca\/fr\/wp-json\/wp\/v2\/pages\/6245"}],"collection":[{"href":"https:\/\/nonprofitlaw.cleo.on.ca\/fr\/wp-json\/wp\/v2\/pages"}],"about":[{"href":"https:\/\/nonprofitlaw.cleo.on.ca\/fr\/wp-json\/wp\/v2\/types\/page"}],"author":[{"embeddable":true,"href":"https:\/\/nonprofitlaw.cleo.on.ca\/fr\/wp-json\/wp\/v2\/users\/19"}],"replies":[{"embeddable":true,"href":"https:\/\/nonprofitlaw.cleo.on.ca\/fr\/wp-json\/wp\/v2\/comments?post=6245"}],"version-history":[{"count":3,"href":"https:\/\/nonprofitlaw.cleo.on.ca\/fr\/wp-json\/wp\/v2\/pages\/6245\/revisions"}],"predecessor-version":[{"id":6409,"href":"https:\/\/nonprofitlaw.cleo.on.ca\/fr\/wp-json\/wp\/v2\/pages\/6245\/revisions\/6409"}],"up":[{"embeddable":true,"href":"https:\/\/nonprofitlaw.cleo.on.ca\/fr\/wp-json\/wp\/v2\/pages\/2434"}],"wp:attachment":[{"href":"https:\/\/nonprofitlaw.cleo.on.ca\/fr\/wp-json\/wp\/v2\/media?parent=6245"}],"curies":[{"name":"wp","href":"https:\/\/api.w.org\/{rel}","templated":true}]}}