{"id":6240,"date":"2024-07-03T23:56:20","date_gmt":"2024-07-04T03:56:20","guid":{"rendered":"https:\/\/nonprofitlaw.cleo.on.ca\/?page_id=6240"},"modified":"2024-07-04T09:36:16","modified_gmt":"2024-07-04T13:36:16","slug":"denomination-de-lorganisation-sans-but-lucratif","status":"publish","type":"page","link":"https:\/\/nonprofitlaw.cleo.on.ca\/fr\/constituer-en-personne-morale\/denomination-de-lorganisation-sans-but-lucratif\/","title":{"rendered":"D\u00e9nomination de l\u2019organisation sans but lucratif"},"content":{"rendered":"\n<p>La pr\u00e9sente page explique les r\u00e8gles et le processus que vous devez suivre, en vertu de la Loi de 2010 sur les organisations sans but lucratif (LOSBL) de l\u2019Ontario, lorsque vous donnez une d\u00e9nomination \u00e0 votre organisation ou que vous modifiez sa d\u00e9nomination.<\/p>\n\n\n\n<p>La LOSBL est entr\u00e9e en vigueur le 19 octobre 2021. Toutes les organisations sans but lucratif (OSBL) constitu\u00e9es en personne morale avant cette date ont jusqu\u2019au 18 octobre 2024 pour se conformer enti\u00e8rement \u00e0 cette loi. Pour ce faire, vous devez notamment r\u00e9viser et mettre \u00e0 jour vos r\u00e8glements administratifs ainsi que pr\u00e9parer des statuts de modification et les d\u00e9poser aupr\u00e8s du gouvernement de l\u2019Ontario.<\/p>\n\n\n\n<p>D\u2019ici l\u00e0, les r\u00e8gles pr\u00e9vues dans vos statuts et vos r\u00e8glements administratifs demeurent valides, dans la mesure o\u00f9 elles \u00e9taient conformes \u00e0 la Loi sur les personnes morales de l\u2019Ontario. Les statuts sont aussi appel\u00e9s \u00ab lettres patentes \u00bb.<\/p>\n\n\n<div class=\"wc-shortcodes-accordion wc-shortcodes-item wc-shortcodes-accordion-collapse wc-shortcodes-accordion-layout-box\" data-behavior=\"autoclose\" data-start-state=\"collapse\">\n\n\n\n<p><div class=\"wc-shortcodes-accordion-trigger \"><a href=\"#\">Quelles sont les r\u00e8gles relatives \u00e0 la d\u00e9nomination d\u2019une organisation sans but lucratif?<\/a><\/div><div class=\"wc-shortcodes-accordion-content-wrapper\"><div class=\"wc-shortcodes-accordion-content wc-shortcodes-content\"><br>Voici quelques aspects \u00e0 ne pas oublier dans la d\u00e9nomination d\u2019une OSBL. La d\u00e9nomination doit :<\/p>\n\n\n\n<ul>\n<li><strong>\u00catre distinctive<\/strong> : elle ne peut pas \u00eatre identique ou tr\u00e8s semblable \u00e0 la d\u00e9nomination d\u2019une organisation existante, comme une autre OSBL, une entreprise, ou m\u00eame une marque de commerce.<\/li>\n\n\n\n<li><\/li>\n\n\n\n<li><strong>\u00catre pr\u00e9cise<\/strong> : si la d\u00e9nomination est trop g\u00e9n\u00e9rale, elle risque d\u2019\u00eatre semblable \u00e0 une autre d\u00e9nomination.<\/li>\n\n\n\n<li><strong>Omettre les mots interdits<\/strong> : le r\u00e8glement d\u2019application de la LOSBL ne permet pas aux organisations d\u2019utiliser certains mots dans leur d\u00e9nomination, par exemple :\n<ul>\n<li>les termes \u00ab fondation \u00bb ou \u00ab organisme de bienfaisance \u00bb, s\u2019il ne s\u2019agit pas d\u2019un organisme de bienfaisance;<\/li>\n\n\n\n<li>les termes \u00ab coop\u00e9rative \u00bb ou \u00ab condominium \u00bb et d\u2019autres mots semblables qui donnent \u00e0 penser que l\u2019OSBL est r\u00e9gie par une loi autre que la LOSBL;<\/li>\n\n\n\n<li>o les mots \u00ab Canada \u00bb ou \u00ab Ontario \u00bb, s\u2019ils sont utilis\u00e9s de mani\u00e8re \u00e0 sugg\u00e9rer que l\u2019organisation est une branche du gouvernement;<\/li>\n\n\n\n<li>o les mots \u00ab coll\u00e8ge \u00bb ou \u00ab universit\u00e9 \u00bb, s\u2019ils donnent \u00e0 penser que l\u2019organisation est accr\u00e9dit\u00e9e en tant que coll\u00e8ge ou universit\u00e9. Vous devez obtenir l\u2019autorisation du ministre des Coll\u00e8ges et Universit\u00e9s pour inclure ces mots dans votre d\u00e9nomination;<\/li>\n\n\n\n<li>o tout mot obsc\u00e8ne ou offensant, dans quelque langue que ce soit;<\/li>\n\n\n\n<li>o le nom d\u2019une personne, sauf si vous avez obtenu son autorisation;<\/li>\n\n\n\n<li>o les mots \u00ab limit\u00e9e \u00bb ou \u00ab lt\u00e9e \u00bb.<\/li>\n<\/ul>\n<\/li>\n\n\n\n<li>Compter 120 caract\u00e8res au maximum.<\/li>\n<\/ul>\n\n\n\n<p>La partie 2 du <a href=\"https:\/\/www.publications.gov.on.ca\/fr\/301543\">Guide \u00e0 l\u2019intention des fondateurs de personnes morales sans but lucratif <\/a>pr\u00e9sente toutes les r\u00e8gles que vous devez suivre concernant la d\u00e9nomination d\u2019une OSBL. Vous y trouverez \u00e9galement une liste de contr\u00f4le pratique des r\u00e8gles \u00e0 respecter. Le gouvernement de l\u2019Ontario dispose en <a href=\"https:\/\/www.ontario.ca\/fr\/lois\/reglement\/r21394\">outre d\u2019un r\u00e8glement <\/a>sur les d\u00e9nominations.<\/p>\n\n\n\n<p><\/div><\/div><\/p>\n\n\n\n<p><div class=\"wc-shortcodes-accordion-trigger \"><a href=\"#\">Comment puis-je m\u2019assurer que mon organisation sans but lucratif choisit une d\u00e9nomination diff\u00e9rente de celle d\u2019une autre entreprise ou d\u2019une autre OSBL?<\/a><\/div><div class=\"wc-shortcodes-accordion-content-wrapper\"><div class=\"wc-shortcodes-accordion-content wc-shortcodes-content\"><\/p>\n\n\n\n<p>Voici quelques conseils pour choisir une d\u00e9nomination unique :<\/p>\n\n\n\n<ul>\n<li>Effectuez une recherche dans la base de donn\u00e9es sur les marques de commerce canadiennes de l\u2019Office de la propri\u00e9t\u00e9 intellectuelle du Canada; utilisez diff\u00e9rents crit\u00e8res pour trouver des d\u00e9nominations semblables \u00e0 celle que vous souhaitez retenir. Cette recherche est gratuite.<\/li>\n\n\n\n<li>Payez les frais d\u2019obtention d\u2019un rapport NUANS (\u00ab Newly Updated Automatic Names Search \u00bb). Ce rapport dresse la liste des d\u00e9nominations d\u2019autres organisations, dont les personnes morales, les soci\u00e9t\u00e9s de personnes, les entreprises enregistr\u00e9es et les OSBL, qui sont semblables \u00e0 la v\u00f4tre. Une soci\u00e9t\u00e9 priv\u00e9e se charge d\u2019effectuer cette recherche. Les r\u00e9sultats ne sont valables que pour une dur\u00e9e de 90 jours.<\/li>\n\n\n\n<li>Effectuez des recherches sur Internet pour trouver d\u2019autres d\u00e9nominations qui pourraient \u00eatre semblables \u00e0 celle que vous souhaitez utiliser. Il est important de faire ce type de recherches puisque les d\u00e9nominations des organismes non constitu\u00e9s en personne morale, qu\u2019il s\u2019agisse d\u2019entreprises ou d\u2019OSBL, ne sont pas enregistr\u00e9es et ne figurent donc pas dans le rapport NUANS. <\/li>\n<\/ul>\n\n\n\n<p>Pour en savoir plus sur les r\u00e8gles de la LOSBL concernant les d\u00e9nominations des OSBL, consultez la partie 2 du <a href=\"http:\/\/publications.gov.on.ca\/fr\/301543\">Guide \u00e0 l\u2019intention des fondateurs de personnes morales sans but lucratif<\/a>. Le gouvernement de l\u2019Ontario dispose <a href=\"https:\/\/www.ontario.ca\/fr\/lois\/reglement\/r21394\">en outre d\u2019un r\u00e8glement<\/a> sur les d\u00e9nominations.<\/p>\n\n\n\n<p><\/div><\/div><\/p>\n\n\n\n<p><div class=\"wc-shortcodes-accordion-trigger \"><a href=\"#\">Que se passe-t-il si la d\u00e9nomination que nous utilisons ne correspond pas \u00e0 celle qui figure dans nos documents juridiques?<\/a><\/div><div class=\"wc-shortcodes-accordion-content-wrapper\"><div class=\"wc-shortcodes-accordion-content wc-shortcodes-content\"><\/p>\n\n\n\n<p><strong>Une OSBL peut porter plusieurs noms.<\/strong> Elle peut avoir un nom officiel et un nom d\u2019usage courant. Le nom officiel est appel\u00e9 \u00ab d\u00e9nomination sociale \u00bb et le nom d\u2019usage courant est appel\u00e9 \u00ab d\u00e9nomination commerciale \u00bb ou \u00ab nom commercial \u00bb.<\/p>\n\n\n\n<p><strong>Votre d\u00e9nomination sociale est votre nom l\u00e9gal.<\/strong> Cette d\u00e9nomination doit \u00eatre utilis\u00e9e dans tous les documents commerciaux, juridiques et contractuels officiels de votre OSBL, de sorte que ceux ci indiquent clairement l\u2019organisation qu\u2019ils visent. La d\u00e9nomination sociale appara\u00eet dans les recherches du Registre des entreprises de l\u2019Ontario et dans les statuts constitutifs, ou dans les statuts de modification si l\u2019OSBL a modifi\u00e9 sa d\u00e9nomination par le pass\u00e9.<\/p>\n\n\n\n<p><strong>Votre d\u00e9nomination commerciale ou nom commercial est le nom sous lequel votre communaut\u00e9 vous conna\u00eet.<\/strong> Par exemple, il peut s\u2019agir du nom que vous utilisez sur votre site Web.<br>Il arrive qu\u2019une OSBL utilise l\u2019acronyme de sa d\u00e9nomination sociale comme d\u00e9nomination commerciale. Par exemple, Droit des organisations sans but lucratif en Ontario est un projet de l\u2019ONN. L\u2019acronyme \u00ab ONN \u00bb est une d\u00e9nomination commerciale, tandis que \u00ab Ontario Nonprofit Network \u00bb est la d\u00e9nomination sociale de l\u2019organisation.<\/p>\n\n\n\n<p>Les d\u00e9nominations ou noms commerciaux doivent \u00eatre conformes \u00e0 la Loi sur les noms commerciaux. Cette loi pr\u00e9voit que les noms commerciaux doivent \u00eatre enregistr\u00e9s aupr\u00e8s du gouvernement de l\u2019Ontario. Donc, si votre organisation souhaite utiliser un nom diff\u00e9rent, comme son acronyme, vous devez l\u2019enregistrer aupr\u00e8s du gouvernement de l\u2019Ontario.<\/p>\n\n\n\n<p>Apr\u00e8s avoir constitu\u00e9 votre OSBL en personne morale, vous pouvez enregistrer votre d\u00e9nomination commerciale ou nom commercial en ligne au moyen du Registre des entreprises de l\u2019Ontario ou du formulaire Enregistrer un nom commercial pour une personne morale \u2013 Loi sur les noms commerciaux.<\/p>\n\n\n\n<p>M\u00eame s\u2019ils contiennent le mot \u00ab commercial \u00bb, la Loi sur les noms commerciaux et le formulaire Enregistrer un nom commercial pour une personne morale \u2013 Loi sur les noms commerciaux s\u2019appliquent bel et bien aux OSBL.<\/p>\n\n\n\n<p><\/div><\/div><\/p>\n\n\n\n<p><div class=\"wc-shortcodes-accordion-trigger \"><a href=\"#\">Une organisation sans but lucratif peut-elle changer de d\u00e9nomination en vertu de la LOSBL?<\/a><\/div><div class=\"wc-shortcodes-accordion-content-wrapper\"><div class=\"wc-shortcodes-accordion-content wc-shortcodes-content\"><\/p>\n\n\n\n<p>Oui. La LOSBL permet \u00e0 une organisation sans but lucratif de changer sa d\u00e9nomination sociale. Pour le faire, l\u2019organisation doit d\u00e9poser des statuts de modification aupr\u00e8s du gouvernement de l\u2019Ontario. Ses membres doivent toutefois approuver au pr\u00e9alable un tel changement.<\/p>\n\n\n\n<p>Pour changer une d\u00e9nomination commerciale ou un nom commercial, vous n\u2019avez pas besoin d\u2019obtenir l\u2019approbation des membres ni de d\u00e9poser de statuts de modification aupr\u00e8s du gouvernement de l\u2019Ontario.<\/p>\n\n\n\n<p>Pour approuver un changement de d\u00e9nomination sociale, les membres doivent adopter une r\u00e9solution lors d\u2019une assembl\u00e9e des membres, par un vote favorable d\u2019au moins deux tiers (2\/3) des voix. Sinon, ils doivent adopter une r\u00e9solution \u00e9crite \u00e0 l\u2019unanimit\u00e9, ce qui signifie que chaque membre doit signer la r\u00e9solution.<\/p>\n\n\n\n<p>Vous devez adopter la r\u00e9solution avant de d\u00e9poser les statuts de modification.<\/p>\n\n\n\n<p>Vous devez \u00e9galement joindre aux statuts de modification un rapport NUANS officiel. Si vous ne soumettez pas ce rapport, vos statuts de modification seront rejet\u00e9s.<\/p>\n\n\n\n<p><a href=\"https:\/\/nonprofitlaw.cleo.on.ca\/fr\/garder-votre-statut\/depots-aupres-du-gouvernement\/\">Cette page<\/a> explique les diff\u00e9rentes fa\u00e7ons de d\u00e9poser les statuts de modification aupr\u00e8s du gouvernement de l\u2019Ontario.<\/p>\n\n\n\n<p><\/div><\/div><\/p>\n\n\n\n<p><div class=\"wc-shortcodes-accordion-trigger \"><a href=\"#\">Si la d\u00e9nomination de notre organisation sans but lucratif change, sommes-nous toujours la m\u00eame organisation?<\/a><\/div><div class=\"wc-shortcodes-accordion-content-wrapper\"><div class=\"wc-shortcodes-accordion-content wc-shortcodes-content\"><\/p>\n\n\n\n<p>Oui. Votre organisation sans but lucratif ne change pas; seule sa d\u00e9nomination a chang\u00e9.<\/p>\n\n\n\n<p><\/div><\/div><\/p>\n\n\n\n<p><div class=\"wc-shortcodes-accordion-trigger \"><a href=\"#\">Si mon organisation sans but lucratif change de d\u00e9nomination sociale, les contrats sign\u00e9s sous son ancienne d\u00e9nomination sont-ils toujours valables?<\/a><\/div><div class=\"wc-shortcodes-accordion-content-wrapper\"><div class=\"wc-shortcodes-accordion-content wc-shortcodes-content\"><\/p>\n\n\n\n<p>Oui. Les contrats sign\u00e9s sous l\u2019ancienne d\u00e9nomination sociale de l\u2019organisation sans but lucratif sont valables (LOSBL, par. 108 (2)). L\u2019OSBL reste la m\u00eame; seule sa d\u00e9nomination a chang\u00e9.<\/p>\n\n\n\n<p>De nombreux contrats pr\u00e9cisent \u00e9galement ce qui se passe en cas de changement de d\u00e9nomination de l\u2019OSBL, par exemple, l\u2019obligation d\u2019informer l\u2019autre partie du changement de d\u00e9nomination.<\/p>\n\n\n\n<p><\/div><\/div><\/p>\n\n\n\n<p><div class=\"wc-shortcodes-accordion-trigger \"><a href=\"#\">Qui a le droit d\u2019utiliser la d\u00e9nomination d\u2019une organisation sans but lucratif?<\/a><\/div><div class=\"wc-shortcodes-accordion-content-wrapper\"><div class=\"wc-shortcodes-accordion-content wc-shortcodes-content\"><\/p>\n\n\n\n<p>La constitution en personne morale d\u2019une organisation sans but lucratif (OSBL) vous donne certains droits. Les autres OSBL et entreprises ne peuvent pas utiliser votre d\u00e9nomination.<\/p>\n\n\n\n<p>Voil\u00e0 pourquoi, lorsque vous choisissez une d\u00e9nomination, vous devez d\u00e9poser un rapport NUANS aupr\u00e8s du gouvernement de l\u2019Ontario et y joindre vos statuts constitutifs, ou vos statuts de modification si vous changez de d\u00e9nomination. Le gouvernement v\u00e9rifie ce rapport pour s\u2019assurer que votre d\u00e9nomination n\u2019est pas identique ou tr\u00e8s semblable \u00e0 une autre d\u00e9nomination figurant dans le rapport.<\/p>\n\n\n\n<p>Toutefois, la constitution en personne morale d\u2019une OSBL n\u2019emp\u00eachera pas d\u2019autres personnes d\u2019essayer d\u2019utiliser votre d\u00e9nomination ou une d\u00e9nomination tr\u00e8s semblable \u00e0 la v\u00f4tre.<\/p>\n\n\n\n<p>Afin de prot\u00e9ger l\u00e9galement votre d\u00e9nomination, vous pouvez \u00e9galement d\u00e9poser une demande d\u2019enregistrement de marque de commerce au niveau f\u00e9d\u00e9ral aupr\u00e8s de l\u2019Office de la propri\u00e9t\u00e9 intellectuelle du Canada.<\/p>\n\n\n\n<p>Toutefois, la proc\u00e9dure de demande de marque de commerce est longue et peut \u00eatre co\u00fbteuse. Une fois que vous avez enregistr\u00e9 une marque de commerce, c\u2019est \u00e0 vous de vous assurer que d\u2019autres personnes n\u2019utilisent pas \u00e0 tort votre d\u00e9nomination. Si vous constatez qu\u2019une personne utilise votre d\u00e9nomination sans votre permission, il vous revient d\u2019intenter une action en justice contre elle pour l\u2019en emp\u00eacher.<\/p>\n\n\n\n<p><\/div><\/div><\/p>\n\n\n\n<p><\/div><\/p>\n","protected":false},"excerpt":{"rendered":"<p>La pr\u00e9sente page explique les r\u00e8gles et le processus que vous devez suivre, en vertu de la Loi de 2010 sur les organisations sans but lucratif (LOSBL) de l\u2019Ontario, lorsque vous donnez une d\u00e9nomination \u00e0 votre organisation ou que vous modifiez sa d\u00e9nomination.<\/p>\n<p>La LOSBL est entr\u00e9e en vigueur le 19 octobre 2021.<\/p>\n","protected":false},"author":19,"featured_media":0,"parent":3901,"menu_order":0,"comment_status":"closed","ping_status":"closed","template":"","meta":{"_cbd_carousel_blocks":"[]","footnotes":""},"yoast_head":"<!-- This site is optimized with the Yoast SEO plugin v21.0 - https:\/\/yoast.com\/wordpress\/plugins\/seo\/ -->\n<title>D\u00e9nomination de l\u2019organisation sans but lucratif - Nonprofit Law Ontario<\/title>\n<meta name=\"robots\" content=\"index, follow, max-snippet:-1, max-image-preview:large, max-video-preview:-1\" \/>\n<link rel=\"canonical\" href=\"https:\/\/nonprofitlaw.cleo.on.ca\/fr\/constituer-en-personne-morale\/denomination-de-lorganisation-sans-but-lucratif\/\" \/>\n<meta property=\"og:locale\" content=\"fr_FR\" \/>\n<meta property=\"og:type\" content=\"article\" \/>\n<meta property=\"og:title\" content=\"D\u00e9nomination de l\u2019organisation sans but lucratif - Nonprofit Law Ontario\" \/>\n<meta property=\"og:description\" content=\"La pr\u00e9sente page explique les r\u00e8gles et le processus que vous devez suivre, en vertu de la Loi de 2010 sur les organisations sans but lucratif (LOSBL) de l\u2019Ontario, lorsque vous donnez une d\u00e9nomination \u00e0 votre organisation ou que vous modifiez sa d\u00e9nomination.  La LOSBL est entr\u00e9e en vigueur le 19 octobre 2021.\" \/>\n<meta property=\"og:url\" content=\"https:\/\/nonprofitlaw.cleo.on.ca\/fr\/constituer-en-personne-morale\/denomination-de-lorganisation-sans-but-lucratif\/\" \/>\n<meta property=\"og:site_name\" content=\"Nonprofit Law Ontario\" \/>\n<meta property=\"article:modified_time\" content=\"2024-07-04T13:36:16+00:00\" \/>\n<meta name=\"twitter:label1\" content=\"Dur\u00e9e de lecture estim\u00e9e\" \/>\n\t<meta name=\"twitter:data1\" content=\"7 minutes\" \/>\n<script type=\"application\/ld+json\" class=\"yoast-schema-graph\">{\"@context\":\"https:\/\/schema.org\",\"@graph\":[{\"@type\":\"WebPage\",\"@id\":\"https:\/\/nonprofitlaw.cleo.on.ca\/fr\/constituer-en-personne-morale\/denomination-de-lorganisation-sans-but-lucratif\/\",\"url\":\"https:\/\/nonprofitlaw.cleo.on.ca\/fr\/constituer-en-personne-morale\/denomination-de-lorganisation-sans-but-lucratif\/\",\"name\":\"D\u00e9nomination de l\u2019organisation sans but lucratif - Nonprofit Law Ontario\",\"isPartOf\":{\"@id\":\"https:\/\/nonprofitlaw.cleo.on.ca\/#website\"},\"datePublished\":\"2024-07-04T03:56:20+00:00\",\"dateModified\":\"2024-07-04T13:36:16+00:00\",\"breadcrumb\":{\"@id\":\"https:\/\/nonprofitlaw.cleo.on.ca\/fr\/constituer-en-personne-morale\/denomination-de-lorganisation-sans-but-lucratif\/#breadcrumb\"},\"inLanguage\":\"fr-FR\",\"potentialAction\":[{\"@type\":\"ReadAction\",\"target\":[\"https:\/\/nonprofitlaw.cleo.on.ca\/fr\/constituer-en-personne-morale\/denomination-de-lorganisation-sans-but-lucratif\/\"]}]},{\"@type\":\"BreadcrumbList\",\"@id\":\"https:\/\/nonprofitlaw.cleo.on.ca\/fr\/constituer-en-personne-morale\/denomination-de-lorganisation-sans-but-lucratif\/#breadcrumb\",\"itemListElement\":[{\"@type\":\"ListItem\",\"position\":1,\"name\":\"Home\",\"item\":\"https:\/\/nonprofitlaw.cleo.on.ca\/fr\/\"},{\"@type\":\"ListItem\",\"position\":2,\"name\":\"Se constituer en personne morale\",\"item\":\"https:\/\/nonprofitlaw.cleo.on.ca\/fr\/constituer-en-personne-morale\/\"},{\"@type\":\"ListItem\",\"position\":3,\"name\":\"D\u00e9nomination de l\u2019organisation sans but lucratif\"}]},{\"@type\":\"WebSite\",\"@id\":\"https:\/\/nonprofitlaw.cleo.on.ca\/#website\",\"url\":\"https:\/\/nonprofitlaw.cleo.on.ca\/\",\"name\":\"Nonprofit Law Ontario\",\"description\":\"Rules and tools for organizations\",\"potentialAction\":[{\"@type\":\"SearchAction\",\"target\":{\"@type\":\"EntryPoint\",\"urlTemplate\":\"https:\/\/nonprofitlaw.cleo.on.ca\/?s={search_term_string}\"},\"query-input\":\"required name=search_term_string\"}],\"inLanguage\":\"fr-FR\"}]}<\/script>\n<!-- \/ Yoast SEO plugin. -->","yoast_head_json":{"title":"D\u00e9nomination de l\u2019organisation sans but lucratif - Nonprofit Law Ontario","robots":{"index":"index","follow":"follow","max-snippet":"max-snippet:-1","max-image-preview":"max-image-preview:large","max-video-preview":"max-video-preview:-1"},"canonical":"https:\/\/nonprofitlaw.cleo.on.ca\/fr\/constituer-en-personne-morale\/denomination-de-lorganisation-sans-but-lucratif\/","og_locale":"fr_FR","og_type":"article","og_title":"D\u00e9nomination de l\u2019organisation sans but lucratif - Nonprofit Law Ontario","og_description":"La pr\u00e9sente page explique les r\u00e8gles et le processus que vous devez suivre, en vertu de la Loi de 2010 sur les organisations sans but lucratif (LOSBL) de l\u2019Ontario, lorsque vous donnez une d\u00e9nomination \u00e0 votre organisation ou que vous modifiez sa d\u00e9nomination.  La LOSBL est entr\u00e9e en vigueur le 19 octobre 2021.","og_url":"https:\/\/nonprofitlaw.cleo.on.ca\/fr\/constituer-en-personne-morale\/denomination-de-lorganisation-sans-but-lucratif\/","og_site_name":"Nonprofit Law Ontario","article_modified_time":"2024-07-04T13:36:16+00:00","twitter_misc":{"Dur\u00e9e de lecture estim\u00e9e":"7 minutes"},"schema":{"@context":"https:\/\/schema.org","@graph":[{"@type":"WebPage","@id":"https:\/\/nonprofitlaw.cleo.on.ca\/fr\/constituer-en-personne-morale\/denomination-de-lorganisation-sans-but-lucratif\/","url":"https:\/\/nonprofitlaw.cleo.on.ca\/fr\/constituer-en-personne-morale\/denomination-de-lorganisation-sans-but-lucratif\/","name":"D\u00e9nomination de l\u2019organisation sans but lucratif - Nonprofit Law Ontario","isPartOf":{"@id":"https:\/\/nonprofitlaw.cleo.on.ca\/#website"},"datePublished":"2024-07-04T03:56:20+00:00","dateModified":"2024-07-04T13:36:16+00:00","breadcrumb":{"@id":"https:\/\/nonprofitlaw.cleo.on.ca\/fr\/constituer-en-personne-morale\/denomination-de-lorganisation-sans-but-lucratif\/#breadcrumb"},"inLanguage":"fr-FR","potentialAction":[{"@type":"ReadAction","target":["https:\/\/nonprofitlaw.cleo.on.ca\/fr\/constituer-en-personne-morale\/denomination-de-lorganisation-sans-but-lucratif\/"]}]},{"@type":"BreadcrumbList","@id":"https:\/\/nonprofitlaw.cleo.on.ca\/fr\/constituer-en-personne-morale\/denomination-de-lorganisation-sans-but-lucratif\/#breadcrumb","itemListElement":[{"@type":"ListItem","position":1,"name":"Home","item":"https:\/\/nonprofitlaw.cleo.on.ca\/fr\/"},{"@type":"ListItem","position":2,"name":"Se constituer en personne morale","item":"https:\/\/nonprofitlaw.cleo.on.ca\/fr\/constituer-en-personne-morale\/"},{"@type":"ListItem","position":3,"name":"D\u00e9nomination de l\u2019organisation sans but lucratif"}]},{"@type":"WebSite","@id":"https:\/\/nonprofitlaw.cleo.on.ca\/#website","url":"https:\/\/nonprofitlaw.cleo.on.ca\/","name":"Nonprofit Law Ontario","description":"Rules and tools for organizations","potentialAction":[{"@type":"SearchAction","target":{"@type":"EntryPoint","urlTemplate":"https:\/\/nonprofitlaw.cleo.on.ca\/?s={search_term_string}"},"query-input":"required name=search_term_string"}],"inLanguage":"fr-FR"}]}},"meta_box":{"page_show_banner":"0","page_banner_type":"banner","page_banner_title":"","page_banner_title_color":"","page_banner_description":"","page_banner_image":[],"research_exclude_taxonomies":"","research_filter_form":"","research_results_style":"","research_posts_per_page":"","contact_page_template_layout":"","contact_shortcode":"","contact_address":"","contact_address_details":"","contact_map":{"latitude":"","longitude":"","zoom":""},"remove_map":"","contact_company_name":"","contact_company_phones":[],"contact_company_email":"","contact_textarea":"","contact_other_text_block":"","contact_other_locations_show":"","contact_other_locations_title":"","contact_other_locations_type":"","contact_other_locations":[],"contact_gmaps_zoom_control":"","contact_gmaps_map_type_control":"","contact_gmaps_scaleControl":"","contact_gmaps_streetViewControl":"","contact_gmaps_rotateControl":"","contact_gmaps_fullscreenControl":"","location_gmaps_zoom_control":"","location_gmaps_map_type_control":"","location_gmaps_scaleControl":"","location_gmaps_streetViewControl":"","location_gmaps_rotateControl":"","location_gmaps_fullscreenControl":"","menu_page_links_type":"","menu_page_links":[],"menu_page_links_bottom_content":"","external_links_type":"","external_links":[],"external_sublinks":[],"private_staff_information_blocks":[],"private_staff_links_title":"","private_staff_links":[],"legal_topic_menu":[],"sb_display_type":"","sb_people_block":[]},"_links":{"self":[{"href":"https:\/\/nonprofitlaw.cleo.on.ca\/fr\/wp-json\/wp\/v2\/pages\/6240"}],"collection":[{"href":"https:\/\/nonprofitlaw.cleo.on.ca\/fr\/wp-json\/wp\/v2\/pages"}],"about":[{"href":"https:\/\/nonprofitlaw.cleo.on.ca\/fr\/wp-json\/wp\/v2\/types\/page"}],"author":[{"embeddable":true,"href":"https:\/\/nonprofitlaw.cleo.on.ca\/fr\/wp-json\/wp\/v2\/users\/19"}],"replies":[{"embeddable":true,"href":"https:\/\/nonprofitlaw.cleo.on.ca\/fr\/wp-json\/wp\/v2\/comments?post=6240"}],"version-history":[{"count":2,"href":"https:\/\/nonprofitlaw.cleo.on.ca\/fr\/wp-json\/wp\/v2\/pages\/6240\/revisions"}],"predecessor-version":[{"id":6271,"href":"https:\/\/nonprofitlaw.cleo.on.ca\/fr\/wp-json\/wp\/v2\/pages\/6240\/revisions\/6271"}],"up":[{"embeddable":true,"href":"https:\/\/nonprofitlaw.cleo.on.ca\/fr\/wp-json\/wp\/v2\/pages\/3901"}],"wp:attachment":[{"href":"https:\/\/nonprofitlaw.cleo.on.ca\/fr\/wp-json\/wp\/v2\/media?parent=6240"}],"curies":[{"name":"wp","href":"https:\/\/api.w.org\/{rel}","templated":true}]}}