{"id":6229,"date":"2024-07-03T23:07:23","date_gmt":"2024-07-04T03:07:23","guid":{"rendered":"https:\/\/nonprofitlaw.cleo.on.ca\/?page_id=6229"},"modified":"2024-07-03T23:14:12","modified_gmt":"2024-07-04T03:14:12","slug":"devrions-nous-nous-constituer-en-personne-morale-en-vertu-de-la-losbl-ou-de-la-lcobnl","status":"publish","type":"page","link":"https:\/\/nonprofitlaw.cleo.on.ca\/fr\/constituer-en-personne-morale\/devrions-nous-nous-constituer-en-personne-morale-en-vertu-de-la-losbl-ou-de-la-lcobnl\/","title":{"rendered":"Devrions-nous nous constituer en personne morale en vertu de la LOSBL ou de la LCOBNL?"},"content":{"rendered":"\n<p>La pr\u00e9sente page d\u00e9crit quelques-unes des principales diff\u00e9rences entre, d\u2019une part, la constitution en personne morale en Ontario en vertu de la Loi de 2010 sur les organisations sans but lucratif de l\u2019Ontario (LOSBL) et, d\u2019autre part, la constitution au Canada en vertu de la Loi canadienne sur les organisations \u00e0 but non lucratif (LCOBNL).<\/p>\n\n\n\n<h3 class=\"wp-block-heading\">Devrions-nous nous constituer en personne morale en vertu de la LOSBL ou de la LCOBNL?<\/h3>\n\n\n\n<p>La r\u00e9ponse \u00e0 cette question d\u00e9pend de la situation de votre organisation sans but lucratif (OSBL). Il n\u2019y a pas d\u2019option meilleure que l\u2019autre. Chacune a ses avantages et ses inconv\u00e9nients. Si vous connaissez les diff\u00e9rences entre les deux lois, vous pouvez choisir celle qui convient le mieux \u00e0 votre organisation. La prochaine question vous donne une explication des principales diff\u00e9rences.<\/p>\n\n\n\n<h3 class=\"wp-block-heading\">Quelles sont les principales diff\u00e9rences entre la LOSBL et la LCOBNL?<\/h3>\n\n\n\n<p>Le tableau ci-dessous explique certaines des principales diff\u00e9rences entre la LOSBL et la LCOBNL.<\/p>\n\n\n<table style=\"width: 100%;\">\n<tbody>\n<tr>\n<td style=\"width: 32.069%\">\u00a0<\/td>\n<td style=\"width: 33.2759%\">\n<p><strong>LOSBL<\/strong><\/a><\/p>\n<\/td>\n<td style=\"width: 33.1034%\">\n<p><strong>LCOBNL<\/strong><\/a><\/p>\n<\/td>\n<\/tr>\n<tr>\n<td style=\"width: 32.069%\">\n<p><strong>Nombre minimum d\u2019administrateurs<\/strong><\/p>\n<\/td>\n<td style=\"width: 33.2759%\">3<\/td>\n<td style=\"width: 33.1034%\">\n<p>1 pour les organisations n\u2019ayant pas recours \u00e0 la sollicitation<\/p>\n<p>3 pour<a href=\"https:\/\/nonprofitlaw.cleo.on.ca\/fr\/ressources\/glossaire\/#objets\">les organisations ayant recours \u00e0 la sollicitation<\/a><\/p>\n<\/td>\n<\/tr>\n<tr>\n<td style=\"width: 32.069%\">\n<p><strong>Permet aux administrateurs d\u2019\u00eatre des employ\u00e9s<\/strong><\/p>\n<\/td>\n<td style=\"width: 33.2759%\">\n<p><strong>Organisations d\u2019int\u00e9r\u00eat public<\/strong><\/p>\n<\/p>\n<p>Jusqu\u2019\u00e0 un tiers des administrateurs peuvent \u00eatre des employ\u00e9s.<\/p>\n<p><strong>Organisations qui ne sont pas d\u2019int\u00e9r\u00eat public<\/strong><\/p>\n<p>Permis, sauf indication contraire des statuts ou des r\u00e8glements administratifs.<\/p>\n<p><strong>Organismes de bienfaisance<\/strong><\/p>\n<p>L\u2019Agence du revenu du Canada ne permet pas aux administrateurs d\u2019un organisme de bienfaisance d\u2019\u00eatre des employ\u00e9s.\n<\/p>\n<\/td>\n<td style=\"width: 33.1034%\">\n<p><strong>Organisations ayant recours \u00e0 la sollicitation<\/strong><\/p>\n<p>Au moins deux administrateurs ne doivent pas \u00eatre des employ\u00e9s. Les autres peuvent l\u2019\u00eatre.<\/p>\n<p><strong>Organisations n\u2019ayant pas recours \u00e0 la sollicitation<\/strong><\/p>\n<p>Permis sauf indication contraire des statuts ou des r\u00e8glements administratifs.<\/p>\n<p><strong>Organismes de bienfaisance<\/strong><\/p>\n<p>L\u2019Agence du revenu ne permet pas aux administrateurs d\u2019un organisme de bienfaisance d\u2019\u00eatre des employ\u00e9s.<\/p>\n<\/td>\n<\/tr>\n<tr>\n<td style=\"width: 32.069%\">\n<strong>Membres sans droit de vote<\/strong>\n<\/td>\n<td style=\"width: 33.2759%\">\n<p>Ne peuvent voter, sauf indication contraire des statuts ou des r\u00e8glements administratifs.<\/p>\n<\/td>\n<td style=\"width: 33.1034%\">\n<p>Peu importe ce que disent les statuts ou les r\u00e8glements administratifs, les membres sans droit de vote peuvent voter sur des questions importantes, comme les changements apport\u00e9s aux objets ou aux structures d\u2019adh\u00e9sion, ou les fusions.\n<\/p>\n<\/td>\n<\/tr>\n<tr>\n<td style=\"width: 32.069%\">\n<p><strong>Normes d\u2019examen financier<\/strong><\/a><\/p>\n<\/td>\n<td style=\"width: 33.2759%\">\n<p><a href=\"https:\/\/nonprofitlaw.cleo.on.ca\/fr\/garder-votre-statut\/finances\/\">Moins strictes que celles de la LCOBNL<\/a><\/p>\n<\/td>\n<td style=\"width: 33.1034%\">\n<p><a href=\"https:\/\/ised-isde.canada.ca\/site\/corporations-canada\/fr\/organisations-but-non-lucratif\/etats-financiers-examen-financier\"><\/a>Vous devez<br \/>\n<a href=\"https:\/\/ised-isde.canada.ca\/site\/corporations-canada\/fr\/organisations-but-non-lucratif\/livres-lorganisation-obligations-depot\">d\u00e9poser plus de renseignements financiers<br \/>\n<\/a> aupr\u00e8s du gouvernement du Canada.<\/p>\n<\/td>\n<\/tr>\n<tr>\n<td style=\"width: 32.069%\">\n<p><a href=\"https:\/\/nonprofitlaw.cleo.on.ca\/fr\/ressources\/glossaire\/#abstenir\"><strong>Administrateurs d\u2019office<\/strong><\/a><\/p>\n<\/td>\n<td style=\"width: 33.2759%\">\n<p>Permis<\/td>\n<td style=\"width: 33.1034%\">\n<p>Interdit<\/p>\n<\/td>\n<\/tr>\n<tr>\n<td style=\"width: 32.069%\">\n<p><strong>Niveau d\u2019aide en ligne et de service \u00e0 la client\u00e8le<\/strong><\/p>\n<\/td>\n<td style=\"width: 33.2759%\">\n<p>Moins \u00e9lev\u00e9<\/p>\n<\/td>\n<td style=\"width: 33.1034%\">\n<p>Plus \u00e9lev\u00e9r<\/p>\n<\/td>\n<\/tr>\n<tr>\n<td style=\"width: 32.069%\">\n<p><strong>Lieu de la constitution<\/strong><\/p>\n<\/td>\n<td style=\"width: 33.2759%\">\n<p>Adresse r\u00e9elle enregistr\u00e9e en Ontario.<\/p>\n<\/td>\n<td style=\"width: 33.1034%\">\n<p>Adresse r\u00e9elle enregistr\u00e9e n\u2019importe o\u00f9 au Canada.<\/p>\n<\/td>\n<\/tr>\n<tr>\n<td style=\"width: 32.069%\">\n<p><strong>Comptable agr\u00e9\u00e9 pour d\u00e9poser les \u00e9tats financiers<\/strong><\/p>\n<\/td>\n<td style=\"width: 33.2759%\">\n<p>Non<\/p>\n<\/td>\n<td style=\"width: 33.1034%\">\n<p>Oui<\/p>\n<\/td>\n<\/tr>\n<tr>\n<td style=\"width: 32.069%\">\n<p><strong>O\u00f9 d\u00e9poser les renseignements financiers<\/strong><\/p>\n<\/td>\n<td style=\"width: 33.2759%\">\n<p>Aucune obligation de d\u00e9p\u00f4t.<\/p>\n<\/td>\n<td style=\"width: 33.1034%\">\n<p>Seules les organisations ayant recours \u00e0 la sollicitation doivent les <a href=\"https:\/\/ised-isde.canada.ca\/site\/corporations-canada\/fr\/organisations-but-non-lucratif\/exigences-pour-organisations-ayant-recours-sollicitation-vertu-loi-canadienne-organisations-but-non\">d\u00e9poser annuellement<\/a> aupr\u00e8s de Corporations Canada.<\/p>\n<\/td>\n<\/tr>\n<tr>\n<td style=\"width: 32.069%\">\n<p><strong>Possible de retarder une AGA<\/strong><\/p>\n<\/td>\n<td style=\"width: 33.2759%\">\n<p>Non<\/p>\n<\/td>\n<td style=\"width: 33.1034%\">\n<p>Oui, par demande officielle au gouvernement du Canada.<\/p>\n<\/td>\n<\/tr>\n<tr>\n<td style=\"width: 32.069%\">\n<p><strong>Ce qui arrive aux actifs si vous cessez vos activit\u00e9s<\/strong><\/p>\n<\/td>\n<td style=\"width: 33.2759%\">\n<p>Un <strong>organisme de bienfaisance<\/strong> doit donner ses actifs \u00e0 un autre organisme de bienfaisance enregistr\u00e9 ayant des fins similaires, \u00e0 un gouvernement f\u00e9d\u00e9ral ou provincial ou \u00e0 une administration municipale au Canada.\n<\/p>\n<p>Une <strong>organisation d\u2019int\u00e9r\u00eat public<\/strong> qui <strong> n\u2019est pas un organisme de bienfaisance<\/strong> doit donner ses fonds \u00e0 une autre organisation d\u2019int\u00e9r\u00eat public ayant des fins similaires, ou \u00e0 un gouvernement f\u00e9d\u00e9ral ou provincial ou une administration municipale au Canada.\n<\/p>\n<\/td>\n<td style=\"width: 33.1034%\">\n<p><strong>Une organisation ayant recours \u00e0 la sollicitation ou un organisme de bienfaisance enregistr\u00e9<\/strong><\/p>\n<p>Les actifs doivent \u00eatre transmis \u00e0 un  \u201c<a href=\"https:\/\/ised-isde.canada.ca\/site\/corporations-canada\/fr\/organisations-but-non-lucratif\/membres\">donataire reconnu<\/a>\u201d au sens de la Loi de l\u2019imp\u00f4t sur le revenu (Canada); ce donataire est notamment un organisme de bienfaisance canadien enregistr\u00e9, un gouvernement f\u00e9d\u00e9ral ou provincial, ou une administration municipale.\n<\/p>\n<\/td>\n<\/tr>\n<tr>\n<td style=\"width: 32.069%\">\n<p><strong>Renseignements devant \u00eatre accessibles au public<\/strong><\/p>\n<\/td>\n<td style=\"width: 33.2759%\">\n<ul>\n<li>l\u2019adresse enregistr\u00e9e de l\u2019OSBL<\/li>\n<li>les noms et adresses des administrateurs et dirigeants<\/li>\n<\/ul>\n<\/td>\n<td style=\"width: 33.1034%\">\n<ul>\n<li>l\u2019adresse enregistr\u00e9e de l\u2019OSBL<\/li>\n<li>les noms et adresses des administrateurs et dirigeants<\/li>\n<li>la d\u00e9claration annuelle<\/li>\n<li>les statuts constitutifs, de modification, de prorogation, de fusion ou de dissolution qui s\u2019appliquent \u00e0 l\u2019organisation<\/li>\n<li>les r\u00e8glements administratifs<\/li>\n<\/ul>\n<p><strong>Organisations ayant recours \u00e0 la sollicitation:<\/strong><\/p>\n<ul>\n<li>les \u00e9tats financiers <\/li>\n<\/ul>\n<\/td>\n<\/tr>\n<tr>\n<td style=\"width: 32.069%\">\n<p><strong>Organisations assujetties \u00e0 des r\u00e8gles suppl\u00e9mentaires<\/strong><\/a><\/p>\n<\/td>\n<td style=\"width: 33.2759%\">\n<p><a href=\"https:\/\/nonprofitlaw.cleo.on.ca\/fr\/garder-votre-statut\/organisations-dinteret-public\/\">Organisations d\u2019int\u00e9r\u00eat public<\/a><\/p>\n<\/td>\n<td style=\"width: 33.1034%\">\n<p><a href=\"https:\/\/ised-isde.canada.ca\/site\/corporations-canada\/fr\/organisations-but-non-lucratif\/exigences-pour-organisations-ayant-recours-sollicitation-vertu-loi-canadienne-organisations-but-non\">Organisations ayant recours \u00e0 la sollicitation<\/a><\/p>\n<\/td>\n<\/tr>\n<\/tbody>\n<\/table>\n\n\n\n<h3 class=\"wp-block-heading\">Pouvons-nous nous constituer en personne morale en vertu de la LOSBL et de la LCOBNL?<\/h3>\n\n\n\n<p>Vous pouvez vous constituer en personne morale soit en vertu de la loi provinciale, soit en vertu de la loi f\u00e9d\u00e9rale. Si votre organisation est d\u00e9j\u00e0 constitu\u00e9e en personne morale sous le r\u00e9gime d\u2019une de ces lois, vous pouvez d\u00e9cider de changer de r\u00e9gime et de proroger votre organisation sous le r\u00e9gime de l\u2019autre loi.<\/p>\n\n\n\n<p>Cependant, votre organisation <strong>ne peut pas \u00eatre<\/strong> constitu\u00e9e sous le r\u00e9gime <strong>des deux<\/strong> lois en m\u00eame temps.<\/p>\n\n\n\n<h3 class=\"wp-block-heading\">Est-ce que toutes les organisations peuvent \u00eatre constitu\u00e9es en personne morale en vertu de la LCOBNL?<\/h3>\n\n\n\n<p>Non. La l\u00e9gislation provinciale exige que certaines organisations se constituent en personne morale en Ontario. Par exemple, la Loi sur les h\u00f4pitaux publics de l\u2019Ontario pr\u00e9voit que les h\u00f4pitaux ontariens doivent \u00eatre constitu\u00e9s en Ontario. De m\u00eame, il se peut que les OSBL qui obtiennent un financement du gouvernement ontarien doivent se constituer en personne morale en Ontario.<\/p>\n\n\n\n<h3 class=\"wp-block-heading\">Notre organisation est d\u00e9j\u00e0 constitu\u00e9e en personne morale. Laquelle de la LOSBL ou de la LCOBNL s\u2019applique?<\/h3>\n\n\n\n<p>Les r\u00e8gles que vous devez suivre sont celles qu\u2019\u00e9nonce <a href=\"https:\/\/nonprofitlaw.cleo.on.ca\/fr\/constituer-en-personne-morale\/comment-savoir-quel-est-le-statut-actuel-de-notre-organisation-sans-but-lucratif\/\">la loi en vertu de laquelle votre organisation est constitu\u00e9e en personne moral<\/a>e.<\/p>\n\n\n\n<h3 class=\"wp-block-heading\">Mon organisation sans but lucratif exerce des activit\u00e9s et effectue des collectes de fonds \u00e0 l\u2019ext\u00e9rieur de l\u2019Ontario; dois-je la faire passer sous le r\u00e9gime de la LCOBNL?<\/h3>\n\n\n\n<p>Non. Votre OSBL peut exercer ses activit\u00e9s et effectuer des collectes de fonds \u00e0 l\u2019ext\u00e9rieur de l\u2019Ontario m\u00eame si elle est r\u00e9gie par la LOSBL. Toutefois, vous devez quand m\u00eame vous conformer \u00e0 toutes les lois qui s\u2019appliquent dans les autres provinces ou dans les territoires o\u00f9 vous exercez des activit\u00e9s.<\/p>\n\n\n\n<p>Mieux vaut prendre connaissance des r\u00e8gles qui s\u2019appliquent dans les provinces et les territoires o\u00f9 vous exercez des activit\u00e9s. Certaines r\u00e8gles pourraient exiger que les OSBL constitu\u00e9es \u00e0 l\u2019ext\u00e9rieur d\u2019une province ou d\u2019un territoire donn\u00e9 soient enregistr\u00e9es dans cette province ou ce territoire.<\/p>\n","protected":false},"excerpt":{"rendered":"<p>La pr\u00e9sente page d\u00e9crit quelques-unes des principales diff\u00e9rences entre, d\u2019une part, la constitution en personne morale en Ontario en vertu de la Loi de 2010 sur les organisations sans but lucratif de l\u2019Ontario (LOSBL) et, d\u2019autre part, la constitution au Canada en vertu de la Loi canadienne sur les organisations \u00e0 but non lucratif (LCOBNL).<\/p>\n","protected":false},"author":19,"featured_media":0,"parent":3901,"menu_order":0,"comment_status":"closed","ping_status":"closed","template":"","meta":{"_cbd_carousel_blocks":"[]","footnotes":""},"yoast_head":"<!-- This site is optimized with the Yoast SEO plugin v21.0 - https:\/\/yoast.com\/wordpress\/plugins\/seo\/ -->\n<title>Devrions-nous nous constituer en personne morale en vertu de la LOSBL ou de la LCOBNL? - Nonprofit Law Ontario<\/title>\n<meta name=\"robots\" content=\"index, follow, max-snippet:-1, max-image-preview:large, max-video-preview:-1\" \/>\n<link rel=\"canonical\" href=\"https:\/\/nonprofitlaw.cleo.on.ca\/fr\/constituer-en-personne-morale\/devrions-nous-nous-constituer-en-personne-morale-en-vertu-de-la-losbl-ou-de-la-lcobnl\/\" \/>\n<meta property=\"og:locale\" content=\"fr_FR\" \/>\n<meta property=\"og:type\" content=\"article\" \/>\n<meta property=\"og:title\" content=\"Devrions-nous nous constituer en personne morale en vertu de la LOSBL ou de la LCOBNL? - Nonprofit Law Ontario\" \/>\n<meta property=\"og:description\" content=\"La pr\u00e9sente page d\u00e9crit quelques-unes des principales diff\u00e9rences entre, d\u2019une part, la constitution en personne morale en Ontario en vertu de la Loi de 2010 sur les organisations sans but lucratif de l\u2019Ontario (LOSBL) et, d\u2019autre part, la constitution au Canada en vertu de la Loi canadienne sur les organisations \u00e0 but non lucratif (LCOBNL).\" \/>\n<meta property=\"og:url\" content=\"https:\/\/nonprofitlaw.cleo.on.ca\/fr\/constituer-en-personne-morale\/devrions-nous-nous-constituer-en-personne-morale-en-vertu-de-la-losbl-ou-de-la-lcobnl\/\" \/>\n<meta property=\"og:site_name\" content=\"Nonprofit Law Ontario\" \/>\n<meta property=\"article:modified_time\" content=\"2024-07-04T03:14:12+00:00\" \/>\n<meta name=\"twitter:label1\" content=\"Dur\u00e9e de lecture estim\u00e9e\" \/>\n\t<meta name=\"twitter:data1\" content=\"5 minutes\" \/>\n<script type=\"application\/ld+json\" class=\"yoast-schema-graph\">{\"@context\":\"https:\/\/schema.org\",\"@graph\":[{\"@type\":\"WebPage\",\"@id\":\"https:\/\/nonprofitlaw.cleo.on.ca\/fr\/constituer-en-personne-morale\/devrions-nous-nous-constituer-en-personne-morale-en-vertu-de-la-losbl-ou-de-la-lcobnl\/\",\"url\":\"https:\/\/nonprofitlaw.cleo.on.ca\/fr\/constituer-en-personne-morale\/devrions-nous-nous-constituer-en-personne-morale-en-vertu-de-la-losbl-ou-de-la-lcobnl\/\",\"name\":\"Devrions-nous nous constituer en personne morale en vertu de la LOSBL ou de la LCOBNL? - Nonprofit Law Ontario\",\"isPartOf\":{\"@id\":\"https:\/\/nonprofitlaw.cleo.on.ca\/#website\"},\"datePublished\":\"2024-07-04T03:07:23+00:00\",\"dateModified\":\"2024-07-04T03:14:12+00:00\",\"breadcrumb\":{\"@id\":\"https:\/\/nonprofitlaw.cleo.on.ca\/fr\/constituer-en-personne-morale\/devrions-nous-nous-constituer-en-personne-morale-en-vertu-de-la-losbl-ou-de-la-lcobnl\/#breadcrumb\"},\"inLanguage\":\"fr-FR\",\"potentialAction\":[{\"@type\":\"ReadAction\",\"target\":[\"https:\/\/nonprofitlaw.cleo.on.ca\/fr\/constituer-en-personne-morale\/devrions-nous-nous-constituer-en-personne-morale-en-vertu-de-la-losbl-ou-de-la-lcobnl\/\"]}]},{\"@type\":\"BreadcrumbList\",\"@id\":\"https:\/\/nonprofitlaw.cleo.on.ca\/fr\/constituer-en-personne-morale\/devrions-nous-nous-constituer-en-personne-morale-en-vertu-de-la-losbl-ou-de-la-lcobnl\/#breadcrumb\",\"itemListElement\":[{\"@type\":\"ListItem\",\"position\":1,\"name\":\"Home\",\"item\":\"https:\/\/nonprofitlaw.cleo.on.ca\/fr\/\"},{\"@type\":\"ListItem\",\"position\":2,\"name\":\"Se constituer en personne morale\",\"item\":\"https:\/\/nonprofitlaw.cleo.on.ca\/fr\/constituer-en-personne-morale\/\"},{\"@type\":\"ListItem\",\"position\":3,\"name\":\"Devrions-nous nous constituer en personne morale en vertu de la LOSBL ou de la LCOBNL?\"}]},{\"@type\":\"WebSite\",\"@id\":\"https:\/\/nonprofitlaw.cleo.on.ca\/#website\",\"url\":\"https:\/\/nonprofitlaw.cleo.on.ca\/\",\"name\":\"Nonprofit Law Ontario\",\"description\":\"Rules and tools for organizations\",\"potentialAction\":[{\"@type\":\"SearchAction\",\"target\":{\"@type\":\"EntryPoint\",\"urlTemplate\":\"https:\/\/nonprofitlaw.cleo.on.ca\/?s={search_term_string}\"},\"query-input\":\"required name=search_term_string\"}],\"inLanguage\":\"fr-FR\"}]}<\/script>\n<!-- \/ Yoast SEO plugin. -->","yoast_head_json":{"title":"Devrions-nous nous constituer en personne morale en vertu de la LOSBL ou de la LCOBNL? - Nonprofit Law Ontario","robots":{"index":"index","follow":"follow","max-snippet":"max-snippet:-1","max-image-preview":"max-image-preview:large","max-video-preview":"max-video-preview:-1"},"canonical":"https:\/\/nonprofitlaw.cleo.on.ca\/fr\/constituer-en-personne-morale\/devrions-nous-nous-constituer-en-personne-morale-en-vertu-de-la-losbl-ou-de-la-lcobnl\/","og_locale":"fr_FR","og_type":"article","og_title":"Devrions-nous nous constituer en personne morale en vertu de la LOSBL ou de la LCOBNL? - Nonprofit Law Ontario","og_description":"La pr\u00e9sente page d\u00e9crit quelques-unes des principales diff\u00e9rences entre, d\u2019une part, la constitution en personne morale en Ontario en vertu de la Loi de 2010 sur les organisations sans but lucratif de l\u2019Ontario (LOSBL) et, d\u2019autre part, la constitution au Canada en vertu de la Loi canadienne sur les organisations \u00e0 but non lucratif (LCOBNL).","og_url":"https:\/\/nonprofitlaw.cleo.on.ca\/fr\/constituer-en-personne-morale\/devrions-nous-nous-constituer-en-personne-morale-en-vertu-de-la-losbl-ou-de-la-lcobnl\/","og_site_name":"Nonprofit Law Ontario","article_modified_time":"2024-07-04T03:14:12+00:00","twitter_misc":{"Dur\u00e9e de lecture estim\u00e9e":"5 minutes"},"schema":{"@context":"https:\/\/schema.org","@graph":[{"@type":"WebPage","@id":"https:\/\/nonprofitlaw.cleo.on.ca\/fr\/constituer-en-personne-morale\/devrions-nous-nous-constituer-en-personne-morale-en-vertu-de-la-losbl-ou-de-la-lcobnl\/","url":"https:\/\/nonprofitlaw.cleo.on.ca\/fr\/constituer-en-personne-morale\/devrions-nous-nous-constituer-en-personne-morale-en-vertu-de-la-losbl-ou-de-la-lcobnl\/","name":"Devrions-nous nous constituer en personne morale en vertu de la LOSBL ou de la LCOBNL? - Nonprofit Law Ontario","isPartOf":{"@id":"https:\/\/nonprofitlaw.cleo.on.ca\/#website"},"datePublished":"2024-07-04T03:07:23+00:00","dateModified":"2024-07-04T03:14:12+00:00","breadcrumb":{"@id":"https:\/\/nonprofitlaw.cleo.on.ca\/fr\/constituer-en-personne-morale\/devrions-nous-nous-constituer-en-personne-morale-en-vertu-de-la-losbl-ou-de-la-lcobnl\/#breadcrumb"},"inLanguage":"fr-FR","potentialAction":[{"@type":"ReadAction","target":["https:\/\/nonprofitlaw.cleo.on.ca\/fr\/constituer-en-personne-morale\/devrions-nous-nous-constituer-en-personne-morale-en-vertu-de-la-losbl-ou-de-la-lcobnl\/"]}]},{"@type":"BreadcrumbList","@id":"https:\/\/nonprofitlaw.cleo.on.ca\/fr\/constituer-en-personne-morale\/devrions-nous-nous-constituer-en-personne-morale-en-vertu-de-la-losbl-ou-de-la-lcobnl\/#breadcrumb","itemListElement":[{"@type":"ListItem","position":1,"name":"Home","item":"https:\/\/nonprofitlaw.cleo.on.ca\/fr\/"},{"@type":"ListItem","position":2,"name":"Se constituer en personne morale","item":"https:\/\/nonprofitlaw.cleo.on.ca\/fr\/constituer-en-personne-morale\/"},{"@type":"ListItem","position":3,"name":"Devrions-nous nous constituer en personne morale en vertu de la LOSBL ou de la LCOBNL?"}]},{"@type":"WebSite","@id":"https:\/\/nonprofitlaw.cleo.on.ca\/#website","url":"https:\/\/nonprofitlaw.cleo.on.ca\/","name":"Nonprofit Law Ontario","description":"Rules and tools for organizations","potentialAction":[{"@type":"SearchAction","target":{"@type":"EntryPoint","urlTemplate":"https:\/\/nonprofitlaw.cleo.on.ca\/?s={search_term_string}"},"query-input":"required name=search_term_string"}],"inLanguage":"fr-FR"}]}},"meta_box":{"page_show_banner":"0","page_banner_type":"banner","page_banner_title":"","page_banner_title_color":"","page_banner_description":"","page_banner_image":[],"research_exclude_taxonomies":"","research_filter_form":"","research_results_style":"","research_posts_per_page":"","contact_page_template_layout":"","contact_shortcode":"","contact_address":"","contact_address_details":"","contact_map":{"latitude":"","longitude":"","zoom":""},"remove_map":"","contact_company_name":"","contact_company_phones":[],"contact_company_email":"","contact_textarea":"","contact_other_text_block":"","contact_other_locations_show":"","contact_other_locations_title":"","contact_other_locations_type":"","contact_other_locations":[],"contact_gmaps_zoom_control":"","contact_gmaps_map_type_control":"","contact_gmaps_scaleControl":"","contact_gmaps_streetViewControl":"","contact_gmaps_rotateControl":"","contact_gmaps_fullscreenControl":"","location_gmaps_zoom_control":"","location_gmaps_map_type_control":"","location_gmaps_scaleControl":"","location_gmaps_streetViewControl":"","location_gmaps_rotateControl":"","location_gmaps_fullscreenControl":"","menu_page_links_type":"","menu_page_links":[],"menu_page_links_bottom_content":"","external_links_type":"","external_links":[],"external_sublinks":[],"private_staff_information_blocks":[],"private_staff_links_title":"","private_staff_links":[],"legal_topic_menu":[],"sb_display_type":"","sb_people_block":[]},"_links":{"self":[{"href":"https:\/\/nonprofitlaw.cleo.on.ca\/fr\/wp-json\/wp\/v2\/pages\/6229"}],"collection":[{"href":"https:\/\/nonprofitlaw.cleo.on.ca\/fr\/wp-json\/wp\/v2\/pages"}],"about":[{"href":"https:\/\/nonprofitlaw.cleo.on.ca\/fr\/wp-json\/wp\/v2\/types\/page"}],"author":[{"embeddable":true,"href":"https:\/\/nonprofitlaw.cleo.on.ca\/fr\/wp-json\/wp\/v2\/users\/19"}],"replies":[{"embeddable":true,"href":"https:\/\/nonprofitlaw.cleo.on.ca\/fr\/wp-json\/wp\/v2\/comments?post=6229"}],"version-history":[{"count":4,"href":"https:\/\/nonprofitlaw.cleo.on.ca\/fr\/wp-json\/wp\/v2\/pages\/6229\/revisions"}],"predecessor-version":[{"id":6237,"href":"https:\/\/nonprofitlaw.cleo.on.ca\/fr\/wp-json\/wp\/v2\/pages\/6229\/revisions\/6237"}],"up":[{"embeddable":true,"href":"https:\/\/nonprofitlaw.cleo.on.ca\/fr\/wp-json\/wp\/v2\/pages\/3901"}],"wp:attachment":[{"href":"https:\/\/nonprofitlaw.cleo.on.ca\/fr\/wp-json\/wp\/v2\/media?parent=6229"}],"curies":[{"name":"wp","href":"https:\/\/api.w.org\/{rel}","templated":true}]}}