{"id":3206,"date":"2020-01-20T06:24:50","date_gmt":"2020-01-20T11:24:50","guid":{"rendered":"https:\/\/onca2019.turnbull.co\/?page_id=3206"},"modified":"2021-10-14T13:46:34","modified_gmt":"2021-10-14T17:46:34","slug":"documents-que-vous-devez-conserver","status":"publish","type":"page","link":"https:\/\/nonprofitlaw.cleo.on.ca\/fr\/future-loi\/etape-5-creer-vos-reglements-administratifs-ou-mettre-a-jour-vos-reglements-administratifs-existants\/documents-que-vous-devez-conserver\/","title":{"rendered":"Documents que vous devez conserver"},"content":{"rendered":"\n<p>Vous <strong>devez<\/strong> conserver certains documents sous le r\u00e9gime de la Loi sur les organisations sans but lucratif de l\u2019Ontario (LOSBL). Ces documents sont notamment les suivants\u00a0:<\/p>\n<p><strong>Documents constitutifs\u00a0<\/strong>:<\/p>\n<ul>\n<li>statuts ou lettres patentes<\/li>\n<li>r\u00e8glements administratifs<\/li>\n<li>modifications aux statuts et aux r\u00e8glements administratifs<\/li>\n<\/ul>\n<p><strong>Proc\u00e8s-verbaux et r\u00e9solutions<\/strong> des\u00a0:<\/p>\n<ul>\n<li>assembl\u00e9es des membres<\/li>\n<li>r\u00e9unions des comit\u00e9s de membres<\/li>\n<li>r\u00e9unions du conseil d\u2019administration<\/li>\n<li>r\u00e9unions des comit\u00e9s du conseil d\u2019administration<\/li>\n<\/ul>\n<p><strong>Registres<\/strong> des\u00a0:<\/p>\n<ul>\n<li>administrateurs<\/li>\n<li>dirigeants<\/li>\n<li>membres<\/li>\n<\/ul>\n<p><strong>Documents comptables et \u00e9tats financiers<\/strong> pour permettre aux administrateurs de v\u00e9rifier de fa\u00e7on suffisamment pr\u00e9cise la situation financi\u00e8re de l\u2019organisation sans but lucratif. Cette v\u00e9rification a lieu tous les trimestres.<\/p>\n<p>Vous devez conserver ces documents pour <strong>chaque ann\u00e9e<\/strong> d\u2019existence de votre organisation sans but lucratif. Vous devez \u00e9galement les conserver pendant <strong>3 ans<\/strong> apr\u00e8s la dissolution de votre organisation ou la cessation de ses activit\u00e9s.<\/p>\n","protected":false},"excerpt":{"rendered":"<p>Vous devez conserver certains documents sous le r\u00e9gime de la Loi sur les organisations sans but lucratif de l\u2019Ontario (LOSBL). Ces documents sont notamment les suivants\u00a0:<br \/>\nDocuments constitutifs\u00a0:<\/p>\n<p>statuts ou lettres patentes<br \/>\nr\u00e8glements administratifs<br \/>\nmodifications aux statuts et aux r\u00e8glements administratifs<\/p>\n<p>Proc\u00e8s-verbaux et r\u00e9solutions des\u00a0:<\/p>\n<p>assembl\u00e9es des membres<br \/>\nr\u00e9unions des comit\u00e9s de membres<br \/>\nr\u00e9unions du conseil d\u2019administration<br \/>\nr\u00e9unions des comit\u00e9s du conseil d\u2019administration<\/p>\n<p>Registres des\u00a0:<\/p>\n<p>administrateurs<br \/>\ndirigeants<br \/>\nmembres<\/p>\n<p>Documents comptables et \u00e9tats financiers pour permettre aux administrateurs de v\u00e9rifier de fa\u00e7on suffisamment pr\u00e9cise la situation financi\u00e8re de l\u2019organisation sans but lucratif.<\/p>\n","protected":false},"author":12,"featured_media":0,"parent":1149,"menu_order":0,"comment_status":"closed","ping_status":"closed","template":"","meta":{"_cbd_carousel_blocks":"[]","footnotes":""},"yoast_head":"<!-- This site is optimized with the Yoast SEO plugin v21.0 - https:\/\/yoast.com\/wordpress\/plugins\/seo\/ -->\n<title>Documents que vous devez conserver - Nonprofit Law Ontario<\/title>\n<meta name=\"robots\" content=\"index, follow, max-snippet:-1, max-image-preview:large, max-video-preview:-1\" \/>\n<link rel=\"canonical\" href=\"https:\/\/nonprofitlaw.cleo.on.ca\/fr\/future-loi\/etape-5-creer-vos-reglements-administratifs-ou-mettre-a-jour-vos-reglements-administratifs-existants\/documents-que-vous-devez-conserver\/\" \/>\n<meta property=\"og:locale\" content=\"fr_FR\" \/>\n<meta property=\"og:type\" content=\"article\" \/>\n<meta property=\"og:title\" content=\"Documents que vous devez conserver - Nonprofit Law Ontario\" \/>\n<meta property=\"og:description\" content=\"Vous devez conserver certains documents sous le r\u00e9gime de la Loi sur les organisations sans but lucratif de l\u2019Ontario (LOSBL). Ces documents sont notamment les suivants\u00a0: Documents constitutifs\u00a0: statuts ou lettres patentes r\u00e8glements administratifs modifications aux statuts et aux r\u00e8glements administratifs Proc\u00e8s-verbaux et r\u00e9solutions des\u00a0: assembl\u00e9es des membres r\u00e9unions des comit\u00e9s de membres r\u00e9unions du conseil d\u2019administration r\u00e9unions des comit\u00e9s du conseil d\u2019administration Registres des\u00a0: administrateurs dirigeants membres Documents comptables et \u00e9tats financiers pour permettre aux administrateurs de v\u00e9rifier de fa\u00e7on suffisamment pr\u00e9cise la situation financi\u00e8re de l\u2019organisation sans but lucratif.\" \/>\n<meta property=\"og:url\" content=\"https:\/\/nonprofitlaw.cleo.on.ca\/fr\/future-loi\/etape-5-creer-vos-reglements-administratifs-ou-mettre-a-jour-vos-reglements-administratifs-existants\/documents-que-vous-devez-conserver\/\" \/>\n<meta property=\"og:site_name\" content=\"Nonprofit Law Ontario\" \/>\n<meta property=\"article:modified_time\" content=\"2021-10-14T17:46:34+00:00\" \/>\n<meta name=\"twitter:label1\" content=\"Dur\u00e9e de lecture estim\u00e9e\" \/>\n\t<meta name=\"twitter:data1\" content=\"1 minute\" \/>\n<script type=\"application\/ld+json\" class=\"yoast-schema-graph\">{\"@context\":\"https:\/\/schema.org\",\"@graph\":[{\"@type\":\"WebPage\",\"@id\":\"https:\/\/nonprofitlaw.cleo.on.ca\/fr\/future-loi\/etape-5-creer-vos-reglements-administratifs-ou-mettre-a-jour-vos-reglements-administratifs-existants\/documents-que-vous-devez-conserver\/\",\"url\":\"https:\/\/nonprofitlaw.cleo.on.ca\/fr\/future-loi\/etape-5-creer-vos-reglements-administratifs-ou-mettre-a-jour-vos-reglements-administratifs-existants\/documents-que-vous-devez-conserver\/\",\"name\":\"Documents que vous devez conserver - Nonprofit Law Ontario\",\"isPartOf\":{\"@id\":\"https:\/\/nonprofitlaw.cleo.on.ca\/#website\"},\"datePublished\":\"2020-01-20T11:24:50+00:00\",\"dateModified\":\"2021-10-14T17:46:34+00:00\",\"breadcrumb\":{\"@id\":\"https:\/\/nonprofitlaw.cleo.on.ca\/fr\/future-loi\/etape-5-creer-vos-reglements-administratifs-ou-mettre-a-jour-vos-reglements-administratifs-existants\/documents-que-vous-devez-conserver\/#breadcrumb\"},\"inLanguage\":\"fr-FR\",\"potentialAction\":[{\"@type\":\"ReadAction\",\"target\":[\"https:\/\/nonprofitlaw.cleo.on.ca\/fr\/future-loi\/etape-5-creer-vos-reglements-administratifs-ou-mettre-a-jour-vos-reglements-administratifs-existants\/documents-que-vous-devez-conserver\/\"]}]},{\"@type\":\"BreadcrumbList\",\"@id\":\"https:\/\/nonprofitlaw.cleo.on.ca\/fr\/future-loi\/etape-5-creer-vos-reglements-administratifs-ou-mettre-a-jour-vos-reglements-administratifs-existants\/documents-que-vous-devez-conserver\/#breadcrumb\",\"itemListElement\":[{\"@type\":\"ListItem\",\"position\":1,\"name\":\"Home\",\"item\":\"https:\/\/nonprofitlaw.cleo.on.ca\/fr\/\"},{\"@type\":\"ListItem\",\"position\":2,\"name\":\"Transitioner \u00e0 LOSBL\",\"item\":\"https:\/\/nonprofitlaw.cleo.on.ca\/fr\/future-loi\/\"},{\"@type\":\"ListItem\",\"position\":3,\"name\":\"\u00c9tape 5 : Cr\u00e9er vos r\u00e8glements administratifs ou mettre \u00e0 jour vos r\u00e8glements administratifs existants\",\"item\":\"https:\/\/nonprofitlaw.cleo.on.ca\/fr\/future-loi\/etape-5-creer-vos-reglements-administratifs-ou-mettre-a-jour-vos-reglements-administratifs-existants\/\"},{\"@type\":\"ListItem\",\"position\":4,\"name\":\"Documents que vous devez conserver\"}]},{\"@type\":\"WebSite\",\"@id\":\"https:\/\/nonprofitlaw.cleo.on.ca\/#website\",\"url\":\"https:\/\/nonprofitlaw.cleo.on.ca\/\",\"name\":\"Nonprofit Law Ontario\",\"description\":\"Rules and tools for organizations\",\"potentialAction\":[{\"@type\":\"SearchAction\",\"target\":{\"@type\":\"EntryPoint\",\"urlTemplate\":\"https:\/\/nonprofitlaw.cleo.on.ca\/?s={search_term_string}\"},\"query-input\":\"required name=search_term_string\"}],\"inLanguage\":\"fr-FR\"}]}<\/script>\n<!-- \/ Yoast SEO plugin. -->","yoast_head_json":{"title":"Documents que vous devez conserver - Nonprofit Law Ontario","robots":{"index":"index","follow":"follow","max-snippet":"max-snippet:-1","max-image-preview":"max-image-preview:large","max-video-preview":"max-video-preview:-1"},"canonical":"https:\/\/nonprofitlaw.cleo.on.ca\/fr\/future-loi\/etape-5-creer-vos-reglements-administratifs-ou-mettre-a-jour-vos-reglements-administratifs-existants\/documents-que-vous-devez-conserver\/","og_locale":"fr_FR","og_type":"article","og_title":"Documents que vous devez conserver - Nonprofit Law Ontario","og_description":"Vous devez conserver certains documents sous le r\u00e9gime de la Loi sur les organisations sans but lucratif de l\u2019Ontario (LOSBL). Ces documents sont notamment les suivants\u00a0: Documents constitutifs\u00a0: statuts ou lettres patentes r\u00e8glements administratifs modifications aux statuts et aux r\u00e8glements administratifs Proc\u00e8s-verbaux et r\u00e9solutions des\u00a0: assembl\u00e9es des membres r\u00e9unions des comit\u00e9s de membres r\u00e9unions du conseil d\u2019administration r\u00e9unions des comit\u00e9s du conseil d\u2019administration Registres des\u00a0: administrateurs dirigeants membres Documents comptables et \u00e9tats financiers pour permettre aux administrateurs de v\u00e9rifier de fa\u00e7on suffisamment pr\u00e9cise la situation financi\u00e8re de l\u2019organisation sans but lucratif.","og_url":"https:\/\/nonprofitlaw.cleo.on.ca\/fr\/future-loi\/etape-5-creer-vos-reglements-administratifs-ou-mettre-a-jour-vos-reglements-administratifs-existants\/documents-que-vous-devez-conserver\/","og_site_name":"Nonprofit Law Ontario","article_modified_time":"2021-10-14T17:46:34+00:00","twitter_misc":{"Dur\u00e9e de lecture estim\u00e9e":"1 minute"},"schema":{"@context":"https:\/\/schema.org","@graph":[{"@type":"WebPage","@id":"https:\/\/nonprofitlaw.cleo.on.ca\/fr\/future-loi\/etape-5-creer-vos-reglements-administratifs-ou-mettre-a-jour-vos-reglements-administratifs-existants\/documents-que-vous-devez-conserver\/","url":"https:\/\/nonprofitlaw.cleo.on.ca\/fr\/future-loi\/etape-5-creer-vos-reglements-administratifs-ou-mettre-a-jour-vos-reglements-administratifs-existants\/documents-que-vous-devez-conserver\/","name":"Documents que vous devez conserver - Nonprofit Law Ontario","isPartOf":{"@id":"https:\/\/nonprofitlaw.cleo.on.ca\/#website"},"datePublished":"2020-01-20T11:24:50+00:00","dateModified":"2021-10-14T17:46:34+00:00","breadcrumb":{"@id":"https:\/\/nonprofitlaw.cleo.on.ca\/fr\/future-loi\/etape-5-creer-vos-reglements-administratifs-ou-mettre-a-jour-vos-reglements-administratifs-existants\/documents-que-vous-devez-conserver\/#breadcrumb"},"inLanguage":"fr-FR","potentialAction":[{"@type":"ReadAction","target":["https:\/\/nonprofitlaw.cleo.on.ca\/fr\/future-loi\/etape-5-creer-vos-reglements-administratifs-ou-mettre-a-jour-vos-reglements-administratifs-existants\/documents-que-vous-devez-conserver\/"]}]},{"@type":"BreadcrumbList","@id":"https:\/\/nonprofitlaw.cleo.on.ca\/fr\/future-loi\/etape-5-creer-vos-reglements-administratifs-ou-mettre-a-jour-vos-reglements-administratifs-existants\/documents-que-vous-devez-conserver\/#breadcrumb","itemListElement":[{"@type":"ListItem","position":1,"name":"Home","item":"https:\/\/nonprofitlaw.cleo.on.ca\/fr\/"},{"@type":"ListItem","position":2,"name":"Transitioner \u00e0 LOSBL","item":"https:\/\/nonprofitlaw.cleo.on.ca\/fr\/future-loi\/"},{"@type":"ListItem","position":3,"name":"\u00c9tape 5 : Cr\u00e9er vos r\u00e8glements administratifs ou mettre \u00e0 jour vos r\u00e8glements administratifs existants","item":"https:\/\/nonprofitlaw.cleo.on.ca\/fr\/future-loi\/etape-5-creer-vos-reglements-administratifs-ou-mettre-a-jour-vos-reglements-administratifs-existants\/"},{"@type":"ListItem","position":4,"name":"Documents que vous devez conserver"}]},{"@type":"WebSite","@id":"https:\/\/nonprofitlaw.cleo.on.ca\/#website","url":"https:\/\/nonprofitlaw.cleo.on.ca\/","name":"Nonprofit Law Ontario","description":"Rules and tools for organizations","potentialAction":[{"@type":"SearchAction","target":{"@type":"EntryPoint","urlTemplate":"https:\/\/nonprofitlaw.cleo.on.ca\/?s={search_term_string}"},"query-input":"required name=search_term_string"}],"inLanguage":"fr-FR"}]}},"meta_box":{"page_show_banner":"0","page_banner_type":"banner","page_banner_title":"","page_banner_title_color":"","page_banner_description":"","page_banner_image":[],"research_exclude_taxonomies":"","research_filter_form":"","research_results_style":"","research_posts_per_page":"","contact_page_template_layout":"","contact_shortcode":"","contact_address":"","contact_address_details":"","contact_map":{"latitude":"","longitude":"","zoom":""},"remove_map":"","contact_company_name":"","contact_company_phones":[],"contact_company_email":"","contact_textarea":"","contact_other_text_block":"","contact_other_locations_show":"","contact_other_locations_title":"","contact_other_locations_type":"","contact_other_locations":[],"contact_gmaps_zoom_control":"","contact_gmaps_map_type_control":"","contact_gmaps_scaleControl":"","contact_gmaps_streetViewControl":"","contact_gmaps_rotateControl":"","contact_gmaps_fullscreenControl":"","location_gmaps_zoom_control":"","location_gmaps_map_type_control":"","location_gmaps_scaleControl":"","location_gmaps_streetViewControl":"","location_gmaps_rotateControl":"","location_gmaps_fullscreenControl":"","menu_page_links_type":"","menu_page_links":[],"menu_page_links_bottom_content":"","external_links_type":"","external_links":[],"external_sublinks":[],"private_staff_information_blocks":[],"private_staff_links_title":"","private_staff_links":[],"legal_topic_menu":[],"sb_display_type":"","sb_people_block":[]},"_links":{"self":[{"href":"https:\/\/nonprofitlaw.cleo.on.ca\/fr\/wp-json\/wp\/v2\/pages\/3206"}],"collection":[{"href":"https:\/\/nonprofitlaw.cleo.on.ca\/fr\/wp-json\/wp\/v2\/pages"}],"about":[{"href":"https:\/\/nonprofitlaw.cleo.on.ca\/fr\/wp-json\/wp\/v2\/types\/page"}],"author":[{"embeddable":true,"href":"https:\/\/nonprofitlaw.cleo.on.ca\/fr\/wp-json\/wp\/v2\/users\/12"}],"replies":[{"embeddable":true,"href":"https:\/\/nonprofitlaw.cleo.on.ca\/fr\/wp-json\/wp\/v2\/comments?post=3206"}],"version-history":[{"count":4,"href":"https:\/\/nonprofitlaw.cleo.on.ca\/fr\/wp-json\/wp\/v2\/pages\/3206\/revisions"}],"predecessor-version":[{"id":4488,"href":"https:\/\/nonprofitlaw.cleo.on.ca\/fr\/wp-json\/wp\/v2\/pages\/3206\/revisions\/4488"}],"up":[{"embeddable":true,"href":"https:\/\/nonprofitlaw.cleo.on.ca\/fr\/wp-json\/wp\/v2\/pages\/1149"}],"wp:attachment":[{"href":"https:\/\/nonprofitlaw.cleo.on.ca\/fr\/wp-json\/wp\/v2\/media?parent=3206"}],"curies":[{"name":"wp","href":"https:\/\/api.w.org\/{rel}","templated":true}]}}