{"id":3192,"date":"2020-01-20T06:01:00","date_gmt":"2020-01-20T11:01:00","guid":{"rendered":"https:\/\/onca2019.turnbull.co\/?page_id=3192"},"modified":"2021-11-04T14:52:19","modified_gmt":"2021-11-04T18:52:19","slug":"dissolution","status":"publish","type":"page","link":"https:\/\/nonprofitlaw.cleo.on.ca\/fr\/garder-votre-statut\/dissolution\/","title":{"rendered":"Dissolution"},"content":{"rendered":"\n<p>La pr\u00e9sente page vous indique ce que la <a href=\"https:\/\/www.ontario.ca\/fr\/lois\/loi\/10n15\">Loi sur les organisations sans but lucratif de l\u2019Ontario<\/a> (LOSBL) pr\u00e9voit au sujet de l\u2019actif de votre organisation sans but lucratif si vous d\u00e9cidez de \u00a0dissoudre votre organisation ou de mettre fin \u00e0 ses activit\u00e9s<em>.<\/em><\/p>\n<p>Si votre organisation a \u00e9t\u00e9 constitu\u00e9e en personne morale avant la proclamation de la LOSBL le 19 octobre 2021, il se peut que vos r\u00e8glements administratifs ou vos statuts ne soient pas conformes aux r\u00e8gles qui vous sont expos\u00e9es cidessous. Vous avez jusqu\u2019au <strong>18\u00a0octobre\u00a02024<\/strong> pour r\u00e9viser, mettre \u00e0 jour et d\u00e9poser vos documents de gestion aupr\u00e8s du gouvernement de l\u2019Ontario. D\u2019ici l\u00e0, les r\u00e8gles pr\u00e9vues dans vos statuts et vos r\u00e8glements administratifs demeurent valides, dans la mesure o\u00f9 elles \u00e9taient valides avant l\u2019entr\u00e9e en vigueur de la LOSBL.<\/p>\n<h2>Que devons-nous faire avec l\u2019actif de notre organisation sans but lucratif si nous d\u00e9cidons de mettre fin aux activit\u00e9s de celle-ci?<\/h2>\n<p>Cela d\u00e9pend du type d\u2019organisation sans but lucratif que vous dirigez (articles <a href=\"https:\/\/www.ontario.ca\/fr\/lois\/loi\/10n15#BK168\">150<\/a> et <a href=\"https:\/\/www.ontario.ca\/fr\/lois\/loi\/10n15#BK185\">167<\/a>).<\/p>\n<p><div class=\"wc-shortcodes-accordion wc-shortcodes-item wc-shortcodes-accordion-collapse wc-shortcodes-accordion-layout-box\" data-behavior=\"autoclose\" data-start-state=\"collapse\"><\/p>\n<p><div class=\"wc-shortcodes-accordion-trigger \"><a href=\"#\">organisation d\u2019int\u00e9r\u00eat public<\/a><\/div><div class=\"wc-shortcodes-accordion-content-wrapper\"><div class=\"wc-shortcodes-accordion-content wc-shortcodes-content\"><\/p>\n<p>Si votre organisation est une <strong>organisation d\u2019int\u00e9r\u00eat public mais qu\u2019elle n\u2019est pas un organisme de bienfaisance<\/strong>, ses \u00e9l\u00e9ments d\u2019actif doivent \u00eatre distribu\u00e9s \u00e0 l\u2019une ou plusieurs des entit\u00e9s suivantes\u00a0:<\/p>\n<ul>\n<li>une organisation d\u2019int\u00e9r\u00eat public ayant des objets semblables<\/li>\n<li>un organisme de bienfaisance enregistr\u00e9<\/li>\n<li>un organisme gouvernemental<\/li>\n<li>une municipalit\u00e9<\/li>\n<\/ul>\n<p>Cette r\u00e8gle s\u2019applique malgr\u00e9 toute disposition contraire des statuts ou des r\u00e8glements administratifs de votre organisation.<\/p>\n<p><\/div><\/div><\/p>\n<p><div class=\"wc-shortcodes-accordion-trigger \"><a href=\"#\">organisme de bienfaisance<\/a><\/div><div class=\"wc-shortcodes-accordion-content-wrapper\"><div class=\"wc-shortcodes-accordion-content wc-shortcodes-content\"><\/p>\n<p>Si votre organisation est un <strong>organisme de bienfaisance<\/strong>, ses \u00e9l\u00e9ments d\u2019actif doivent \u00eatre distribu\u00e9s \u00e0 l\u2019une ou plusieurs des entit\u00e9s suivantes\u00a0:<\/p>\n<ul>\n<li>un organisme de bienfaisance enregistr\u00e9 ayant des objets semblables<\/li>\n<li>un organisme gouvernemental<\/li>\n<li>une municipalit\u00e9<\/li>\n<\/ul>\n<p>Cette r\u00e8gle s\u2019applique malgr\u00e9 toute disposition contraire des statuts ou des r\u00e8glements administratifs de votre organisation.<\/p>\n<p><\/div><\/div><\/p>\n<p><div class=\"wc-shortcodes-accordion-trigger \"><a href=\"#\">pas une organisation d\u2019int\u00e9r\u00eat public<\/a><\/div><div class=\"wc-shortcodes-accordion-content-wrapper\"><div class=\"wc-shortcodes-accordion-content wc-shortcodes-content\"><\/p>\n<p><strong>Si votre organisation n\u2019est pas une organisation d\u2019int\u00e9r\u00eat public, <\/strong>vous devez respecter ce que pr\u00e9voient les statuts. Si les statuts ne traitent pas de cette question, les \u00e9l\u00e9ments d\u2019actif doivent \u00eatre r\u00e9partis entre les membres de votre organisation d\u2019une mani\u00e8re qui tient compte de leurs droits et int\u00e9r\u00eats dans l\u2019organisation.<\/p>\n<p><\/div><\/div><\/p>\n<p><\/div><\/p>\n","protected":false},"excerpt":{"rendered":"<p>La pr\u00e9sente page vous indique ce que la <a href=\"https:\/\/www.ontario.ca\/fr\/lois\/loi\/10n15\">Loi sur les organisations sans but lucratif de l\u2019Ontario<\/a> (LOSBL) pr\u00e9voit au sujet de l\u2019actif de votre organisation sans but lucratif si vous d\u00e9cidez de \u00a0dissoudre votre organisation ou de mettre fin \u00e0 ses activit\u00e9s<em>.<\/em><br \/>\nSi votre organisation a \u00e9t\u00e9 constitu\u00e9e en personne morale avant la proclamation de la LOSBL le 19 octobre 2021,<\/p>\n","protected":false},"author":12,"featured_media":0,"parent":3907,"menu_order":0,"comment_status":"closed","ping_status":"closed","template":"","meta":{"_cbd_carousel_blocks":"[]","footnotes":""},"yoast_head":"<!-- This site is optimized with the Yoast SEO plugin v21.0 - https:\/\/yoast.com\/wordpress\/plugins\/seo\/ -->\n<title>Dissolution - Nonprofit Law Ontario<\/title>\n<meta name=\"robots\" content=\"index, follow, max-snippet:-1, max-image-preview:large, max-video-preview:-1\" \/>\n<link rel=\"canonical\" href=\"https:\/\/nonprofitlaw.cleo.on.ca\/fr\/garder-votre-statut\/dissolution\/\" \/>\n<meta property=\"og:locale\" content=\"fr_FR\" \/>\n<meta property=\"og:type\" content=\"article\" \/>\n<meta property=\"og:title\" content=\"Dissolution - Nonprofit Law Ontario\" \/>\n<meta property=\"og:description\" content=\"La pr\u00e9sente page vous indique ce que la Loi sur les organisations sans but lucratif de l\u2019Ontario (LOSBL) pr\u00e9voit au sujet de l\u2019actif de votre organisation sans but lucratif si vous d\u00e9cidez de \u00a0dissoudre votre organisation ou de mettre fin \u00e0 ses activit\u00e9s. Si votre organisation a \u00e9t\u00e9 constitu\u00e9e en personne morale avant la proclamation de la LOSBL le 19 octobre 2021,\" \/>\n<meta property=\"og:url\" content=\"https:\/\/nonprofitlaw.cleo.on.ca\/fr\/garder-votre-statut\/dissolution\/\" \/>\n<meta property=\"og:site_name\" content=\"Nonprofit Law Ontario\" \/>\n<meta property=\"article:modified_time\" content=\"2021-11-04T18:52:19+00:00\" \/>\n<meta name=\"twitter:label1\" content=\"Dur\u00e9e de lecture estim\u00e9e\" \/>\n\t<meta name=\"twitter:data1\" content=\"2 minutes\" \/>\n<script type=\"application\/ld+json\" class=\"yoast-schema-graph\">{\"@context\":\"https:\/\/schema.org\",\"@graph\":[{\"@type\":\"WebPage\",\"@id\":\"https:\/\/nonprofitlaw.cleo.on.ca\/fr\/garder-votre-statut\/dissolution\/\",\"url\":\"https:\/\/nonprofitlaw.cleo.on.ca\/fr\/garder-votre-statut\/dissolution\/\",\"name\":\"Dissolution - Nonprofit Law Ontario\",\"isPartOf\":{\"@id\":\"https:\/\/nonprofitlaw.cleo.on.ca\/#website\"},\"datePublished\":\"2020-01-20T11:01:00+00:00\",\"dateModified\":\"2021-11-04T18:52:19+00:00\",\"breadcrumb\":{\"@id\":\"https:\/\/nonprofitlaw.cleo.on.ca\/fr\/garder-votre-statut\/dissolution\/#breadcrumb\"},\"inLanguage\":\"fr-FR\",\"potentialAction\":[{\"@type\":\"ReadAction\",\"target\":[\"https:\/\/nonprofitlaw.cleo.on.ca\/fr\/garder-votre-statut\/dissolution\/\"]}]},{\"@type\":\"BreadcrumbList\",\"@id\":\"https:\/\/nonprofitlaw.cleo.on.ca\/fr\/garder-votre-statut\/dissolution\/#breadcrumb\",\"itemListElement\":[{\"@type\":\"ListItem\",\"position\":1,\"name\":\"Home\",\"item\":\"https:\/\/nonprofitlaw.cleo.on.ca\/fr\/\"},{\"@type\":\"ListItem\",\"position\":2,\"name\":\"Garder votre statut\",\"item\":\"https:\/\/nonprofitlaw.cleo.on.ca\/fr\/garder-votre-statut\/\"},{\"@type\":\"ListItem\",\"position\":3,\"name\":\"Dissolution\"}]},{\"@type\":\"WebSite\",\"@id\":\"https:\/\/nonprofitlaw.cleo.on.ca\/#website\",\"url\":\"https:\/\/nonprofitlaw.cleo.on.ca\/\",\"name\":\"Nonprofit Law Ontario\",\"description\":\"Rules and tools for organizations\",\"potentialAction\":[{\"@type\":\"SearchAction\",\"target\":{\"@type\":\"EntryPoint\",\"urlTemplate\":\"https:\/\/nonprofitlaw.cleo.on.ca\/?s={search_term_string}\"},\"query-input\":\"required name=search_term_string\"}],\"inLanguage\":\"fr-FR\"}]}<\/script>\n<!-- \/ Yoast SEO plugin. -->","yoast_head_json":{"title":"Dissolution - Nonprofit Law Ontario","robots":{"index":"index","follow":"follow","max-snippet":"max-snippet:-1","max-image-preview":"max-image-preview:large","max-video-preview":"max-video-preview:-1"},"canonical":"https:\/\/nonprofitlaw.cleo.on.ca\/fr\/garder-votre-statut\/dissolution\/","og_locale":"fr_FR","og_type":"article","og_title":"Dissolution - Nonprofit Law Ontario","og_description":"La pr\u00e9sente page vous indique ce que la Loi sur les organisations sans but lucratif de l\u2019Ontario (LOSBL) pr\u00e9voit au sujet de l\u2019actif de votre organisation sans but lucratif si vous d\u00e9cidez de \u00a0dissoudre votre organisation ou de mettre fin \u00e0 ses activit\u00e9s. Si votre organisation a \u00e9t\u00e9 constitu\u00e9e en personne morale avant la proclamation de la LOSBL le 19 octobre 2021,","og_url":"https:\/\/nonprofitlaw.cleo.on.ca\/fr\/garder-votre-statut\/dissolution\/","og_site_name":"Nonprofit Law Ontario","article_modified_time":"2021-11-04T18:52:19+00:00","twitter_misc":{"Dur\u00e9e de lecture estim\u00e9e":"2 minutes"},"schema":{"@context":"https:\/\/schema.org","@graph":[{"@type":"WebPage","@id":"https:\/\/nonprofitlaw.cleo.on.ca\/fr\/garder-votre-statut\/dissolution\/","url":"https:\/\/nonprofitlaw.cleo.on.ca\/fr\/garder-votre-statut\/dissolution\/","name":"Dissolution - Nonprofit Law Ontario","isPartOf":{"@id":"https:\/\/nonprofitlaw.cleo.on.ca\/#website"},"datePublished":"2020-01-20T11:01:00+00:00","dateModified":"2021-11-04T18:52:19+00:00","breadcrumb":{"@id":"https:\/\/nonprofitlaw.cleo.on.ca\/fr\/garder-votre-statut\/dissolution\/#breadcrumb"},"inLanguage":"fr-FR","potentialAction":[{"@type":"ReadAction","target":["https:\/\/nonprofitlaw.cleo.on.ca\/fr\/garder-votre-statut\/dissolution\/"]}]},{"@type":"BreadcrumbList","@id":"https:\/\/nonprofitlaw.cleo.on.ca\/fr\/garder-votre-statut\/dissolution\/#breadcrumb","itemListElement":[{"@type":"ListItem","position":1,"name":"Home","item":"https:\/\/nonprofitlaw.cleo.on.ca\/fr\/"},{"@type":"ListItem","position":2,"name":"Garder votre statut","item":"https:\/\/nonprofitlaw.cleo.on.ca\/fr\/garder-votre-statut\/"},{"@type":"ListItem","position":3,"name":"Dissolution"}]},{"@type":"WebSite","@id":"https:\/\/nonprofitlaw.cleo.on.ca\/#website","url":"https:\/\/nonprofitlaw.cleo.on.ca\/","name":"Nonprofit Law Ontario","description":"Rules and tools for organizations","potentialAction":[{"@type":"SearchAction","target":{"@type":"EntryPoint","urlTemplate":"https:\/\/nonprofitlaw.cleo.on.ca\/?s={search_term_string}"},"query-input":"required name=search_term_string"}],"inLanguage":"fr-FR"}]}},"meta_box":{"page_show_banner":"0","page_banner_type":"banner","page_banner_title":"","page_banner_title_color":"","page_banner_description":"","page_banner_image":[],"research_exclude_taxonomies":"","research_filter_form":"","research_results_style":"","research_posts_per_page":"","contact_page_template_layout":"","contact_shortcode":"","contact_address":"","contact_address_details":"","contact_map":{"latitude":"","longitude":"","zoom":""},"remove_map":"","contact_company_name":"","contact_company_phones":[],"contact_company_email":"","contact_textarea":"","contact_other_text_block":"","contact_other_locations_show":"","contact_other_locations_title":"","contact_other_locations_type":"","contact_other_locations":[],"contact_gmaps_zoom_control":"","contact_gmaps_map_type_control":"","contact_gmaps_scaleControl":"","contact_gmaps_streetViewControl":"","contact_gmaps_rotateControl":"","contact_gmaps_fullscreenControl":"","location_gmaps_zoom_control":"","location_gmaps_map_type_control":"","location_gmaps_scaleControl":"","location_gmaps_streetViewControl":"","location_gmaps_rotateControl":"","location_gmaps_fullscreenControl":"","menu_page_links_type":"","menu_page_links":[],"menu_page_links_bottom_content":"","external_links_type":"","external_links":[],"external_sublinks":[],"private_staff_information_blocks":[],"private_staff_links_title":"","private_staff_links":[],"legal_topic_menu":[],"sb_display_type":"","sb_people_block":[]},"_links":{"self":[{"href":"https:\/\/nonprofitlaw.cleo.on.ca\/fr\/wp-json\/wp\/v2\/pages\/3192"}],"collection":[{"href":"https:\/\/nonprofitlaw.cleo.on.ca\/fr\/wp-json\/wp\/v2\/pages"}],"about":[{"href":"https:\/\/nonprofitlaw.cleo.on.ca\/fr\/wp-json\/wp\/v2\/types\/page"}],"author":[{"embeddable":true,"href":"https:\/\/nonprofitlaw.cleo.on.ca\/fr\/wp-json\/wp\/v2\/users\/12"}],"replies":[{"embeddable":true,"href":"https:\/\/nonprofitlaw.cleo.on.ca\/fr\/wp-json\/wp\/v2\/comments?post=3192"}],"version-history":[{"count":9,"href":"https:\/\/nonprofitlaw.cleo.on.ca\/fr\/wp-json\/wp\/v2\/pages\/3192\/revisions"}],"predecessor-version":[{"id":4583,"href":"https:\/\/nonprofitlaw.cleo.on.ca\/fr\/wp-json\/wp\/v2\/pages\/3192\/revisions\/4583"}],"up":[{"embeddable":true,"href":"https:\/\/nonprofitlaw.cleo.on.ca\/fr\/wp-json\/wp\/v2\/pages\/3907"}],"wp:attachment":[{"href":"https:\/\/nonprofitlaw.cleo.on.ca\/fr\/wp-json\/wp\/v2\/media?parent=3192"}],"curies":[{"name":"wp","href":"https:\/\/api.w.org\/{rel}","templated":true}]}}