{"id":3182,"date":"2020-01-18T09:38:34","date_gmt":"2020-01-18T14:38:34","guid":{"rendered":"https:\/\/onca2019.turnbull.co\/?page_id=3182"},"modified":"2023-10-31T18:22:13","modified_gmt":"2023-10-31T22:22:13","slug":"organismes-de-bienfaisance","status":"publish","type":"page","link":"https:\/\/nonprofitlaw.cleo.on.ca\/fr\/garder-votre-statut\/organismes-de-bienfaisance\/","title":{"rendered":"Organismes de bienfaisance"},"content":{"rendered":"\n<p>La pr\u00e9sente page explique comment la <a href=\"https:\/\/www.ontario.ca\/fr\/lois\/loi\/10n15\">Loi sur les organisations sans but lucratif de l\u2019Ontario<\/a> (LOSBL) pourrait s\u2019appliquer \u00e0 votre organisation si elle est un organisme de bienfaisance.<\/p>\n<p>Si votre organisation a \u00e9t\u00e9 constitu\u00e9e en personne morale avant la proclamation de la LOSBL le 19 octobre 2021, il se peut que vos r\u00e8glements administratifs ou vos statuts ne soient pas conformes aux r\u00e8gles qui vous sont expos\u00e9es cidessous. Vous avez jusqu\u2019au 18\u00a0octobre\u00a02024 pour r\u00e9viser, mettre \u00e0 jour et d\u00e9poser vos documents de gestion aupr\u00e8s du gouvernement de l\u2019Ontario. D\u2019ici l\u00e0, les r\u00e8gles pr\u00e9vues dans vos statuts et vos r\u00e8glements administratifs demeurent valides, dans la mesure o\u00f9 elles \u00e9taient valides avant l\u2019entr\u00e9e en vigueur de la LOSBL.<\/p>\n<p><div class=\"wc-shortcodes-accordion wc-shortcodes-item wc-shortcodes-accordion-collapse wc-shortcodes-accordion-layout-box\" data-behavior=\"autoclose\" data-start-state=\"collapse\"><\/p>\n<p><div class=\"wc-shortcodes-accordion-trigger \"><a href=\"#\">Devrons-nous apporter des modifications qui pourraient changer le statut d\u2019organisme de bienfaisance de notre organisation?<\/a><\/div><div class=\"wc-shortcodes-accordion-content-wrapper\"><div class=\"wc-shortcodes-accordion-content wc-shortcodes-content\"><\/p>\n<p>Oui.<\/p>\n<p>Il se peut que certaines organisations sans but lucratif doivent r\u00e9viser leurs statuts constitutifs au moment de se pr\u00e9parer en vue de la LOSBL. Ainsi, la LOSBL exige que les\u00a0<a href=\"\/fr\/ressources-et-publications\/glossaire-des-termes-employes-dans-la-losbl\/#statuts-constitutifs\">statuts<\/a> contiennent des \u00e9l\u00e9ments qui diff\u00e8rent de ceux qui devaient \u00eatre inclus dans les anciennes lettres patentes.<\/p>\n<p><\/div><\/div><\/p>\n<p><div class=\"wc-shortcodes-accordion-trigger \"><a href=\"#\">Est-ce que les modifications apport\u00e9es \u00e0 nos statuts doivent \u00eatre approuv\u00e9es?<\/a><\/div><div class=\"wc-shortcodes-accordion-content-wrapper\"><div class=\"wc-shortcodes-accordion-content wc-shortcodes-content\"><\/p>\n<p>Parfois. Les modifications que les organismes de bienfaisance enregistr\u00e9s constitu\u00e9s en Ontario apportent, par exemple, \u00e0 leurs objets ou \u00e0 leur clause de dissolution doivent \u00eatre approuv\u00e9es par :<\/p>\n<ul>\n<li>l\u2019<a href=\"https:\/\/www.canada.ca\/fr\/services\/impots\/bienfaisance.html\" target=\"_blank\" rel=\"noopener noreferrer\">Agence du revenu du Canada<\/a>\u00a0(ARC),\u00a0<\/li>\n<li>le <a href=\"https:\/\/www.attorneygeneral.jus.gov.on.ca\/french\/family\/pgt\/charities\/index.php\">Tuteur et curateur public<\/a> de l\u2019Ontario (TCP).<\/li>\n<\/ul>\n<p>Les organismes de bienfaisance enregistr\u00e9s doivent d\u00e9poser aupr\u00e8s de l\u2019ARC d\u2019autres modifications qu\u2019elles apportent \u00e0 leurs statuts, mais il n\u2019est pas n\u00e9cessaire que l\u2019ARC les approuve.<\/p>\n<p><\/div><\/div><\/p>\n<p><div class=\"wc-shortcodes-accordion-trigger \"><a href=\"#\">Est-ce que nos nouveaux statuts pourraient mettre en p\u00e9ril le statut d\u2019organisme de bienfaisance de notre organisation?<\/a><\/div><div class=\"wc-shortcodes-accordion-content-wrapper\"><div class=\"wc-shortcodes-accordion-content wc-shortcodes-content\"><\/p>\n<p>Oui.<\/p>\n<p>De nombreuses organisations sans but lucratif sont devenues des organismes de bienfaisance et ont depuis longtemps \u00e9t\u00e9 approuv\u00e9es par le TCP ou l\u2019ARC. Le droit r\u00e9gissant les organismes de bienfaisance a chang\u00e9 au fil des ans. Votre organisation pourrait perdre son statut d\u2019organisme de bienfaisance si vos nouveaux statuts\u00a0:<\/p>\n<ul>\n<li>\u00e9noncent les objets de votre organisation sans but lucratif d\u2019une mani\u00e8re qui ne sera pas accept\u00e9e par l\u2019ARC ou le TCP<\/li>\n<li>comprennent maintenant des objets et des activit\u00e9s que vous n\u2019aviez pas lors de votre enregistrement initial comme organisme de bienfaisance<\/li>\n<\/ul>\n<p>Si vous devez modifier les objets de votre organisation sans but lucratif, consultez les lignes directrices de l&rsquo;ARC intitul\u00e9es \u00ab <a href=\"https:\/\/www.canada.ca\/fr\/agence-revenu\/services\/organismes-bienfaisance-dons\/organismes-bienfaisance\/politiques-lignes-directrices\/lignes-directrices-019-comment-rediger-fins-satisfont-exigences-bienfaisance-matiere-enregistrement.html\">Comment r\u00e9diger des fins qui satisfont aux exigences de la bienfaisance en mati\u00e8re d\u2019enregistrement<\/a> \u00bb.<\/p>\n<p><\/div><\/div><\/p>\n<p><\/div><\/p>\n","protected":false},"excerpt":{"rendered":"<p>La pr\u00e9sente page explique comment la <a href=\"https:\/\/www.ontario.ca\/fr\/lois\/loi\/10n15\">Loi sur les organisations sans but lucratif de l\u2019Ontario<\/a> (LOSBL) pourrait s\u2019appliquer \u00e0 votre organisation si elle est un organisme de bienfaisance.<br \/>\nSi votre organisation a \u00e9t\u00e9 constitu\u00e9e en personne morale avant la proclamation de la LOSBL le 19 octobre 2021, il se peut que vos r\u00e8glements administratifs ou vos statuts ne soient pas conformes aux r\u00e8gles qui vous sont expos\u00e9es cidessous.<\/p>\n","protected":false},"author":12,"featured_media":0,"parent":3907,"menu_order":0,"comment_status":"closed","ping_status":"closed","template":"","meta":{"_cbd_carousel_blocks":"[]","footnotes":""},"yoast_head":"<!-- This site is optimized with the Yoast SEO plugin v21.0 - https:\/\/yoast.com\/wordpress\/plugins\/seo\/ -->\n<title>Organismes de bienfaisance - Nonprofit Law Ontario<\/title>\n<meta name=\"robots\" content=\"index, follow, max-snippet:-1, max-image-preview:large, max-video-preview:-1\" \/>\n<link rel=\"canonical\" href=\"https:\/\/nonprofitlaw.cleo.on.ca\/fr\/garder-votre-statut\/organismes-de-bienfaisance\/\" \/>\n<meta property=\"og:locale\" content=\"fr_FR\" \/>\n<meta property=\"og:type\" content=\"article\" \/>\n<meta property=\"og:title\" content=\"Organismes de bienfaisance - Nonprofit Law Ontario\" \/>\n<meta property=\"og:description\" content=\"La pr\u00e9sente page explique comment la Loi sur les organisations sans but lucratif de l\u2019Ontario (LOSBL) pourrait s\u2019appliquer \u00e0 votre organisation si elle est un organisme de bienfaisance. Si votre organisation a \u00e9t\u00e9 constitu\u00e9e en personne morale avant la proclamation de la LOSBL le 19 octobre 2021, il se peut que vos r\u00e8glements administratifs ou vos statuts ne soient pas conformes aux r\u00e8gles qui vous sont expos\u00e9es cidessous.\" \/>\n<meta property=\"og:url\" content=\"https:\/\/nonprofitlaw.cleo.on.ca\/fr\/garder-votre-statut\/organismes-de-bienfaisance\/\" \/>\n<meta property=\"og:site_name\" content=\"Nonprofit Law Ontario\" \/>\n<meta property=\"article:modified_time\" content=\"2023-10-31T22:22:13+00:00\" \/>\n<meta name=\"twitter:label1\" content=\"Dur\u00e9e de lecture estim\u00e9e\" \/>\n\t<meta name=\"twitter:data1\" content=\"2 minutes\" \/>\n<script type=\"application\/ld+json\" class=\"yoast-schema-graph\">{\"@context\":\"https:\/\/schema.org\",\"@graph\":[{\"@type\":\"WebPage\",\"@id\":\"https:\/\/nonprofitlaw.cleo.on.ca\/fr\/garder-votre-statut\/organismes-de-bienfaisance\/\",\"url\":\"https:\/\/nonprofitlaw.cleo.on.ca\/fr\/garder-votre-statut\/organismes-de-bienfaisance\/\",\"name\":\"Organismes de bienfaisance - Nonprofit Law Ontario\",\"isPartOf\":{\"@id\":\"https:\/\/nonprofitlaw.cleo.on.ca\/#website\"},\"datePublished\":\"2020-01-18T14:38:34+00:00\",\"dateModified\":\"2023-10-31T22:22:13+00:00\",\"breadcrumb\":{\"@id\":\"https:\/\/nonprofitlaw.cleo.on.ca\/fr\/garder-votre-statut\/organismes-de-bienfaisance\/#breadcrumb\"},\"inLanguage\":\"fr-FR\",\"potentialAction\":[{\"@type\":\"ReadAction\",\"target\":[\"https:\/\/nonprofitlaw.cleo.on.ca\/fr\/garder-votre-statut\/organismes-de-bienfaisance\/\"]}]},{\"@type\":\"BreadcrumbList\",\"@id\":\"https:\/\/nonprofitlaw.cleo.on.ca\/fr\/garder-votre-statut\/organismes-de-bienfaisance\/#breadcrumb\",\"itemListElement\":[{\"@type\":\"ListItem\",\"position\":1,\"name\":\"Home\",\"item\":\"https:\/\/nonprofitlaw.cleo.on.ca\/fr\/\"},{\"@type\":\"ListItem\",\"position\":2,\"name\":\"Garder votre statut\",\"item\":\"https:\/\/nonprofitlaw.cleo.on.ca\/fr\/garder-votre-statut\/\"},{\"@type\":\"ListItem\",\"position\":3,\"name\":\"Organismes de bienfaisance\"}]},{\"@type\":\"WebSite\",\"@id\":\"https:\/\/nonprofitlaw.cleo.on.ca\/#website\",\"url\":\"https:\/\/nonprofitlaw.cleo.on.ca\/\",\"name\":\"Nonprofit Law Ontario\",\"description\":\"Rules and tools for organizations\",\"potentialAction\":[{\"@type\":\"SearchAction\",\"target\":{\"@type\":\"EntryPoint\",\"urlTemplate\":\"https:\/\/nonprofitlaw.cleo.on.ca\/?s={search_term_string}\"},\"query-input\":\"required name=search_term_string\"}],\"inLanguage\":\"fr-FR\"}]}<\/script>\n<!-- \/ Yoast SEO plugin. -->","yoast_head_json":{"title":"Organismes de bienfaisance - Nonprofit Law Ontario","robots":{"index":"index","follow":"follow","max-snippet":"max-snippet:-1","max-image-preview":"max-image-preview:large","max-video-preview":"max-video-preview:-1"},"canonical":"https:\/\/nonprofitlaw.cleo.on.ca\/fr\/garder-votre-statut\/organismes-de-bienfaisance\/","og_locale":"fr_FR","og_type":"article","og_title":"Organismes de bienfaisance - Nonprofit Law Ontario","og_description":"La pr\u00e9sente page explique comment la Loi sur les organisations sans but lucratif de l\u2019Ontario (LOSBL) pourrait s\u2019appliquer \u00e0 votre organisation si elle est un organisme de bienfaisance. Si votre organisation a \u00e9t\u00e9 constitu\u00e9e en personne morale avant la proclamation de la LOSBL le 19 octobre 2021, il se peut que vos r\u00e8glements administratifs ou vos statuts ne soient pas conformes aux r\u00e8gles qui vous sont expos\u00e9es cidessous.","og_url":"https:\/\/nonprofitlaw.cleo.on.ca\/fr\/garder-votre-statut\/organismes-de-bienfaisance\/","og_site_name":"Nonprofit Law Ontario","article_modified_time":"2023-10-31T22:22:13+00:00","twitter_misc":{"Dur\u00e9e de lecture estim\u00e9e":"2 minutes"},"schema":{"@context":"https:\/\/schema.org","@graph":[{"@type":"WebPage","@id":"https:\/\/nonprofitlaw.cleo.on.ca\/fr\/garder-votre-statut\/organismes-de-bienfaisance\/","url":"https:\/\/nonprofitlaw.cleo.on.ca\/fr\/garder-votre-statut\/organismes-de-bienfaisance\/","name":"Organismes de bienfaisance - Nonprofit Law Ontario","isPartOf":{"@id":"https:\/\/nonprofitlaw.cleo.on.ca\/#website"},"datePublished":"2020-01-18T14:38:34+00:00","dateModified":"2023-10-31T22:22:13+00:00","breadcrumb":{"@id":"https:\/\/nonprofitlaw.cleo.on.ca\/fr\/garder-votre-statut\/organismes-de-bienfaisance\/#breadcrumb"},"inLanguage":"fr-FR","potentialAction":[{"@type":"ReadAction","target":["https:\/\/nonprofitlaw.cleo.on.ca\/fr\/garder-votre-statut\/organismes-de-bienfaisance\/"]}]},{"@type":"BreadcrumbList","@id":"https:\/\/nonprofitlaw.cleo.on.ca\/fr\/garder-votre-statut\/organismes-de-bienfaisance\/#breadcrumb","itemListElement":[{"@type":"ListItem","position":1,"name":"Home","item":"https:\/\/nonprofitlaw.cleo.on.ca\/fr\/"},{"@type":"ListItem","position":2,"name":"Garder votre statut","item":"https:\/\/nonprofitlaw.cleo.on.ca\/fr\/garder-votre-statut\/"},{"@type":"ListItem","position":3,"name":"Organismes de bienfaisance"}]},{"@type":"WebSite","@id":"https:\/\/nonprofitlaw.cleo.on.ca\/#website","url":"https:\/\/nonprofitlaw.cleo.on.ca\/","name":"Nonprofit Law Ontario","description":"Rules and tools for organizations","potentialAction":[{"@type":"SearchAction","target":{"@type":"EntryPoint","urlTemplate":"https:\/\/nonprofitlaw.cleo.on.ca\/?s={search_term_string}"},"query-input":"required name=search_term_string"}],"inLanguage":"fr-FR"}]}},"meta_box":{"page_show_banner":"0","page_banner_type":"banner","page_banner_title":"","page_banner_title_color":"","page_banner_description":"","page_banner_image":[],"research_exclude_taxonomies":"","research_filter_form":"","research_results_style":"","research_posts_per_page":"","contact_page_template_layout":"","contact_shortcode":"","contact_address":"","contact_address_details":"","contact_map":{"latitude":"","longitude":"","zoom":""},"remove_map":"","contact_company_name":"","contact_company_phones":[],"contact_company_email":"","contact_textarea":"","contact_other_text_block":"","contact_other_locations_show":"","contact_other_locations_title":"","contact_other_locations_type":"","contact_other_locations":[],"contact_gmaps_zoom_control":"","contact_gmaps_map_type_control":"","contact_gmaps_scaleControl":"","contact_gmaps_streetViewControl":"","contact_gmaps_rotateControl":"","contact_gmaps_fullscreenControl":"","location_gmaps_zoom_control":"","location_gmaps_map_type_control":"","location_gmaps_scaleControl":"","location_gmaps_streetViewControl":"","location_gmaps_rotateControl":"","location_gmaps_fullscreenControl":"","menu_page_links_type":"","menu_page_links":[],"menu_page_links_bottom_content":"","external_links_type":"","external_links":[],"external_sublinks":[],"private_staff_information_blocks":[],"private_staff_links_title":"","private_staff_links":[],"legal_topic_menu":[],"sb_display_type":"","sb_people_block":[]},"_links":{"self":[{"href":"https:\/\/nonprofitlaw.cleo.on.ca\/fr\/wp-json\/wp\/v2\/pages\/3182"}],"collection":[{"href":"https:\/\/nonprofitlaw.cleo.on.ca\/fr\/wp-json\/wp\/v2\/pages"}],"about":[{"href":"https:\/\/nonprofitlaw.cleo.on.ca\/fr\/wp-json\/wp\/v2\/types\/page"}],"author":[{"embeddable":true,"href":"https:\/\/nonprofitlaw.cleo.on.ca\/fr\/wp-json\/wp\/v2\/users\/12"}],"replies":[{"embeddable":true,"href":"https:\/\/nonprofitlaw.cleo.on.ca\/fr\/wp-json\/wp\/v2\/comments?post=3182"}],"version-history":[{"count":11,"href":"https:\/\/nonprofitlaw.cleo.on.ca\/fr\/wp-json\/wp\/v2\/pages\/3182\/revisions"}],"predecessor-version":[{"id":5382,"href":"https:\/\/nonprofitlaw.cleo.on.ca\/fr\/wp-json\/wp\/v2\/pages\/3182\/revisions\/5382"}],"up":[{"embeddable":true,"href":"https:\/\/nonprofitlaw.cleo.on.ca\/fr\/wp-json\/wp\/v2\/pages\/3907"}],"wp:attachment":[{"href":"https:\/\/nonprofitlaw.cleo.on.ca\/fr\/wp-json\/wp\/v2\/media?parent=3182"}],"curies":[{"name":"wp","href":"https:\/\/api.w.org\/{rel}","templated":true}]}}