{"id":2432,"date":"2018-01-19T10:43:15","date_gmt":"2018-01-19T15:43:15","guid":{"rendered":"http:\/\/nonprofitlaw.cleo.on.ca\/?page_id=2432"},"modified":"2023-08-30T14:27:04","modified_gmt":"2023-08-30T18:27:04","slug":"depots-requis-aupres-du-gouvernement","status":"publish","type":"page","link":"https:\/\/nonprofitlaw.cleo.on.ca\/fr\/garder-votre-statut\/depots-requis-aupres-du-gouvernement\/","title":{"rendered":"D\u00e9p\u00f4ts requis aupr\u00e8s du gouvernement"},"content":{"rendered":"<p>La pr\u00e9sente page explique quels sont les formulaires et les documents que les organisations sans but lucratif doivent d\u00e9poser aupr\u00e8s du gouvernement chaque ann\u00e9e.<br \/>\nSi votre organisation sans but lucratif a \u00e9t\u00e9 constitu\u00e9e en personne morale en Ontario, elle doit, chaque ann\u00e9e, d\u00e9poser une d\u00e9claration annuelle et d\u2019autres formulaires. \u00a0<a href=\"http:\/\/www.millerthomson.com\/assets\/files\/newsletter_attachments\/issues\/Charities_May_2003.pdf\">L\u2019omission de faire ces d\u00e9p\u00f4ts<\/a> pourrait entra\u00eener sa dissolution par le gouvernement de l\u2019Ontario ou lui faire perdre son statut d\u2019organisme de bienfaisance si elle est un organisme de bienfaisance enregistr\u00e9 aupr\u00e8s de l\u2019Agence du revenu du Canada.<\/p>\n<p style=\"color: #484fa2; font-size: 19px; line-height: 200%; font-weight: bold;\">D\u00e9p\u00f4t de la d\u00e9claration annuelle de votre organisation sans but lucratif<\/p>\n<div class=\"wc-shortcodes-accordion wc-shortcodes-item wc-shortcodes-accordion-collapse wc-shortcodes-accordion-layout-box\" data-behavior=\"autoclose\" data-start-state=\"collapse\">\n<div class=\"wc-shortcodes-accordion-trigger \"><a href=\"#\">Quels renseignements devons-nous fournir au gouvernement de l\u2019Ontario chaque ann\u00e9e?<\/a><\/div>\n<div class=\"wc-shortcodes-accordion-content-wrapper\">\n<div class=\"wc-shortcodes-accordion-content wc-shortcodes-content\">\n<p>Les organisations sans but lucratif de l\u2019Ontario doivent remplir une d\u00e9claration annuelle chaque ann\u00e9e. Certains des renseignements qui doivent figurer dans cette d\u00e9claration annuelle comprennent les suivants :<\/p>\n<ul>\n<li>des renseignements d\u2019ordre administratif, tels que votre nom et votre adresse de courriel. Le public n\u2019a pas acc\u00e8s \u00e0 ces renseignements.<\/li>\n<li>les noms des nouveaux administrateurs ou dirigeants ainsi que la date de leur \u00e9lection ou de leur nomination.<\/li>\n<li aria-level=\"1\">la date de fin de mandat de tout directeur ou dirigeant (le formulaire utilise le terme \u00ab date de cessation \u00bb qui d\u00e9signe la date \u00e0 laquelle un administrateur ou un dirigeant a arr\u00eat\u00e9 d\u2019exercer ses fonctions \u00e0 ce titre.<\/li>\n<li>le nom et l\u2019adresse de la personne qui confirme l\u2019exactitude des renseignements que vous fournissez.<\/li>\n<\/ul>\n<p class=\"xxxxxmsonormal\">Notez que si vous avez d\u00e9j\u00e0 communiqu\u00e9 les modifications apport\u00e9es au conseil d\u2019administration et \u00e0 la direction en d\u00e9posant <a href=\"https:\/\/www.forms.ssb.gov.on.ca\/mbs\/ssb\/forms\/ssbforms.nsf\/FormDetail?OpenForm&amp;ACT=RDR&amp;TAB=PROFILE&amp;SRCH=1&amp;ENV=WWF&amp;TIT=renseignements+exig%E9s&amp;NO=ON00231F\">un avis de modification<\/a>, vous pouvez alors cocher la case \u00ab Aucun changement \u00bb, mais vous devez n\u00e9anmoins d\u00e9poser la d\u00e9claration annuelle de l\u2019organisation.<\/p>\n<p>Les organismes de bienfaisance doivent aussi produire un formulaire annuel intitul\u00e9 \u00ab D\u00e9claration de renseignements des organismes de bienfaisance enregistr\u00e9s \u00bb (souvent appel\u00e9 le formulaire <a href=\"http:\/\/sourceosbl.ca\/gestion-dun-organisme\/tenue-des-registres\/retaining-records\">T3010<\/a>) aupr\u00e8s de l\u2019Agence du revenu du Canada.<\/p>\n<\/div>\n<\/div>\n<div class=\"wc-shortcodes-accordion-trigger \"><a href=\"#\">Devons-nous d\u00e9clarer au gouvernement les modifications apport\u00e9es \u00e0 nos statuts constitutifs?<\/a><\/div>\n<div class=\"wc-shortcodes-accordion-content-wrapper\">\n<div class=\"wc-shortcodes-accordion-content wc-shortcodes-content\">\n<p>Oui.<br \/>\nPour d\u00e9clarer les modifications apport\u00e9es \u00e0 leurs statuts, les organisations sans but lucratif doivent d\u00e9poser des \u00ab Statuts de modification \u00bb aupr\u00e8s du gouvernement de l\u2019Ontario. La pr\u00e9sente page traite du d\u00e9p\u00f4t des statuts de modification.<\/p>\n<\/div>\n<\/div>\n<div class=\"wc-shortcodes-accordion-trigger \"><a href=\"#\">Dans le cas o\u00f9 des modifications sont apport\u00e9es \u00e0 notre conseil d\u2019administration ou \u00e0 notre direction, devons-nous en informer le gouvernement?<\/a><\/div>\n<div class=\"wc-shortcodes-accordion-content-wrapper\">\n<div class=\"wc-shortcodes-accordion-content wc-shortcodes-content\">\n<p>Oui.<\/p>\n<p>Les organisations sans but lucratif doivent d\u00e9poser un avis de modification aupr\u00e8s du gouvernement de l\u2019Ontario dans les 15 jours qui suivent :<\/p>\n<ul>\n<li>la date du transfert de leur si\u00e8ge social ou bureau principal \u00e0 une nouvelle adresse<\/li>\n<li>la date de fin de mandat d\u2019un administrateur ou la date d\u2019\u00e9lection ou de nomination d\u2019un nouvel administrateur<\/li>\n<li>la date de tout changement relatif aux 5 principaux dirigeants<\/li>\n<\/ul>\n<p>L\u2019avis de modification peut \u00eatre d\u00e9pos\u00e9 par l\u2019interm\u00e9diaire du <a href=\"https:\/\/www.ontario.ca\/fr\/page\/registre-des-entreprises-de-lontario\">Registre des entreprises de l\u2019Ontario<\/a>, par <a href=\"https:\/\/www.forms.ssb.gov.on.ca\/mbs\/ssb\/forms\/ssbforms.nsf\/?OpenDatabase&amp;ENV=WWF\">courrier<\/a> ou par un tiers fournisseur de services.<\/p>\n<\/div>\n<\/div>\n<div class=\"wc-shortcodes-accordion-trigger \"><a href=\"#\">Dans le cas o\u00f9 nous modifions nos r\u00e8glements administratifs, sommes-nous tenus d\u2019en informer le gouvernement?<\/a><\/div>\n<div class=\"wc-shortcodes-accordion-content-wrapper\">\n<div class=\"wc-shortcodes-accordion-content wc-shortcodes-content\">\n<p>Si vous \u00eates un organisme de bienfaisance, vous devez d\u00e9poser vos nouveaux r\u00e8glements administratifs aupr\u00e8s de <a href=\"https:\/\/www.canada.ca\/fr\/agence-revenu\/services\/organismes-bienfaisance-dons\/organismes-bienfaisance\/exploitation-organisme-bienfaisance-enregistre\/apporter-changements\/changement-reglements-administratifs-organisme-bienfaisance.html\">l\u2019Agence du revenu du Canada<\/a> une fois que les r\u00e8glements administratifs ont \u00e9t\u00e9 adopt\u00e9s par votre conseil d\u2019administration et confirm\u00e9s par vos membres.<\/p>\n<\/div>\n<\/div>\n<div class=\"wc-shortcodes-accordion-trigger \"><a href=\"#\">Comment devons-nous proc\u00e9der pour d\u00e9poser une d\u00e9claration annuelle ou un avis de modification?<\/a><\/div>\n<div class=\"wc-shortcodes-accordion-content-wrapper\">\n<div class=\"wc-shortcodes-accordion-content wc-shortcodes-content\">\n<p>Ce d\u00e9p\u00f4t peut se faire de 3 fa\u00e7ons :<\/p>\n<ul>\n<li>En ligne, par l\u2019interm\u00e9diaire du <a href=\"https:\/\/www.ontario.ca\/fr\/page\/registre-des-entreprises-de-lontario\">Registre des entreprises de l\u2019Ontario<\/a>. Aucuns frais.<\/li>\n<li>En ligne, par un fournisseur de services du secteur priv\u00e9. Les frais varient.<\/li>\n<li>Par la poste, en imprimant le formulaire et en l\u2019adressant au Minist\u00e8re des Services gouvernementaux et des Services aux consommateurs, Direction des services centraux de production et de v\u00e9rification, 393, avenue University, bureau 200, Toronto (Ontario) M5G 2M2. Aucuns frais.<\/li>\n<\/ul>\n<p>Si vous choisissez de d\u00e9poser vos documents par la poste, le gouvernement de l\u2019Ontario vous recommande de commander d\u2019abord un Profil de votre organisation. Ce profil vous indiquera quels renseignements sont actuellement inscrits au registre du gouvernement. Les noms, dates et adresses des administrateurs et dirigeants dont vous modifiez les renseignements devraient correspondre aux donn\u00e9es inscrites au registre pr\u00e9c\u00e9dent. Si ce n\u2019est pas le cas, un deuxi\u00e8me registre se trouve \u00e0 \u00eatre cr\u00e9\u00e9.<\/p>\n<p>La communication de vos modifications au gouvernement n\u2019est pas votre seule obligation. Vous devez \u00e9galement vous assurer que le formulaire que vous voulez d\u00e9poser a \u00e9t\u00e9 d\u00fbment approuv\u00e9. Par exemple, si votre organisation modifie ses statuts, vous devez, avant de d\u00e9poser les statuts de modification, demander \u00e0 votre conseil d\u2019administration d\u2019approuver ces modifications et \u00e0 vos membres de confirmer ces modifications. Les statuts de modification doivent indiquer la date \u00e0 laquelle les membres ont autoris\u00e9 la (les) modification(s). Si vous ne suivez pas le processus d\u2019approbation, le gouvernement de l\u2019Ontario n\u2019acceptera pas vos statuts.<\/p>\n<\/div>\n<\/div>\n<div class=\"wc-shortcodes-accordion-trigger \"><a href=\"#\">Qu\u2019arrive-t-il si nous ne faisons pas les d\u00e9p\u00f4ts requis dans les d\u00e9lais prescrits?<\/a><\/div>\n<div class=\"wc-shortcodes-accordion-content-wrapper\">\n<div class=\"wc-shortcodes-accordion-content wc-shortcodes-content\">\n<p>Si vous ne faites pas les d\u00e9p\u00f4ts exig\u00e9s par le gouvernement dans les d\u00e9lais prescrits, votre organisation sans but lucratif ou ses administrateurs pourraient \u00e9coper d\u2019une p\u00e9nalit\u00e9. De plus, les organisations sans but lucratif dont les renseignements ne sont pas \u00e0 jour pourraient ne pas avoir la possibilit\u00e9 d\u2019introduire une action en justice.<\/p>\n<\/div>\n<\/div>\n<\/div>\n<p style=\"color: #484fa2; font-size: 19px; line-height: 200%; font-weight: bold;\">Produire des d\u00e9clarations de revenus<\/p>\n<div class=\"wc-shortcodes-accordion wc-shortcodes-item wc-shortcodes-accordion-collapse wc-shortcodes-accordion-layout-box\" data-behavior=\"autoclose\" data-start-state=\"collapse\">\n<div class=\"wc-shortcodes-accordion-trigger \"><a href=\"#\">Sommes-nous tenus de produire une d\u00e9claration de revenus ou de payer de l\u2019imp\u00f4t?<\/a><\/div>\n<div class=\"wc-shortcodes-accordion-content-wrapper\">\n<div class=\"wc-shortcodes-accordion-content wc-shortcodes-content\">\n<p>Parfois.<\/p>\n<p>Le gouvernement de l\u2019Ontario explique quelles sont les organisations sans but lucratif qui doivent payer de l\u2019imp\u00f4t. De fa\u00e7on g\u00e9n\u00e9rale, toutes les organisations sans but lucratif qui sont des personnes morales sont tenues de produire une d\u00e9claration de revenus aupr\u00e8s de l\u2019Agence du revenu du Canada, Elles ont cette obligation peu importe qu\u2019elles doivent payer de l\u2019imp\u00f4t ou non. En outre, certaines organisations sans but lucratif pourraient \u00e9galement \u00eatre tenues de d\u00e9poser la D\u00e9claration de renseignements des organismes sans but lucratif (aussi appel\u00e9e le formulaire T1044). V\u00e9rifiez <a href=\"http:\/\/www.canadiancharitylaw.ca\/blog\/new_t1044_form_-_non-profit_organization_npo_information_return_and_guide_f\">si cette r\u00e8gle s\u2019applique \u00e0 votre organisation<\/a> et voyez <a href=\"https:\/\/www.canada.ca\/en\/revenue-agency\/services\/tax\/non-profit-organizations.html\">comment remplir le formulaire T1044<\/a>.<\/p>\n<\/div>\n<\/div>\n<div class=\"wc-shortcodes-accordion-trigger \"><a href=\"#\">Qu\u2019arrive-t-il si nous n\u2019avons pas produit de d\u00e9clarations de revenus depuis un certain nombre d\u2019ann\u00e9es ?<\/a><\/div>\n<div class=\"wc-shortcodes-accordion-content-wrapper\">\n<div class=\"wc-shortcodes-accordion-content wc-shortcodes-content\">\n<p>Si vous n\u2019avez pas produit vos d\u00e9clarations de revenus, une d\u00e9claration de renseignements annuelle ou une d\u00e9claration annuelle depuis plusieurs ann\u00e9es, vous devriez communiquer avec un avocat ou un comptable qui est comp\u00e9tent en droit des organisations sans but lucratif. Des p\u00e9nalit\u00e9s peuvent \u00eatre impos\u00e9es aux organisations qui ne produisent pas leurs d\u00e9clarations de revenus ou leurs d\u00e9clarations de renseignements lorsqu\u2019elles sont tenues de le faire. Il se pourrait que vous puissiez \u00e9viter de payer des p\u00e9nalit\u00e9s. Il est cependant pr\u00e9f\u00e9rable que vous parliez de cette situation avec un sp\u00e9cialiste du droit ou de l\u2019imp\u00f4t.<\/p>\n<\/div>\n<\/div>\n<\/div>\n","protected":false},"excerpt":{"rendered":"<p>La pr\u00e9sente page explique quels sont les formulaires et les documents que les organisations sans but lucratif doivent d\u00e9poser aupr\u00e8s du gouvernement chaque ann\u00e9e.<br \/>\nSi votre organisation sans but lucratif a \u00e9t\u00e9 constitu\u00e9e en personne morale en Ontario, elle doit, chaque ann\u00e9e, d\u00e9poser une d\u00e9claration annuelle et d\u2019autres formulaires. \u00a0<a href=\"http:\/\/www.millerthomson.com\/assets\/files\/newsletter_attachments\/issues\/Charities_May_2003.pdf\">L\u2019omission de faire ces d\u00e9p\u00f4ts<\/a> pourrait entra\u00eener sa dissolution par le gouvernement de l\u2019Ontario ou lui faire perdre son statut d\u2019organisme de bienfaisance si elle est un organisme de bienfaisance enregistr\u00e9 aupr\u00e8s de l\u2019Agence du revenu du Canada.<\/p>\n","protected":false},"author":12,"featured_media":0,"parent":3907,"menu_order":0,"comment_status":"closed","ping_status":"closed","template":"","meta":{"_cbd_carousel_blocks":"[]","footnotes":""},"yoast_head":"<!-- This site is optimized with the Yoast SEO plugin v21.0 - https:\/\/yoast.com\/wordpress\/plugins\/seo\/ -->\n<title>D\u00e9p\u00f4ts requis aupr\u00e8s du gouvernement - Nonprofit Law Ontario<\/title>\n<meta name=\"robots\" content=\"index, follow, max-snippet:-1, max-image-preview:large, max-video-preview:-1\" \/>\n<link rel=\"canonical\" href=\"https:\/\/nonprofitlaw.cleo.on.ca\/fr\/garder-votre-statut\/depots-requis-aupres-du-gouvernement\/\" \/>\n<meta property=\"og:locale\" content=\"fr_FR\" \/>\n<meta property=\"og:type\" content=\"article\" \/>\n<meta property=\"og:title\" content=\"D\u00e9p\u00f4ts requis aupr\u00e8s du gouvernement - Nonprofit Law Ontario\" \/>\n<meta property=\"og:description\" content=\"La pr\u00e9sente page explique quels sont les formulaires et les documents que les organisations sans but lucratif doivent d\u00e9poser aupr\u00e8s du gouvernement chaque ann\u00e9e. Si votre organisation sans but lucratif a \u00e9t\u00e9 constitu\u00e9e en personne morale en Ontario, elle doit, chaque ann\u00e9e, d\u00e9poser une d\u00e9claration annuelle et d\u2019autres formulaires. \u00a0L\u2019omission de faire ces d\u00e9p\u00f4ts pourrait entra\u00eener sa dissolution par le gouvernement de l\u2019Ontario ou lui faire perdre son statut d\u2019organisme de bienfaisance si elle est un organisme de bienfaisance enregistr\u00e9 aupr\u00e8s de l\u2019Agence du revenu du Canada.\" \/>\n<meta property=\"og:url\" content=\"https:\/\/nonprofitlaw.cleo.on.ca\/fr\/garder-votre-statut\/depots-requis-aupres-du-gouvernement\/\" \/>\n<meta property=\"og:site_name\" content=\"Nonprofit Law Ontario\" \/>\n<meta property=\"article:modified_time\" content=\"2023-08-30T18:27:04+00:00\" \/>\n<meta name=\"twitter:label1\" content=\"Dur\u00e9e de lecture estim\u00e9e\" \/>\n\t<meta name=\"twitter:data1\" content=\"5 minutes\" \/>\n<script type=\"application\/ld+json\" class=\"yoast-schema-graph\">{\"@context\":\"https:\/\/schema.org\",\"@graph\":[{\"@type\":\"WebPage\",\"@id\":\"https:\/\/nonprofitlaw.cleo.on.ca\/fr\/garder-votre-statut\/depots-requis-aupres-du-gouvernement\/\",\"url\":\"https:\/\/nonprofitlaw.cleo.on.ca\/fr\/garder-votre-statut\/depots-requis-aupres-du-gouvernement\/\",\"name\":\"D\u00e9p\u00f4ts requis aupr\u00e8s du gouvernement - Nonprofit Law Ontario\",\"isPartOf\":{\"@id\":\"https:\/\/nonprofitlaw.cleo.on.ca\/#website\"},\"datePublished\":\"2018-01-19T15:43:15+00:00\",\"dateModified\":\"2023-08-30T18:27:04+00:00\",\"breadcrumb\":{\"@id\":\"https:\/\/nonprofitlaw.cleo.on.ca\/fr\/garder-votre-statut\/depots-requis-aupres-du-gouvernement\/#breadcrumb\"},\"inLanguage\":\"fr-FR\",\"potentialAction\":[{\"@type\":\"ReadAction\",\"target\":[\"https:\/\/nonprofitlaw.cleo.on.ca\/fr\/garder-votre-statut\/depots-requis-aupres-du-gouvernement\/\"]}]},{\"@type\":\"BreadcrumbList\",\"@id\":\"https:\/\/nonprofitlaw.cleo.on.ca\/fr\/garder-votre-statut\/depots-requis-aupres-du-gouvernement\/#breadcrumb\",\"itemListElement\":[{\"@type\":\"ListItem\",\"position\":1,\"name\":\"Home\",\"item\":\"https:\/\/nonprofitlaw.cleo.on.ca\/fr\/\"},{\"@type\":\"ListItem\",\"position\":2,\"name\":\"Garder votre statut\",\"item\":\"https:\/\/nonprofitlaw.cleo.on.ca\/fr\/garder-votre-statut\/\"},{\"@type\":\"ListItem\",\"position\":3,\"name\":\"D\u00e9p\u00f4ts requis aupr\u00e8s du gouvernement\"}]},{\"@type\":\"WebSite\",\"@id\":\"https:\/\/nonprofitlaw.cleo.on.ca\/#website\",\"url\":\"https:\/\/nonprofitlaw.cleo.on.ca\/\",\"name\":\"Nonprofit Law Ontario\",\"description\":\"Rules and tools for organizations\",\"potentialAction\":[{\"@type\":\"SearchAction\",\"target\":{\"@type\":\"EntryPoint\",\"urlTemplate\":\"https:\/\/nonprofitlaw.cleo.on.ca\/?s={search_term_string}\"},\"query-input\":\"required name=search_term_string\"}],\"inLanguage\":\"fr-FR\"}]}<\/script>\n<!-- \/ Yoast SEO plugin. -->","yoast_head_json":{"title":"D\u00e9p\u00f4ts requis aupr\u00e8s du gouvernement - Nonprofit Law Ontario","robots":{"index":"index","follow":"follow","max-snippet":"max-snippet:-1","max-image-preview":"max-image-preview:large","max-video-preview":"max-video-preview:-1"},"canonical":"https:\/\/nonprofitlaw.cleo.on.ca\/fr\/garder-votre-statut\/depots-requis-aupres-du-gouvernement\/","og_locale":"fr_FR","og_type":"article","og_title":"D\u00e9p\u00f4ts requis aupr\u00e8s du gouvernement - Nonprofit Law Ontario","og_description":"La pr\u00e9sente page explique quels sont les formulaires et les documents que les organisations sans but lucratif doivent d\u00e9poser aupr\u00e8s du gouvernement chaque ann\u00e9e. Si votre organisation sans but lucratif a \u00e9t\u00e9 constitu\u00e9e en personne morale en Ontario, elle doit, chaque ann\u00e9e, d\u00e9poser une d\u00e9claration annuelle et d\u2019autres formulaires. \u00a0L\u2019omission de faire ces d\u00e9p\u00f4ts pourrait entra\u00eener sa dissolution par le gouvernement de l\u2019Ontario ou lui faire perdre son statut d\u2019organisme de bienfaisance si elle est un organisme de bienfaisance enregistr\u00e9 aupr\u00e8s de l\u2019Agence du revenu du Canada.","og_url":"https:\/\/nonprofitlaw.cleo.on.ca\/fr\/garder-votre-statut\/depots-requis-aupres-du-gouvernement\/","og_site_name":"Nonprofit Law Ontario","article_modified_time":"2023-08-30T18:27:04+00:00","twitter_misc":{"Dur\u00e9e de lecture estim\u00e9e":"5 minutes"},"schema":{"@context":"https:\/\/schema.org","@graph":[{"@type":"WebPage","@id":"https:\/\/nonprofitlaw.cleo.on.ca\/fr\/garder-votre-statut\/depots-requis-aupres-du-gouvernement\/","url":"https:\/\/nonprofitlaw.cleo.on.ca\/fr\/garder-votre-statut\/depots-requis-aupres-du-gouvernement\/","name":"D\u00e9p\u00f4ts requis aupr\u00e8s du gouvernement - Nonprofit Law Ontario","isPartOf":{"@id":"https:\/\/nonprofitlaw.cleo.on.ca\/#website"},"datePublished":"2018-01-19T15:43:15+00:00","dateModified":"2023-08-30T18:27:04+00:00","breadcrumb":{"@id":"https:\/\/nonprofitlaw.cleo.on.ca\/fr\/garder-votre-statut\/depots-requis-aupres-du-gouvernement\/#breadcrumb"},"inLanguage":"fr-FR","potentialAction":[{"@type":"ReadAction","target":["https:\/\/nonprofitlaw.cleo.on.ca\/fr\/garder-votre-statut\/depots-requis-aupres-du-gouvernement\/"]}]},{"@type":"BreadcrumbList","@id":"https:\/\/nonprofitlaw.cleo.on.ca\/fr\/garder-votre-statut\/depots-requis-aupres-du-gouvernement\/#breadcrumb","itemListElement":[{"@type":"ListItem","position":1,"name":"Home","item":"https:\/\/nonprofitlaw.cleo.on.ca\/fr\/"},{"@type":"ListItem","position":2,"name":"Garder votre statut","item":"https:\/\/nonprofitlaw.cleo.on.ca\/fr\/garder-votre-statut\/"},{"@type":"ListItem","position":3,"name":"D\u00e9p\u00f4ts requis aupr\u00e8s du gouvernement"}]},{"@type":"WebSite","@id":"https:\/\/nonprofitlaw.cleo.on.ca\/#website","url":"https:\/\/nonprofitlaw.cleo.on.ca\/","name":"Nonprofit Law Ontario","description":"Rules and tools for organizations","potentialAction":[{"@type":"SearchAction","target":{"@type":"EntryPoint","urlTemplate":"https:\/\/nonprofitlaw.cleo.on.ca\/?s={search_term_string}"},"query-input":"required name=search_term_string"}],"inLanguage":"fr-FR"}]}},"meta_box":{"page_show_banner":"0","page_banner_type":"banner","page_banner_title":"","page_banner_title_color":"","page_banner_description":"","page_banner_image":[],"research_exclude_taxonomies":"","research_filter_form":"","research_results_style":"","research_posts_per_page":"","contact_page_template_layout":"","contact_shortcode":"","contact_address":"","contact_address_details":"","contact_map":{"latitude":"","longitude":"","zoom":""},"remove_map":"","contact_company_name":"","contact_company_phones":[],"contact_company_email":"","contact_textarea":"","contact_other_text_block":"","contact_other_locations_show":"","contact_other_locations_title":"","contact_other_locations_type":"","contact_other_locations":[],"contact_gmaps_zoom_control":"","contact_gmaps_map_type_control":"","contact_gmaps_scaleControl":"","contact_gmaps_streetViewControl":"","contact_gmaps_rotateControl":"","contact_gmaps_fullscreenControl":"","location_gmaps_zoom_control":"","location_gmaps_map_type_control":"","location_gmaps_scaleControl":"","location_gmaps_streetViewControl":"","location_gmaps_rotateControl":"","location_gmaps_fullscreenControl":"","menu_page_links_type":"","menu_page_links":[],"menu_page_links_bottom_content":"","external_links_type":"","external_links":[],"external_sublinks":[],"private_staff_information_blocks":[],"private_staff_links_title":"","private_staff_links":[],"legal_topic_menu":[],"sb_display_type":"","sb_people_block":[]},"_links":{"self":[{"href":"https:\/\/nonprofitlaw.cleo.on.ca\/fr\/wp-json\/wp\/v2\/pages\/2432"}],"collection":[{"href":"https:\/\/nonprofitlaw.cleo.on.ca\/fr\/wp-json\/wp\/v2\/pages"}],"about":[{"href":"https:\/\/nonprofitlaw.cleo.on.ca\/fr\/wp-json\/wp\/v2\/types\/page"}],"author":[{"embeddable":true,"href":"https:\/\/nonprofitlaw.cleo.on.ca\/fr\/wp-json\/wp\/v2\/users\/12"}],"replies":[{"embeddable":true,"href":"https:\/\/nonprofitlaw.cleo.on.ca\/fr\/wp-json\/wp\/v2\/comments?post=2432"}],"version-history":[{"count":14,"href":"https:\/\/nonprofitlaw.cleo.on.ca\/fr\/wp-json\/wp\/v2\/pages\/2432\/revisions"}],"predecessor-version":[{"id":5123,"href":"https:\/\/nonprofitlaw.cleo.on.ca\/fr\/wp-json\/wp\/v2\/pages\/2432\/revisions\/5123"}],"up":[{"embeddable":true,"href":"https:\/\/nonprofitlaw.cleo.on.ca\/fr\/wp-json\/wp\/v2\/pages\/3907"}],"wp:attachment":[{"href":"https:\/\/nonprofitlaw.cleo.on.ca\/fr\/wp-json\/wp\/v2\/media?parent=2432"}],"curies":[{"name":"wp","href":"https:\/\/api.w.org\/{rel}","templated":true}]}}