{"id":1296,"date":"2014-08-21T13:23:23","date_gmt":"2014-08-21T17:23:23","guid":{"rendered":"http:\/\/cleo-onca.fantomdesign.net\/?page_id=1296"},"modified":"2017-09-01T16:34:26","modified_gmt":"2017-09-01T20:34:26","slug":"submit-lawyer-listing-fr","status":"publish","type":"page","link":"https:\/\/nonprofitlaw.cleo.on.ca\/fr\/assistance-juridique\/lawyer-directory\/submit-lawyer-listing-fr\/","title":{"rendered":"Demande d\u2019inscription \u00e0 la liste d\u2019avocats"},"content":{"rendered":"<p>Si vous \u00eates un avocat ou une avocate qui\u00a0:<\/p>\n<ul>\n<li>exercez le droit relatif aux organismes de bienfaisance ou aux organisations sans but lucratif en Ontario;<\/li>\n<li>avez publi\u00e9 des articles ou donn\u00e9 des pr\u00e9sentations sur la LOSBL,<\/li>\n<\/ul>\n<p>vous pouvez soumettre une demande d\u2019inscription \u00e0 notre r\u00e9pertoire, en envoyant un courriel \u00e0 <a href=\"mailto:oncainfo@cleo.on.ca\">oncainfo@cleo.on.ca<\/a> ou en remplissant le formulaire \u00ab\u00a0<a href=\"\/fr\/contactez-nous\/\">Contactez-nous<\/a>\u00a0\u00bb.<\/p>\n<p>Veuillez nous indiquer si \u00a0:<\/p>\n<ul>\n<li>vous vous sp\u00e9cialisez dans certains secteurs d\u2019activit\u00e9s ou types d\u2019organisations sans but lucratif;<\/li>\n<li>vous offrez des services dans une langue autre que l\u2019anglais;<\/li>\n<li>vous offrez des services dans des lieux situ\u00e9s \u00e0 l\u2019ext\u00e9rieur de la ville o\u00f9 se trouve votre cabinet ou bureau.<\/li>\n<\/ul>\n","protected":false},"excerpt":{"rendered":"<p>Si vous \u00eates un avocat ou une avocate qui\u00a0:<\/p>\n<p>exercez le droit relatif aux organismes de bienfaisance ou aux organisations sans but lucratif en Ontario;<br \/>\navez publi\u00e9 des articles ou donn\u00e9 des pr\u00e9sentations sur la LOSBL,<\/p>\n<p>vous pouvez soumettre une demande d\u2019inscription \u00e0 notre r\u00e9pertoire, en envoyant un courriel \u00e0 <a href=\"mailto:oncainfo@cleo.on.ca\">oncainfo@cleo.on.ca<\/a> ou en remplissant le formulaire \u00ab\u00a0<a href=\"\/fr\/contactez-nous\/\">Contactez-nous<\/a>\u00a0\u00bb.<\/p>\n","protected":false},"author":12,"featured_media":2204,"parent":1083,"menu_order":0,"comment_status":"closed","ping_status":"closed","template":"","meta":{"_cbd_carousel_blocks":"[]","footnotes":""},"yoast_head":"<!-- This site is optimized with the Yoast SEO plugin v21.0 - https:\/\/yoast.com\/wordpress\/plugins\/seo\/ -->\n<title>Demande d\u2019inscription \u00e0 la liste d\u2019avocats - Nonprofit Law Ontario<\/title>\n<meta name=\"robots\" content=\"index, follow, max-snippet:-1, max-image-preview:large, max-video-preview:-1\" \/>\n<link rel=\"canonical\" href=\"https:\/\/nonprofitlaw.cleo.on.ca\/fr\/assistance-juridique\/lawyer-directory\/submit-lawyer-listing-fr\/\" \/>\n<meta property=\"og:locale\" content=\"fr_FR\" \/>\n<meta property=\"og:type\" content=\"article\" \/>\n<meta property=\"og:title\" content=\"Demande d\u2019inscription \u00e0 la liste d\u2019avocats - Nonprofit Law Ontario\" \/>\n<meta property=\"og:description\" content=\"Si vous \u00eates un avocat ou une avocate qui\u00a0: exercez le droit relatif aux organismes de bienfaisance ou aux organisations sans but lucratif en Ontario; avez publi\u00e9 des articles ou donn\u00e9 des pr\u00e9sentations sur la LOSBL, vous pouvez soumettre une demande d\u2019inscription \u00e0 notre r\u00e9pertoire, en envoyant un courriel \u00e0 oncainfo@cleo.on.ca ou en remplissant le formulaire \u00ab\u00a0Contactez-nous\u00a0\u00bb.\" \/>\n<meta property=\"og:url\" content=\"https:\/\/nonprofitlaw.cleo.on.ca\/fr\/assistance-juridique\/lawyer-directory\/submit-lawyer-listing-fr\/\" \/>\n<meta property=\"og:site_name\" content=\"Nonprofit Law Ontario\" \/>\n<meta property=\"article:modified_time\" content=\"2017-09-01T20:34:26+00:00\" \/>\n<meta property=\"og:image\" content=\"https:\/\/nonprofitlaw.cleo.on.ca\/wp-content\/uploads\/2014\/07\/footer-logo-fr.png\" \/>\n\t<meta property=\"og:image:width\" content=\"82\" \/>\n\t<meta property=\"og:image:height\" content=\"83\" \/>\n\t<meta property=\"og:image:type\" content=\"image\/png\" \/>\n<meta name=\"twitter:label1\" content=\"Dur\u00e9e de lecture estim\u00e9e\" \/>\n\t<meta name=\"twitter:data1\" content=\"1 minute\" \/>\n<script type=\"application\/ld+json\" class=\"yoast-schema-graph\">{\"@context\":\"https:\/\/schema.org\",\"@graph\":[{\"@type\":\"WebPage\",\"@id\":\"https:\/\/nonprofitlaw.cleo.on.ca\/fr\/assistance-juridique\/lawyer-directory\/submit-lawyer-listing-fr\/\",\"url\":\"https:\/\/nonprofitlaw.cleo.on.ca\/fr\/assistance-juridique\/lawyer-directory\/submit-lawyer-listing-fr\/\",\"name\":\"Demande d\u2019inscription \u00e0 la liste d\u2019avocats - Nonprofit Law Ontario\",\"isPartOf\":{\"@id\":\"https:\/\/nonprofitlaw.cleo.on.ca\/#website\"},\"datePublished\":\"2014-08-21T17:23:23+00:00\",\"dateModified\":\"2017-09-01T20:34:26+00:00\",\"breadcrumb\":{\"@id\":\"https:\/\/nonprofitlaw.cleo.on.ca\/fr\/assistance-juridique\/lawyer-directory\/submit-lawyer-listing-fr\/#breadcrumb\"},\"inLanguage\":\"fr-FR\",\"potentialAction\":[{\"@type\":\"ReadAction\",\"target\":[\"https:\/\/nonprofitlaw.cleo.on.ca\/fr\/assistance-juridique\/lawyer-directory\/submit-lawyer-listing-fr\/\"]}]},{\"@type\":\"BreadcrumbList\",\"@id\":\"https:\/\/nonprofitlaw.cleo.on.ca\/fr\/assistance-juridique\/lawyer-directory\/submit-lawyer-listing-fr\/#breadcrumb\",\"itemListElement\":[{\"@type\":\"ListItem\",\"position\":1,\"name\":\"Home\",\"item\":\"https:\/\/nonprofitlaw.cleo.on.ca\/fr\/\"},{\"@type\":\"ListItem\",\"position\":2,\"name\":\"Assistance juridique\",\"item\":\"https:\/\/nonprofitlaw.cleo.on.ca\/fr\/assistance-juridique\/\"},{\"@type\":\"ListItem\",\"position\":3,\"name\":\"Moldofsky%2525252525252525252525252525252525252525252525252BProfessional%2525252525252525252525252525252525252525252525252BCorporation - R\u00e9pertoire des avocats\",\"item\":\"https:\/\/nonprofitlaw.cleo.on.ca\/fr\/assistance-juridique\/lawyer-directory\/\"},{\"@type\":\"ListItem\",\"position\":4,\"name\":\"Demande d\u2019inscription \u00e0 la liste d\u2019avocats\"}]},{\"@type\":\"WebSite\",\"@id\":\"https:\/\/nonprofitlaw.cleo.on.ca\/#website\",\"url\":\"https:\/\/nonprofitlaw.cleo.on.ca\/\",\"name\":\"Nonprofit Law Ontario\",\"description\":\"Rules and tools for organizations\",\"potentialAction\":[{\"@type\":\"SearchAction\",\"target\":{\"@type\":\"EntryPoint\",\"urlTemplate\":\"https:\/\/nonprofitlaw.cleo.on.ca\/?s={search_term_string}\"},\"query-input\":\"required name=search_term_string\"}],\"inLanguage\":\"fr-FR\"}]}<\/script>\n<!-- \/ Yoast SEO plugin. -->","yoast_head_json":{"title":"Demande d\u2019inscription \u00e0 la liste d\u2019avocats - Nonprofit Law Ontario","robots":{"index":"index","follow":"follow","max-snippet":"max-snippet:-1","max-image-preview":"max-image-preview:large","max-video-preview":"max-video-preview:-1"},"canonical":"https:\/\/nonprofitlaw.cleo.on.ca\/fr\/assistance-juridique\/lawyer-directory\/submit-lawyer-listing-fr\/","og_locale":"fr_FR","og_type":"article","og_title":"Demande d\u2019inscription \u00e0 la liste d\u2019avocats - Nonprofit Law Ontario","og_description":"Si vous \u00eates un avocat ou une avocate qui\u00a0: exercez le droit relatif aux organismes de bienfaisance ou aux organisations sans but lucratif en Ontario; avez publi\u00e9 des articles ou donn\u00e9 des pr\u00e9sentations sur la LOSBL, vous pouvez soumettre une demande d\u2019inscription \u00e0 notre r\u00e9pertoire, en envoyant un courriel \u00e0 oncainfo@cleo.on.ca ou en remplissant le formulaire \u00ab\u00a0Contactez-nous\u00a0\u00bb.","og_url":"https:\/\/nonprofitlaw.cleo.on.ca\/fr\/assistance-juridique\/lawyer-directory\/submit-lawyer-listing-fr\/","og_site_name":"Nonprofit Law Ontario","article_modified_time":"2017-09-01T20:34:26+00:00","og_image":[{"width":82,"height":83,"url":"https:\/\/nonprofitlaw.cleo.on.ca\/wp-content\/uploads\/2014\/07\/footer-logo-fr.png","type":"image\/png"}],"twitter_misc":{"Dur\u00e9e de lecture estim\u00e9e":"1 minute"},"schema":{"@context":"https:\/\/schema.org","@graph":[{"@type":"WebPage","@id":"https:\/\/nonprofitlaw.cleo.on.ca\/fr\/assistance-juridique\/lawyer-directory\/submit-lawyer-listing-fr\/","url":"https:\/\/nonprofitlaw.cleo.on.ca\/fr\/assistance-juridique\/lawyer-directory\/submit-lawyer-listing-fr\/","name":"Demande d\u2019inscription \u00e0 la liste d\u2019avocats - Nonprofit Law Ontario","isPartOf":{"@id":"https:\/\/nonprofitlaw.cleo.on.ca\/#website"},"datePublished":"2014-08-21T17:23:23+00:00","dateModified":"2017-09-01T20:34:26+00:00","breadcrumb":{"@id":"https:\/\/nonprofitlaw.cleo.on.ca\/fr\/assistance-juridique\/lawyer-directory\/submit-lawyer-listing-fr\/#breadcrumb"},"inLanguage":"fr-FR","potentialAction":[{"@type":"ReadAction","target":["https:\/\/nonprofitlaw.cleo.on.ca\/fr\/assistance-juridique\/lawyer-directory\/submit-lawyer-listing-fr\/"]}]},{"@type":"BreadcrumbList","@id":"https:\/\/nonprofitlaw.cleo.on.ca\/fr\/assistance-juridique\/lawyer-directory\/submit-lawyer-listing-fr\/#breadcrumb","itemListElement":[{"@type":"ListItem","position":1,"name":"Home","item":"https:\/\/nonprofitlaw.cleo.on.ca\/fr\/"},{"@type":"ListItem","position":2,"name":"Assistance juridique","item":"https:\/\/nonprofitlaw.cleo.on.ca\/fr\/assistance-juridique\/"},{"@type":"ListItem","position":3,"name":"Moldofsky%2525252525252525252525252525252525252525252525252BProfessional%2525252525252525252525252525252525252525252525252BCorporation - R\u00e9pertoire des avocats","item":"https:\/\/nonprofitlaw.cleo.on.ca\/fr\/assistance-juridique\/lawyer-directory\/"},{"@type":"ListItem","position":4,"name":"Demande d\u2019inscription \u00e0 la liste d\u2019avocats"}]},{"@type":"WebSite","@id":"https:\/\/nonprofitlaw.cleo.on.ca\/#website","url":"https:\/\/nonprofitlaw.cleo.on.ca\/","name":"Nonprofit Law Ontario","description":"Rules and tools for organizations","potentialAction":[{"@type":"SearchAction","target":{"@type":"EntryPoint","urlTemplate":"https:\/\/nonprofitlaw.cleo.on.ca\/?s={search_term_string}"},"query-input":"required name=search_term_string"}],"inLanguage":"fr-FR"}]}},"meta_box":{"page_show_banner":"","page_banner_type":"","page_banner_title":"","page_banner_title_color":"","page_banner_description":"","page_banner_image":[],"research_exclude_taxonomies":"","research_filter_form":"","research_results_style":"","research_posts_per_page":"","contact_page_template_layout":"","contact_shortcode":"","contact_address":"","contact_address_details":"","contact_map":{"latitude":"","longitude":"","zoom":""},"remove_map":"","contact_company_name":"","contact_company_phones":[],"contact_company_email":"","contact_textarea":"","contact_other_text_block":"","contact_other_locations_show":"","contact_other_locations_title":"","contact_other_locations_type":"","contact_other_locations":[],"contact_gmaps_zoom_control":"","contact_gmaps_map_type_control":"","contact_gmaps_scaleControl":"","contact_gmaps_streetViewControl":"","contact_gmaps_rotateControl":"","contact_gmaps_fullscreenControl":"","location_gmaps_zoom_control":"","location_gmaps_map_type_control":"","location_gmaps_scaleControl":"","location_gmaps_streetViewControl":"","location_gmaps_rotateControl":"","location_gmaps_fullscreenControl":"","menu_page_links_type":"","menu_page_links":[],"menu_page_links_bottom_content":"","external_links_type":"","external_links":[],"external_sublinks":[],"private_staff_information_blocks":[],"private_staff_links_title":"","private_staff_links":[],"legal_topic_menu":[],"sb_display_type":"","sb_people_block":[]},"_links":{"self":[{"href":"https:\/\/nonprofitlaw.cleo.on.ca\/fr\/wp-json\/wp\/v2\/pages\/1296"}],"collection":[{"href":"https:\/\/nonprofitlaw.cleo.on.ca\/fr\/wp-json\/wp\/v2\/pages"}],"about":[{"href":"https:\/\/nonprofitlaw.cleo.on.ca\/fr\/wp-json\/wp\/v2\/types\/page"}],"author":[{"embeddable":true,"href":"https:\/\/nonprofitlaw.cleo.on.ca\/fr\/wp-json\/wp\/v2\/users\/12"}],"replies":[{"embeddable":true,"href":"https:\/\/nonprofitlaw.cleo.on.ca\/fr\/wp-json\/wp\/v2\/comments?post=1296"}],"version-history":[{"count":4,"href":"https:\/\/nonprofitlaw.cleo.on.ca\/fr\/wp-json\/wp\/v2\/pages\/1296\/revisions"}],"predecessor-version":[{"id":1873,"href":"https:\/\/nonprofitlaw.cleo.on.ca\/fr\/wp-json\/wp\/v2\/pages\/1296\/revisions\/1873"}],"up":[{"embeddable":true,"href":"https:\/\/nonprofitlaw.cleo.on.ca\/fr\/wp-json\/wp\/v2\/pages\/1083"}],"wp:featuredmedia":[{"embeddable":true,"href":"https:\/\/nonprofitlaw.cleo.on.ca\/fr\/wp-json\/wp\/v2\/media\/2204"}],"wp:attachment":[{"href":"https:\/\/nonprofitlaw.cleo.on.ca\/fr\/wp-json\/wp\/v2\/media?parent=1296"}],"curies":[{"name":"wp","href":"https:\/\/api.w.org\/{rel}","templated":true}]}}