{"id":1288,"date":"2014-08-21T10:44:44","date_gmt":"2014-08-21T14:44:44","guid":{"rendered":"http:\/\/cleo-onca.fantomdesign.net\/?page_id=1288"},"modified":"2023-10-31T19:01:24","modified_gmt":"2023-10-31T23:01:24","slug":"etape-1","status":"publish","type":"page","link":"https:\/\/nonprofitlaw.cleo.on.ca\/fr\/future-loi\/etape-1\/","title":{"rendered":"\u00c9tape 1 : Comment savoir si la LOSBL s\u2019applique \u00e0 votre organisation sans but lucratif"},"content":{"rendered":"<p>Si votre organisation est constitu\u00e9e en organisation sans but lucratif en vertu de la\u00a0<em>Loi sur les personnes morales<\/em> de l\u2019Ontario, la <em>Loi sur les organisations sans but lucratif <\/em>de l\u2019Ontario (LOSBL) <strong>s\u2019applique \u00e0 elle<\/strong>.<\/p>\n<p>La LOSBL <strong>ne s\u2019applique pas<\/strong> \u00e0 votre organisation si elle :<\/p>\n<ul>\n<li>est constitu\u00e9e en vertu de la <a href=\"https:\/\/www.ic.gc.ca\/eic\/site\/cd-dgc.nsf\/fra\/h_cs03925.html\" target=\"_blank\" rel=\"noopener noreferrer\"><em>Loi canadienne sur les organisations \u00e0 but non lucratif<\/em><\/a>,<\/li>\n<li>est constitu\u00e9e en vertu de la <em>Loi sur les soci\u00e9t\u00e9s coop\u00e9ratives <\/em>de l\u2019Ontario,<\/li>\n<li>n&rsquo;est pas constitu\u00e9e<\/li>\n<\/ul>\n<p>Cela signifie qu\u2019il n\u2019est pas n\u00e9cessaire de modifier vos statuts et vos r\u00e8glements administratifs.<\/p>\n<p>Dans la plupart des cas, la LOSBL s\u2019appliquera \u00e9galement aux organisations sans but lucratif constitu\u00e9es en vertu d\u2019autres lois ontariennes. Par exemple, la LOSBL s\u2019appliquera aux soci\u00e9t\u00e9s d\u2019horticulture et aux offices de protection de la nature qui sont constitu\u00e9s en vertu d\u2019autres lois.<\/p>\n<p>Si vous \u00eates dans l\u2019incertitude en ce qui concerne le statut actuel de votre organisation sans but lucratif, suivez les instructions de <a href=\"https:\/\/nonprofitlaw.cleo.on.ca\/fr\/lois-actuelles\/constituer-en-personne-morale\/comment-savoir-quel-est-le-statut-actuel-de-notre-organisation-sans-but-lucratif\/\">la pr\u00e9sente page<\/a> pour savoir ce qu\u2019il en est.<\/p>\n<p>Si vous \u00eates dans l\u2019incertitude quant \u00e0 savoir si la LOSBL s\u2019applique \u00e0 votre organisation sans but lucratif, <a href=\"\/fr\/assistance-juridique\/lawyer-directory\/\">obtenez des conseils juridiques<\/a>.<\/p>\n<p>Si la LOSBL s\u2019applique \u00e0 votre organisation sans but lucratif, passez \u00e0 l\u2019<a href=\"?page_id=3168\">\u00c9tape 2<\/a>.<\/p>\n","protected":false},"excerpt":{"rendered":"<p>Si votre organisation est constitu\u00e9e en organisation sans but lucratif en vertu de la\u00a0<em>Loi sur les personnes morales<\/em> de l\u2019Ontario, la <em>Loi sur les organisations sans but lucratif <\/em>de l\u2019Ontario (LOSBL) s\u2019applique \u00e0 elle.<br \/>\nLa LOSBL ne s\u2019applique pas \u00e0 votre organisation si elle :<\/p>\n<p>est constitu\u00e9e en vertu de la <a href=\"https:\/\/www.ic.gc.ca\/eic\/site\/cd-dgc.nsf\/fra\/h_cs03925.html\" target=\"_blank\" rel=\"noopener noreferrer\"><em>Loi canadienne sur les organisations \u00e0 but non lucratif<\/em><\/a>,<\/p>\n","protected":false},"author":12,"featured_media":2204,"parent":1009,"menu_order":1,"comment_status":"closed","ping_status":"closed","template":"","meta":{"_cbd_carousel_blocks":"[]","footnotes":""},"yoast_head":"<!-- This site is optimized with the Yoast SEO plugin v21.0 - https:\/\/yoast.com\/wordpress\/plugins\/seo\/ -->\n<title>\u00c9tape 1 : Comment savoir si la LOSBL s\u2019applique \u00e0 votre organisation sans but lucratif - Nonprofit Law Ontario<\/title>\n<meta name=\"robots\" content=\"index, follow, max-snippet:-1, max-image-preview:large, max-video-preview:-1\" \/>\n<link rel=\"canonical\" href=\"https:\/\/nonprofitlaw.cleo.on.ca\/fr\/future-loi\/etape-1\/\" \/>\n<meta property=\"og:locale\" content=\"fr_FR\" \/>\n<meta property=\"og:type\" content=\"article\" \/>\n<meta property=\"og:title\" content=\"\u00c9tape 1 : Comment savoir si la LOSBL s\u2019applique \u00e0 votre organisation sans but lucratif - Nonprofit Law Ontario\" \/>\n<meta property=\"og:description\" content=\"Si votre organisation est constitu\u00e9e en organisation sans but lucratif en vertu de la\u00a0Loi sur les personnes morales de l\u2019Ontario, la Loi sur les organisations sans but lucratif de l\u2019Ontario (LOSBL) s\u2019applique \u00e0 elle. La LOSBL ne s\u2019applique pas \u00e0 votre organisation si elle : est constitu\u00e9e en vertu de la Loi canadienne sur les organisations \u00e0 but non lucratif,\" \/>\n<meta property=\"og:url\" content=\"https:\/\/nonprofitlaw.cleo.on.ca\/fr\/future-loi\/etape-1\/\" \/>\n<meta property=\"og:site_name\" content=\"Nonprofit Law Ontario\" \/>\n<meta property=\"article:modified_time\" content=\"2023-10-31T23:01:24+00:00\" \/>\n<meta property=\"og:image\" content=\"https:\/\/nonprofitlaw.cleo.on.ca\/wp-content\/uploads\/2014\/07\/footer-logo-fr.png\" \/>\n\t<meta property=\"og:image:width\" content=\"82\" \/>\n\t<meta property=\"og:image:height\" content=\"83\" \/>\n\t<meta property=\"og:image:type\" content=\"image\/png\" \/>\n<meta name=\"twitter:label1\" content=\"Dur\u00e9e de lecture estim\u00e9e\" \/>\n\t<meta name=\"twitter:data1\" content=\"1 minute\" \/>\n<script type=\"application\/ld+json\" class=\"yoast-schema-graph\">{\"@context\":\"https:\/\/schema.org\",\"@graph\":[{\"@type\":\"WebPage\",\"@id\":\"https:\/\/nonprofitlaw.cleo.on.ca\/fr\/future-loi\/etape-1\/\",\"url\":\"https:\/\/nonprofitlaw.cleo.on.ca\/fr\/future-loi\/etape-1\/\",\"name\":\"\u00c9tape 1 : Comment savoir si la LOSBL s\u2019applique \u00e0 votre organisation sans but lucratif - Nonprofit Law Ontario\",\"isPartOf\":{\"@id\":\"https:\/\/nonprofitlaw.cleo.on.ca\/#website\"},\"datePublished\":\"2014-08-21T14:44:44+00:00\",\"dateModified\":\"2023-10-31T23:01:24+00:00\",\"breadcrumb\":{\"@id\":\"https:\/\/nonprofitlaw.cleo.on.ca\/fr\/future-loi\/etape-1\/#breadcrumb\"},\"inLanguage\":\"fr-FR\",\"potentialAction\":[{\"@type\":\"ReadAction\",\"target\":[\"https:\/\/nonprofitlaw.cleo.on.ca\/fr\/future-loi\/etape-1\/\"]}]},{\"@type\":\"BreadcrumbList\",\"@id\":\"https:\/\/nonprofitlaw.cleo.on.ca\/fr\/future-loi\/etape-1\/#breadcrumb\",\"itemListElement\":[{\"@type\":\"ListItem\",\"position\":1,\"name\":\"Home\",\"item\":\"https:\/\/nonprofitlaw.cleo.on.ca\/fr\/\"},{\"@type\":\"ListItem\",\"position\":2,\"name\":\"Transitioner \u00e0 LOSBL\",\"item\":\"https:\/\/nonprofitlaw.cleo.on.ca\/fr\/future-loi\/\"},{\"@type\":\"ListItem\",\"position\":3,\"name\":\"\u00c9tape 1 : Comment savoir si la LOSBL s\u2019applique \u00e0 votre organisation sans but lucratif\"}]},{\"@type\":\"WebSite\",\"@id\":\"https:\/\/nonprofitlaw.cleo.on.ca\/#website\",\"url\":\"https:\/\/nonprofitlaw.cleo.on.ca\/\",\"name\":\"Nonprofit Law Ontario\",\"description\":\"Rules and tools for organizations\",\"potentialAction\":[{\"@type\":\"SearchAction\",\"target\":{\"@type\":\"EntryPoint\",\"urlTemplate\":\"https:\/\/nonprofitlaw.cleo.on.ca\/?s={search_term_string}\"},\"query-input\":\"required name=search_term_string\"}],\"inLanguage\":\"fr-FR\"}]}<\/script>\n<!-- \/ Yoast SEO plugin. -->","yoast_head_json":{"title":"\u00c9tape 1 : Comment savoir si la LOSBL s\u2019applique \u00e0 votre organisation sans but lucratif - Nonprofit Law Ontario","robots":{"index":"index","follow":"follow","max-snippet":"max-snippet:-1","max-image-preview":"max-image-preview:large","max-video-preview":"max-video-preview:-1"},"canonical":"https:\/\/nonprofitlaw.cleo.on.ca\/fr\/future-loi\/etape-1\/","og_locale":"fr_FR","og_type":"article","og_title":"\u00c9tape 1 : Comment savoir si la LOSBL s\u2019applique \u00e0 votre organisation sans but lucratif - Nonprofit Law Ontario","og_description":"Si votre organisation est constitu\u00e9e en organisation sans but lucratif en vertu de la\u00a0Loi sur les personnes morales de l\u2019Ontario, la Loi sur les organisations sans but lucratif de l\u2019Ontario (LOSBL) s\u2019applique \u00e0 elle. La LOSBL ne s\u2019applique pas \u00e0 votre organisation si elle : est constitu\u00e9e en vertu de la Loi canadienne sur les organisations \u00e0 but non lucratif,","og_url":"https:\/\/nonprofitlaw.cleo.on.ca\/fr\/future-loi\/etape-1\/","og_site_name":"Nonprofit Law Ontario","article_modified_time":"2023-10-31T23:01:24+00:00","og_image":[{"width":82,"height":83,"url":"https:\/\/nonprofitlaw.cleo.on.ca\/wp-content\/uploads\/2014\/07\/footer-logo-fr.png","type":"image\/png"}],"twitter_misc":{"Dur\u00e9e de lecture estim\u00e9e":"1 minute"},"schema":{"@context":"https:\/\/schema.org","@graph":[{"@type":"WebPage","@id":"https:\/\/nonprofitlaw.cleo.on.ca\/fr\/future-loi\/etape-1\/","url":"https:\/\/nonprofitlaw.cleo.on.ca\/fr\/future-loi\/etape-1\/","name":"\u00c9tape 1 : Comment savoir si la LOSBL s\u2019applique \u00e0 votre organisation sans but lucratif - Nonprofit Law Ontario","isPartOf":{"@id":"https:\/\/nonprofitlaw.cleo.on.ca\/#website"},"datePublished":"2014-08-21T14:44:44+00:00","dateModified":"2023-10-31T23:01:24+00:00","breadcrumb":{"@id":"https:\/\/nonprofitlaw.cleo.on.ca\/fr\/future-loi\/etape-1\/#breadcrumb"},"inLanguage":"fr-FR","potentialAction":[{"@type":"ReadAction","target":["https:\/\/nonprofitlaw.cleo.on.ca\/fr\/future-loi\/etape-1\/"]}]},{"@type":"BreadcrumbList","@id":"https:\/\/nonprofitlaw.cleo.on.ca\/fr\/future-loi\/etape-1\/#breadcrumb","itemListElement":[{"@type":"ListItem","position":1,"name":"Home","item":"https:\/\/nonprofitlaw.cleo.on.ca\/fr\/"},{"@type":"ListItem","position":2,"name":"Transitioner \u00e0 LOSBL","item":"https:\/\/nonprofitlaw.cleo.on.ca\/fr\/future-loi\/"},{"@type":"ListItem","position":3,"name":"\u00c9tape 1 : Comment savoir si la LOSBL s\u2019applique \u00e0 votre organisation sans but lucratif"}]},{"@type":"WebSite","@id":"https:\/\/nonprofitlaw.cleo.on.ca\/#website","url":"https:\/\/nonprofitlaw.cleo.on.ca\/","name":"Nonprofit Law Ontario","description":"Rules and tools for organizations","potentialAction":[{"@type":"SearchAction","target":{"@type":"EntryPoint","urlTemplate":"https:\/\/nonprofitlaw.cleo.on.ca\/?s={search_term_string}"},"query-input":"required name=search_term_string"}],"inLanguage":"fr-FR"}]}},"meta_box":{"page_show_banner":"0","page_banner_type":"banner","page_banner_title":"","page_banner_title_color":"","page_banner_description":"","page_banner_image":[],"research_exclude_taxonomies":"","research_filter_form":"","research_results_style":"","research_posts_per_page":"","contact_page_template_layout":"","contact_shortcode":"","contact_address":"","contact_address_details":"","contact_map":{"latitude":"","longitude":"","zoom":""},"remove_map":"","contact_company_name":"","contact_company_phones":[],"contact_company_email":"","contact_textarea":"","contact_other_text_block":"","contact_other_locations_show":"","contact_other_locations_title":"","contact_other_locations_type":"","contact_other_locations":[],"contact_gmaps_zoom_control":"","contact_gmaps_map_type_control":"","contact_gmaps_scaleControl":"","contact_gmaps_streetViewControl":"","contact_gmaps_rotateControl":"","contact_gmaps_fullscreenControl":"","location_gmaps_zoom_control":"","location_gmaps_map_type_control":"","location_gmaps_scaleControl":"","location_gmaps_streetViewControl":"","location_gmaps_rotateControl":"","location_gmaps_fullscreenControl":"","menu_page_links_type":"","menu_page_links":[],"menu_page_links_bottom_content":"","external_links_type":"","external_links":[],"external_sublinks":[],"private_staff_information_blocks":[],"private_staff_links_title":"","private_staff_links":[],"legal_topic_menu":[],"sb_display_type":"","sb_people_block":[]},"_links":{"self":[{"href":"https:\/\/nonprofitlaw.cleo.on.ca\/fr\/wp-json\/wp\/v2\/pages\/1288"}],"collection":[{"href":"https:\/\/nonprofitlaw.cleo.on.ca\/fr\/wp-json\/wp\/v2\/pages"}],"about":[{"href":"https:\/\/nonprofitlaw.cleo.on.ca\/fr\/wp-json\/wp\/v2\/types\/page"}],"author":[{"embeddable":true,"href":"https:\/\/nonprofitlaw.cleo.on.ca\/fr\/wp-json\/wp\/v2\/users\/12"}],"replies":[{"embeddable":true,"href":"https:\/\/nonprofitlaw.cleo.on.ca\/fr\/wp-json\/wp\/v2\/comments?post=1288"}],"version-history":[{"count":18,"href":"https:\/\/nonprofitlaw.cleo.on.ca\/fr\/wp-json\/wp\/v2\/pages\/1288\/revisions"}],"predecessor-version":[{"id":5386,"href":"https:\/\/nonprofitlaw.cleo.on.ca\/fr\/wp-json\/wp\/v2\/pages\/1288\/revisions\/5386"}],"up":[{"embeddable":true,"href":"https:\/\/nonprofitlaw.cleo.on.ca\/fr\/wp-json\/wp\/v2\/pages\/1009"}],"wp:featuredmedia":[{"embeddable":true,"href":"https:\/\/nonprofitlaw.cleo.on.ca\/fr\/wp-json\/wp\/v2\/media\/2204"}],"wp:attachment":[{"href":"https:\/\/nonprofitlaw.cleo.on.ca\/fr\/wp-json\/wp\/v2\/media?parent=1288"}],"curies":[{"name":"wp","href":"https:\/\/api.w.org\/{rel}","templated":true}]}}