{"id":1033,"date":"2014-07-06T09:03:34","date_gmt":"2014-07-06T13:03:34","guid":{"rendered":"http:\/\/cleo-onca.fantomdesign.net\/?page_id=1033"},"modified":"2014-10-15T20:21:30","modified_gmt":"2014-10-16T00:21:30","slug":"assistance-juridique","status":"publish","type":"page","link":"https:\/\/nonprofitlaw.cleo.on.ca\/fr\/assistance-juridique\/","title":{"rendered":"Assistance juridique"},"content":{"rendered":"<p>CLEO a cr\u00e9\u00e9 un <a title=\"https:\/\/nonprofitlaw.cleo.on.ca\/fr\/assistance-juridique\/lawyer-directory\/\" href=\"https:\/\/nonprofitlaw.cleo.on.ca\/fr\/assistance-juridique\/lawyer-directory\/\">r\u00e9pertoire<\/a> d\u2019avocats en Ontario qui ont :<\/p>\n<ul>\n<li>indiqu\u00e9 qu\u2019ils exercent le droit relatif aux organisations sans but lucratif ou aux organismes de bienfaisance;<\/li>\n<li>publi\u00e9 des articles ou donn\u00e9 des pr\u00e9sentations sur\u00a0la LOSBL.<\/li>\n<\/ul>\n<p>CLEO a examin\u00e9 le site Web de chacun des cabinets d\u2019avocats pour s\u2019assurer que leur client\u00e8le comprenait notamment des organisations sans but lucratif ou des organismes de bienfaisance. Avant de publier le r\u00e9pertoire, nous avons aussi demand\u00e9 aux avocats de v\u00e9rifier ou de modifier leur inscription sur la liste. Cependant, CLEO n\u2019a pas \u00e9valu\u00e9\u00a0les avocats inscrits et ne peut recommander un avocat ou une avocate en particulier. Nous avons simplement dress\u00e9 une liste d\u2019options possibles pour faciliter le <a title=\"https:\/\/nonprofitlaw.cleo.on.ca\/fr\/assistance-juridique\/choisir-un-avocat\/\" href=\"https:\/\/nonprofitlaw.cleo.on.ca\/fr\/assistance-juridique\/choisir-un-avocat\/\">choix d\u2019un avocat<\/a>.<\/p>\n<p>Nous invitons d\u2019autres avocats exer\u00e7ant le droit relatif aux organisations sans but lucratif ou aux organismes de bienfaisance et ayant de l\u2019exp\u00e9rience en ce qui a trait \u00e0\u00a0la LOSBL \u00e0 soumettre leur nom en vue de leur inscription \u00e9ventuelle dans le r\u00e9pertoire.<\/p>\n","protected":false},"excerpt":{"rendered":"<p>CLEO a cr\u00e9\u00e9 un <a title=\"https:\/\/nonprofitlaw.cleo.on.ca\/fr\/assistance-juridique\/lawyer-directory\/\" href=\"https:\/\/nonprofitlaw.cleo.on.ca\/fr\/assistance-juridique\/lawyer-directory\/\">r\u00e9pertoire<\/a> d\u2019avocats en Ontario qui ont :<\/p>\n<p>indiqu\u00e9 qu\u2019ils exercent le droit relatif aux organisations sans but lucratif ou aux organismes de bienfaisance;<br \/>\npubli\u00e9 des articles ou donn\u00e9 des pr\u00e9sentations sur\u00a0la LOSBL.<\/p>\n<p>CLEO a examin\u00e9 le site Web de chacun des cabinets d\u2019avocats pour s\u2019assurer que leur client\u00e8le comprenait notamment des organisations sans but lucratif ou des organismes de bienfaisance.<\/p>\n","protected":false},"author":12,"featured_media":0,"parent":0,"menu_order":0,"comment_status":"closed","ping_status":"closed","template":"","meta":{"_cbd_carousel_blocks":"[]","footnotes":""},"yoast_head":"<!-- This site is optimized with the Yoast SEO plugin v21.0 - https:\/\/yoast.com\/wordpress\/plugins\/seo\/ -->\n<title>Assistance juridique - Nonprofit Law Ontario<\/title>\n<meta name=\"robots\" content=\"index, follow, max-snippet:-1, max-image-preview:large, max-video-preview:-1\" \/>\n<link rel=\"canonical\" href=\"https:\/\/nonprofitlaw.cleo.on.ca\/fr\/assistance-juridique\/\" \/>\n<meta property=\"og:locale\" content=\"fr_FR\" \/>\n<meta property=\"og:type\" content=\"article\" \/>\n<meta property=\"og:title\" content=\"Assistance juridique - Nonprofit Law Ontario\" \/>\n<meta property=\"og:description\" content=\"CLEO a cr\u00e9\u00e9 un r\u00e9pertoire d\u2019avocats en Ontario qui ont : indiqu\u00e9 qu\u2019ils exercent le droit relatif aux organisations sans but lucratif ou aux organismes de bienfaisance; publi\u00e9 des articles ou donn\u00e9 des pr\u00e9sentations sur\u00a0la LOSBL. CLEO a examin\u00e9 le site Web de chacun des cabinets d\u2019avocats pour s\u2019assurer que leur client\u00e8le comprenait notamment des organisations sans but lucratif ou des organismes de bienfaisance.\" \/>\n<meta property=\"og:url\" content=\"https:\/\/nonprofitlaw.cleo.on.ca\/fr\/assistance-juridique\/\" \/>\n<meta property=\"og:site_name\" content=\"Nonprofit Law Ontario\" \/>\n<meta property=\"article:modified_time\" content=\"2014-10-16T00:21:30+00:00\" \/>\n<meta name=\"twitter:label1\" content=\"Dur\u00e9e de lecture estim\u00e9e\" \/>\n\t<meta name=\"twitter:data1\" content=\"1 minute\" \/>\n<script type=\"application\/ld+json\" class=\"yoast-schema-graph\">{\"@context\":\"https:\/\/schema.org\",\"@graph\":[{\"@type\":\"WebPage\",\"@id\":\"https:\/\/nonprofitlaw.cleo.on.ca\/fr\/assistance-juridique\/\",\"url\":\"https:\/\/nonprofitlaw.cleo.on.ca\/fr\/assistance-juridique\/\",\"name\":\"Assistance juridique - Nonprofit Law Ontario\",\"isPartOf\":{\"@id\":\"https:\/\/nonprofitlaw.cleo.on.ca\/#website\"},\"datePublished\":\"2014-07-06T13:03:34+00:00\",\"dateModified\":\"2014-10-16T00:21:30+00:00\",\"breadcrumb\":{\"@id\":\"https:\/\/nonprofitlaw.cleo.on.ca\/fr\/assistance-juridique\/#breadcrumb\"},\"inLanguage\":\"fr-FR\",\"potentialAction\":[{\"@type\":\"ReadAction\",\"target\":[\"https:\/\/nonprofitlaw.cleo.on.ca\/fr\/assistance-juridique\/\"]}]},{\"@type\":\"BreadcrumbList\",\"@id\":\"https:\/\/nonprofitlaw.cleo.on.ca\/fr\/assistance-juridique\/#breadcrumb\",\"itemListElement\":[{\"@type\":\"ListItem\",\"position\":1,\"name\":\"Home\",\"item\":\"https:\/\/nonprofitlaw.cleo.on.ca\/fr\/\"},{\"@type\":\"ListItem\",\"position\":2,\"name\":\"Assistance juridique\"}]},{\"@type\":\"WebSite\",\"@id\":\"https:\/\/nonprofitlaw.cleo.on.ca\/#website\",\"url\":\"https:\/\/nonprofitlaw.cleo.on.ca\/\",\"name\":\"Nonprofit Law Ontario\",\"description\":\"Rules and tools for organizations\",\"potentialAction\":[{\"@type\":\"SearchAction\",\"target\":{\"@type\":\"EntryPoint\",\"urlTemplate\":\"https:\/\/nonprofitlaw.cleo.on.ca\/?s={search_term_string}\"},\"query-input\":\"required name=search_term_string\"}],\"inLanguage\":\"fr-FR\"}]}<\/script>\n<!-- \/ Yoast SEO plugin. -->","yoast_head_json":{"title":"Assistance juridique - Nonprofit Law Ontario","robots":{"index":"index","follow":"follow","max-snippet":"max-snippet:-1","max-image-preview":"max-image-preview:large","max-video-preview":"max-video-preview:-1"},"canonical":"https:\/\/nonprofitlaw.cleo.on.ca\/fr\/assistance-juridique\/","og_locale":"fr_FR","og_type":"article","og_title":"Assistance juridique - Nonprofit Law Ontario","og_description":"CLEO a cr\u00e9\u00e9 un r\u00e9pertoire d\u2019avocats en Ontario qui ont : indiqu\u00e9 qu\u2019ils exercent le droit relatif aux organisations sans but lucratif ou aux organismes de bienfaisance; publi\u00e9 des articles ou donn\u00e9 des pr\u00e9sentations sur\u00a0la LOSBL. CLEO a examin\u00e9 le site Web de chacun des cabinets d\u2019avocats pour s\u2019assurer que leur client\u00e8le comprenait notamment des organisations sans but lucratif ou des organismes de bienfaisance.","og_url":"https:\/\/nonprofitlaw.cleo.on.ca\/fr\/assistance-juridique\/","og_site_name":"Nonprofit Law Ontario","article_modified_time":"2014-10-16T00:21:30+00:00","twitter_misc":{"Dur\u00e9e de lecture estim\u00e9e":"1 minute"},"schema":{"@context":"https:\/\/schema.org","@graph":[{"@type":"WebPage","@id":"https:\/\/nonprofitlaw.cleo.on.ca\/fr\/assistance-juridique\/","url":"https:\/\/nonprofitlaw.cleo.on.ca\/fr\/assistance-juridique\/","name":"Assistance juridique - Nonprofit Law Ontario","isPartOf":{"@id":"https:\/\/nonprofitlaw.cleo.on.ca\/#website"},"datePublished":"2014-07-06T13:03:34+00:00","dateModified":"2014-10-16T00:21:30+00:00","breadcrumb":{"@id":"https:\/\/nonprofitlaw.cleo.on.ca\/fr\/assistance-juridique\/#breadcrumb"},"inLanguage":"fr-FR","potentialAction":[{"@type":"ReadAction","target":["https:\/\/nonprofitlaw.cleo.on.ca\/fr\/assistance-juridique\/"]}]},{"@type":"BreadcrumbList","@id":"https:\/\/nonprofitlaw.cleo.on.ca\/fr\/assistance-juridique\/#breadcrumb","itemListElement":[{"@type":"ListItem","position":1,"name":"Home","item":"https:\/\/nonprofitlaw.cleo.on.ca\/fr\/"},{"@type":"ListItem","position":2,"name":"Assistance juridique"}]},{"@type":"WebSite","@id":"https:\/\/nonprofitlaw.cleo.on.ca\/#website","url":"https:\/\/nonprofitlaw.cleo.on.ca\/","name":"Nonprofit Law Ontario","description":"Rules and tools for organizations","potentialAction":[{"@type":"SearchAction","target":{"@type":"EntryPoint","urlTemplate":"https:\/\/nonprofitlaw.cleo.on.ca\/?s={search_term_string}"},"query-input":"required name=search_term_string"}],"inLanguage":"fr-FR"}]}},"meta_box":{"page_show_banner":"","page_banner_type":"","page_banner_title":"","page_banner_title_color":"","page_banner_description":"","page_banner_image":[],"research_exclude_taxonomies":"","research_filter_form":"","research_results_style":"","research_posts_per_page":"","contact_page_template_layout":"","contact_shortcode":"","contact_address":"","contact_address_details":"","contact_map":{"latitude":"","longitude":"","zoom":""},"remove_map":"","contact_company_name":"","contact_company_phones":[],"contact_company_email":"","contact_textarea":"","contact_other_text_block":"","contact_other_locations_show":"","contact_other_locations_title":"","contact_other_locations_type":"","contact_other_locations":[],"contact_gmaps_zoom_control":"","contact_gmaps_map_type_control":"","contact_gmaps_scaleControl":"","contact_gmaps_streetViewControl":"","contact_gmaps_rotateControl":"","contact_gmaps_fullscreenControl":"","location_gmaps_zoom_control":"","location_gmaps_map_type_control":"","location_gmaps_scaleControl":"","location_gmaps_streetViewControl":"","location_gmaps_rotateControl":"","location_gmaps_fullscreenControl":"","menu_page_links_type":"","menu_page_links":[],"menu_page_links_bottom_content":"","external_links_type":"","external_links":[],"external_sublinks":[],"private_staff_information_blocks":[],"private_staff_links_title":"","private_staff_links":[],"legal_topic_menu":[],"sb_display_type":"","sb_people_block":[]},"_links":{"self":[{"href":"https:\/\/nonprofitlaw.cleo.on.ca\/fr\/wp-json\/wp\/v2\/pages\/1033"}],"collection":[{"href":"https:\/\/nonprofitlaw.cleo.on.ca\/fr\/wp-json\/wp\/v2\/pages"}],"about":[{"href":"https:\/\/nonprofitlaw.cleo.on.ca\/fr\/wp-json\/wp\/v2\/types\/page"}],"author":[{"embeddable":true,"href":"https:\/\/nonprofitlaw.cleo.on.ca\/fr\/wp-json\/wp\/v2\/users\/12"}],"replies":[{"embeddable":true,"href":"https:\/\/nonprofitlaw.cleo.on.ca\/fr\/wp-json\/wp\/v2\/comments?post=1033"}],"version-history":[{"count":6,"href":"https:\/\/nonprofitlaw.cleo.on.ca\/fr\/wp-json\/wp\/v2\/pages\/1033\/revisions"}],"predecessor-version":[{"id":1643,"href":"https:\/\/nonprofitlaw.cleo.on.ca\/fr\/wp-json\/wp\/v2\/pages\/1033\/revisions\/1643"}],"wp:attachment":[{"href":"https:\/\/nonprofitlaw.cleo.on.ca\/fr\/wp-json\/wp\/v2\/media?parent=1033"}],"curies":[{"name":"wp","href":"https:\/\/api.w.org\/{rel}","templated":true}]}}