{"id":1009,"date":"2014-07-06T08:50:45","date_gmt":"2014-07-06T12:50:45","guid":{"rendered":"http:\/\/cleo-onca.fantomdesign.net\/?page_id=1009"},"modified":"2023-03-24T10:50:47","modified_gmt":"2023-03-24T14:50:47","slug":"future-loi","status":"publish","type":"page","link":"https:\/\/nonprofitlaw.cleo.on.ca\/fr\/future-loi\/","title":{"rendered":"Transitioner \u00e0 LOSBL"},"content":{"rendered":"\n<p>La <em>Loi sur les organisations sans but lucratif de l\u2019Ontario<\/em> (LOSBL) a remplac\u00e9 la <em>Loi sur les personnes morales de l\u2019Ontario<\/em> en octobre 2021. La pr\u00e9sente section du site web vous aidera \u00e0 savoir :<\/p>\n<ul>\n<li>si la LOSBL s\u2019applique \u00e0 votre organisation sans but lucratif<\/li>\n<li>dans l\u2019affirmative, \u00e0 quel moment vous devez commencer \u00e0 faire des modifications<\/li>\n<li>quelles modifications vous pourriez devoir apporter<\/li>\n<\/ul>\n<p>Bien que les organisations sans but lucratif existantes doivent modifier leurs statuts ou lettres patentes pour se conformer \u00e0 la LOSBL, elles <a href=\"?page_id=3203\">ne sont pas tenues<\/a> d\u2019adopter de nouveaux r\u00e8glements administratifs. Cela dit, il est recommand\u00e9 de mettre \u00e0 jour vos r\u00e8glements administratifs. Si vous ne proc\u00e9dez pas \u00e0 cette mise \u00e0 jour, vos r\u00e8glements administratifs ne refl\u00e9teront pas les r\u00e8gles qui s\u2019appliquent \u00e0 votre organisation sans but lucratif.<\/p>\n<p>Les \u00e9tapes \u00e9num\u00e9r\u00e9es ci-dessous vous aideront \u00e0 vous pr\u00e9parer en vue de la LOSBL en mettant \u00e0 jour vos r\u00e8glements administratifs.<\/p>\n","protected":false},"excerpt":{"rendered":"<p>La <em>Loi sur les organisations sans but lucratif de l\u2019Ontario<\/em> (LOSBL) a remplac\u00e9 la <em>Loi sur les personnes morales de l\u2019Ontario<\/em> en octobre 2021. La pr\u00e9sente section du site web vous aidera \u00e0 savoir :<\/p>\n<p>si la LOSBL s\u2019applique \u00e0 votre organisation sans but lucratif<br \/>\ndans l\u2019affirmative,<\/p>\n","protected":false},"author":12,"featured_media":2204,"parent":0,"menu_order":0,"comment_status":"closed","ping_status":"closed","template":"template-custom-page.php","meta":{"_cbd_carousel_blocks":"[]","footnotes":""},"yoast_head":"<!-- This site is optimized with the Yoast SEO plugin v21.0 - https:\/\/yoast.com\/wordpress\/plugins\/seo\/ -->\n<title>Transitioner \u00e0 LOSBL - Nonprofit Law Ontario<\/title>\n<meta name=\"robots\" content=\"index, follow, max-snippet:-1, max-image-preview:large, max-video-preview:-1\" \/>\n<link rel=\"canonical\" href=\"https:\/\/nonprofitlaw.cleo.on.ca\/fr\/future-loi\/\" \/>\n<meta property=\"og:locale\" content=\"fr_FR\" \/>\n<meta property=\"og:type\" content=\"article\" \/>\n<meta property=\"og:title\" content=\"Transitioner \u00e0 LOSBL - Nonprofit Law Ontario\" \/>\n<meta property=\"og:description\" content=\"La Loi sur les organisations sans but lucratif de l\u2019Ontario (LOSBL) a remplac\u00e9 la Loi sur les personnes morales de l\u2019Ontario en octobre 2021. La pr\u00e9sente section du site web vous aidera \u00e0 savoir : si la LOSBL s\u2019applique \u00e0 votre organisation sans but lucratif dans l\u2019affirmative,\" \/>\n<meta property=\"og:url\" content=\"https:\/\/nonprofitlaw.cleo.on.ca\/fr\/future-loi\/\" \/>\n<meta property=\"og:site_name\" content=\"Nonprofit Law Ontario\" \/>\n<meta property=\"article:modified_time\" content=\"2023-03-24T14:50:47+00:00\" \/>\n<meta property=\"og:image\" content=\"https:\/\/nonprofitlaw.cleo.on.ca\/wp-content\/uploads\/2014\/07\/footer-logo-fr.png\" \/>\n\t<meta property=\"og:image:width\" content=\"82\" \/>\n\t<meta property=\"og:image:height\" content=\"83\" \/>\n\t<meta property=\"og:image:type\" content=\"image\/png\" \/>\n<meta name=\"twitter:label1\" content=\"Dur\u00e9e de lecture estim\u00e9e\" \/>\n\t<meta name=\"twitter:data1\" content=\"1 minute\" \/>\n<script type=\"application\/ld+json\" class=\"yoast-schema-graph\">{\"@context\":\"https:\/\/schema.org\",\"@graph\":[{\"@type\":\"WebPage\",\"@id\":\"https:\/\/nonprofitlaw.cleo.on.ca\/fr\/future-loi\/\",\"url\":\"https:\/\/nonprofitlaw.cleo.on.ca\/fr\/future-loi\/\",\"name\":\"Transitioner \u00e0 LOSBL - Nonprofit Law Ontario\",\"isPartOf\":{\"@id\":\"https:\/\/nonprofitlaw.cleo.on.ca\/#website\"},\"datePublished\":\"2014-07-06T12:50:45+00:00\",\"dateModified\":\"2023-03-24T14:50:47+00:00\",\"breadcrumb\":{\"@id\":\"https:\/\/nonprofitlaw.cleo.on.ca\/fr\/future-loi\/#breadcrumb\"},\"inLanguage\":\"fr-FR\",\"potentialAction\":[{\"@type\":\"ReadAction\",\"target\":[\"https:\/\/nonprofitlaw.cleo.on.ca\/fr\/future-loi\/\"]}]},{\"@type\":\"BreadcrumbList\",\"@id\":\"https:\/\/nonprofitlaw.cleo.on.ca\/fr\/future-loi\/#breadcrumb\",\"itemListElement\":[{\"@type\":\"ListItem\",\"position\":1,\"name\":\"Home\",\"item\":\"https:\/\/nonprofitlaw.cleo.on.ca\/fr\/\"},{\"@type\":\"ListItem\",\"position\":2,\"name\":\"Transitioner \u00e0 LOSBL\"}]},{\"@type\":\"WebSite\",\"@id\":\"https:\/\/nonprofitlaw.cleo.on.ca\/#website\",\"url\":\"https:\/\/nonprofitlaw.cleo.on.ca\/\",\"name\":\"Nonprofit Law Ontario\",\"description\":\"Rules and tools for organizations\",\"potentialAction\":[{\"@type\":\"SearchAction\",\"target\":{\"@type\":\"EntryPoint\",\"urlTemplate\":\"https:\/\/nonprofitlaw.cleo.on.ca\/?s={search_term_string}\"},\"query-input\":\"required name=search_term_string\"}],\"inLanguage\":\"fr-FR\"}]}<\/script>\n<!-- \/ Yoast SEO plugin. -->","yoast_head_json":{"title":"Transitioner \u00e0 LOSBL - Nonprofit Law Ontario","robots":{"index":"index","follow":"follow","max-snippet":"max-snippet:-1","max-image-preview":"max-image-preview:large","max-video-preview":"max-video-preview:-1"},"canonical":"https:\/\/nonprofitlaw.cleo.on.ca\/fr\/future-loi\/","og_locale":"fr_FR","og_type":"article","og_title":"Transitioner \u00e0 LOSBL - Nonprofit Law Ontario","og_description":"La Loi sur les organisations sans but lucratif de l\u2019Ontario (LOSBL) a remplac\u00e9 la Loi sur les personnes morales de l\u2019Ontario en octobre 2021. La pr\u00e9sente section du site web vous aidera \u00e0 savoir : si la LOSBL s\u2019applique \u00e0 votre organisation sans but lucratif dans l\u2019affirmative,","og_url":"https:\/\/nonprofitlaw.cleo.on.ca\/fr\/future-loi\/","og_site_name":"Nonprofit Law Ontario","article_modified_time":"2023-03-24T14:50:47+00:00","og_image":[{"width":82,"height":83,"url":"https:\/\/nonprofitlaw.cleo.on.ca\/wp-content\/uploads\/2014\/07\/footer-logo-fr.png","type":"image\/png"}],"twitter_misc":{"Dur\u00e9e de lecture estim\u00e9e":"1 minute"},"schema":{"@context":"https:\/\/schema.org","@graph":[{"@type":"WebPage","@id":"https:\/\/nonprofitlaw.cleo.on.ca\/fr\/future-loi\/","url":"https:\/\/nonprofitlaw.cleo.on.ca\/fr\/future-loi\/","name":"Transitioner \u00e0 LOSBL - Nonprofit Law Ontario","isPartOf":{"@id":"https:\/\/nonprofitlaw.cleo.on.ca\/#website"},"datePublished":"2014-07-06T12:50:45+00:00","dateModified":"2023-03-24T14:50:47+00:00","breadcrumb":{"@id":"https:\/\/nonprofitlaw.cleo.on.ca\/fr\/future-loi\/#breadcrumb"},"inLanguage":"fr-FR","potentialAction":[{"@type":"ReadAction","target":["https:\/\/nonprofitlaw.cleo.on.ca\/fr\/future-loi\/"]}]},{"@type":"BreadcrumbList","@id":"https:\/\/nonprofitlaw.cleo.on.ca\/fr\/future-loi\/#breadcrumb","itemListElement":[{"@type":"ListItem","position":1,"name":"Home","item":"https:\/\/nonprofitlaw.cleo.on.ca\/fr\/"},{"@type":"ListItem","position":2,"name":"Transitioner \u00e0 LOSBL"}]},{"@type":"WebSite","@id":"https:\/\/nonprofitlaw.cleo.on.ca\/#website","url":"https:\/\/nonprofitlaw.cleo.on.ca\/","name":"Nonprofit Law Ontario","description":"Rules and tools for organizations","potentialAction":[{"@type":"SearchAction","target":{"@type":"EntryPoint","urlTemplate":"https:\/\/nonprofitlaw.cleo.on.ca\/?s={search_term_string}"},"query-input":"required name=search_term_string"}],"inLanguage":"fr-FR"}]}},"meta_box":{"page_show_banner":"0","page_banner_type":"banner","page_banner_title":"","page_banner_title_color":"","page_banner_description":"","page_banner_image":[],"research_exclude_taxonomies":"","research_filter_form":"","research_results_style":"","research_posts_per_page":"","contact_page_template_layout":"","contact_shortcode":"","contact_address":"","contact_address_details":"","contact_map":{"latitude":"","longitude":"","zoom":""},"remove_map":"","contact_company_name":"","contact_company_phones":[],"contact_company_email":"","contact_textarea":"","contact_other_text_block":"","contact_other_locations_show":"","contact_other_locations_title":"","contact_other_locations_type":"","contact_other_locations":[],"contact_gmaps_zoom_control":"","contact_gmaps_map_type_control":"","contact_gmaps_scaleControl":"","contact_gmaps_streetViewControl":"","contact_gmaps_rotateControl":"","contact_gmaps_fullscreenControl":"","location_gmaps_zoom_control":"","location_gmaps_map_type_control":"","location_gmaps_scaleControl":"","location_gmaps_streetViewControl":"","location_gmaps_rotateControl":"","location_gmaps_fullscreenControl":"","menu_page_links_type":"","menu_page_links":[],"menu_page_links_bottom_content":"","external_links_type":"","external_links":[],"external_sublinks":[],"private_staff_information_blocks":[],"private_staff_links_title":"","private_staff_links":[],"legal_topic_menu":[{"legal_topic_menu_id":"143"}],"sb_display_type":"","sb_people_block":[]},"_links":{"self":[{"href":"https:\/\/nonprofitlaw.cleo.on.ca\/fr\/wp-json\/wp\/v2\/pages\/1009"}],"collection":[{"href":"https:\/\/nonprofitlaw.cleo.on.ca\/fr\/wp-json\/wp\/v2\/pages"}],"about":[{"href":"https:\/\/nonprofitlaw.cleo.on.ca\/fr\/wp-json\/wp\/v2\/types\/page"}],"author":[{"embeddable":true,"href":"https:\/\/nonprofitlaw.cleo.on.ca\/fr\/wp-json\/wp\/v2\/users\/12"}],"replies":[{"embeddable":true,"href":"https:\/\/nonprofitlaw.cleo.on.ca\/fr\/wp-json\/wp\/v2\/comments?post=1009"}],"version-history":[{"count":32,"href":"https:\/\/nonprofitlaw.cleo.on.ca\/fr\/wp-json\/wp\/v2\/pages\/1009\/revisions"}],"predecessor-version":[{"id":5047,"href":"https:\/\/nonprofitlaw.cleo.on.ca\/fr\/wp-json\/wp\/v2\/pages\/1009\/revisions\/5047"}],"wp:featuredmedia":[{"embeddable":true,"href":"https:\/\/nonprofitlaw.cleo.on.ca\/fr\/wp-json\/wp\/v2\/media\/2204"}],"wp:attachment":[{"href":"https:\/\/nonprofitlaw.cleo.on.ca\/fr\/wp-json\/wp\/v2\/media?parent=1009"}],"curies":[{"name":"wp","href":"https:\/\/api.w.org\/{rel}","templated":true}]}}